{"id":885,"date":"2026-03-03T07:40:38","date_gmt":"2026-03-03T07:40:38","guid":{"rendered":"https:\/\/www.monteure-auf-zeit.de\/home\/?page_id=885"},"modified":"2026-03-12T08:10:51","modified_gmt":"2026-03-12T08:10:51","slug":"anlagenbau-foerdertechnik","status":"publish","type":"page","link":"https:\/\/www.monteure-auf-zeit.de\/home\/branchen\/anlagenbau-foerdertechnik\/","title":{"rendered":"Anlagenbau &#038; F\u00f6rdertechnik"},"content":{"rendered":"<div id='av_section_1'  class='avia-section av-1qy1ud-f01c4c96babd6cd129a5867fdb1a151c main_color avia-section-default avia-no-border-styling  avia-builder-el-0  el_before_av_section  avia-builder-el-first  avia-bg-style-scroll container_wrap sidebar_right'  ><div class='container av-section-cont-open' ><main  role=\"main\" itemprop=\"mainContentOfPage\"  class='template-page content  av-content-small alpha units'><div class='post-entry post-entry-type-page post-entry-885'><div class='entry-content-wrapper clearfix'>\n<div  class='flex_column av-1k36hx-98bbc57496a0506dc440db80e63fbf51 av_one_full  avia-builder-el-1  el_before_av_one_half  avia-builder-el-first  first flex_column_div  '     ><section  class='av_textblock_section av-mmao4rmn-60bd3c73f3b86c259bd4dfcd4533d1dd '   itemscope=\"itemscope\" itemtype=\"https:\/\/schema.org\/CreativeWork\" ><div class='avia_textblock'  itemprop=\"text\" ><h1>Anlagenbau &amp; F\u00f6rdertechnik \u2013 Montageunterst\u00fctzung f\u00fcr industrielle Projekte<\/h1>\n<p>Der Anlagenbau und die F\u00f6rdertechnik geh\u00f6ren zu den technisch anspruchsvollsten Bereichen industrieller Gro\u00dfprojekte. Produktionsanlagen, F\u00f6rderstrecken, Maschinenrahmen und technische Einhausungen m\u00fcssen pr\u00e4zise montiert und exakt in bestehende Strukturen integriert werden. Ma\u00dfhaltigkeit, Tragf\u00e4higkeit und eine strukturierte Umsetzung sind dabei entscheidend f\u00fcr die sp\u00e4tere Funktionsf\u00e4higkeit der gesamten Anlage.<\/p>\n<p>Unsere erfahrenen Monteure unterst\u00fctzen Unternehmen im Anlagenbau und in der F\u00f6rdertechnik bei der fachgerechten Montage von Stahl- und Metallkonstruktionen, Unterkonstruktionen, Einhausungen sowie begleitenden Bauelementen. Die Arbeiten erfolgen auf Grundlage technischer Zeichnungen und projektspezifischer Vorgaben. Unsere Montageteams sind bundesweit einsetzbar und k\u00f6nnen flexibel in laufende Projekte integriert werden.<\/p>\n<\/div><\/section><\/div><div class='flex_column_table av-1eiqg5-91ae914375274f8ba2e12336011a6a37 sc-av_one_half av-equal-height-column-flextable'><div  class='flex_column av-1eiqg5-91ae914375274f8ba2e12336011a6a37 av_one_half  avia-builder-el-3  el_after_av_one_full  el_before_av_one_half  first flex_column_table_cell av-equal-height-column av-align-middle  column-top-margin'     ><section  class='av_textblock_section av-mmao4zz0-308446a8404f5e3fcbd26358c68b5afa '   itemscope=\"itemscope\" itemtype=\"https:\/\/schema.org\/CreativeWork\" ><div class='avia_textblock'  itemprop=\"text\" ><h2>Montage im F\u00f6rderanlagenbau<\/h2>\n<p>F\u00f6rderanlagen sind zentrale Bestandteile moderner Produktions- und Logistiksysteme. Tragkonstruktionen, Halterungen und unterst\u00fctzende Metallstrukturen m\u00fcssen exakt positioniert werden, damit F\u00f6rderb\u00e4nder, Rollenbahnen oder technische Komponenten pr\u00e4zise ausgerichtet betrieben werden k\u00f6nnen. Bereits geringe Abweichungen k\u00f6nnen sich auf die gesamte F\u00f6rderstrecke auswirken.<\/p>\n<p>Unsere Montageteams unterst\u00fctzen bei der Montage von Tragstrukturen f\u00fcr F\u00f6rderanlagen, bei der Errichtung unterst\u00fctzender Stahl- und Metallkonstruktionen sowie bei der Integration technischer Einhausungen. Die Arbeiten erfolgen strukturiert und unter Ber\u00fccksichtigung projektspezifischer Anforderungen.<\/p>\n<h2><\/h2>\n<\/div><\/section><\/div><div class='av-flex-placeholder'><\/div><div  class='flex_column av-1aoupp-f4e087b025a6a22b28b97cdcfb8a1ebd av_one_half  avia-builder-el-5  el_after_av_one_half  el_before_av_one_full  flex_column_table_cell av-equal-height-column av-align-middle  column-top-margin'     ><style type=\"text\/css\" data-created_by=\"avia_inline_auto\" id=\"style-css-av-11t7rp-6d30f017e08002bb612394c9c60d8288\">\n.avia-image-container.av-11t7rp-6d30f017e08002bb612394c9c60d8288 img.avia_image{\nbox-shadow:none;\n}\n.avia-image-container.av-11t7rp-6d30f017e08002bb612394c9c60d8288 .av-image-caption-overlay-center{\ncolor:#ffffff;\n}\n<\/style>\n<div  class='avia-image-container av-11t7rp-6d30f017e08002bb612394c9c60d8288 av-styling- avia-align-center  avia-builder-el-6  avia-builder-el-no-sibling '   itemprop=\"image\" itemscope=\"itemscope\" itemtype=\"https:\/\/schema.org\/ImageObject\" ><div class=\"avia-image-container-inner\"><div class=\"avia-image-overlay-wrap\"><img decoding=\"async\" fetchpriority=\"high\" class='wp-image-1156 avia-img-lazy-loading-not-1156 avia_image ' src=\"https:\/\/www.monteure-auf-zeit.de\/home\/wp-content\/uploads\/2026\/03\/anlagenbau_foerdertechnik-845x684.png\" alt='Anlagenbau und F\u00f6rdertechnik' title='Industrieanlagen &amp; Produktionsstandorte'  height=\"684\" width=\"845\"  itemprop=\"thumbnailUrl\" srcset=\"https:\/\/www.monteure-auf-zeit.de\/home\/wp-content\/uploads\/2026\/03\/anlagenbau_foerdertechnik-845x684.png 845w, https:\/\/www.monteure-auf-zeit.de\/home\/wp-content\/uploads\/2026\/03\/anlagenbau_foerdertechnik-495x400.png 495w\" sizes=\"(max-width: 845px) 100vw, 845px\" \/><\/div><\/div><\/div><\/div><\/div><!--close column table wrapper. Autoclose: 1 --><div  class='flex_column av-x2nc5-7c0c9b5e957c64e69a964b6b73759952 av_one_full  avia-builder-el-7  el_after_av_one_half  avia-builder-el-last  first flex_column_div  column-top-margin'     ><section  class='av_textblock_section av-mmao5395-17ad3e28d470bcb9dd644dd64d439110 '   itemscope=\"itemscope\" itemtype=\"https:\/\/schema.org\/CreativeWork\" ><div class='avia_textblock'  itemprop=\"text\" ><h2>Produktionslinien und technische Anlagen<\/h2>\n<p>Im Anlagenbau werden Produktionslinien h\u00e4ufig aus mehreren modularen Einheiten zusammengesetzt. Neben Maschinen und technischen Komponenten spielen tragende Konstruktionen, Abtrennungen und Einhausungen eine wichtige Rolle. Eine pr\u00e4zise Montage stellt sicher, dass alle Elemente exakt aufeinander abgestimmt sind und reibungslos zusammenarbeiten.<\/p>\n<p>Unsere erfahrenen Monteure unterst\u00fctzen bei der strukturierten Umsetzung von Montagearbeiten innerhalb von Produktionsbereichen. Dabei erfolgt die enge Abstimmung mit angrenzenden Gewerken und Projektverantwortlichen.<\/p>\n<h2>Einhausungen und Schutzkonstruktionen<\/h2>\n<p>Im Anlagen- und F\u00f6rdertechnikbereich werden h\u00e4ufig Einhausungen eingesetzt, um Maschinenbereiche abzugrenzen, L\u00e4rmemissionen zu reduzieren oder sensible Anlagenkomponenten zu sch\u00fctzen. Diese Konstruktionen m\u00fcssen stabil, ma\u00dfhaltig und funktional in bestehende Strukturen integriert werden.<\/p>\n<p>Unsere Montageteams \u00fcbernehmen die Montage von Tragstrukturen und Bekleidungssystemen f\u00fcr technische Einhausungen und sorgen f\u00fcr eine pr\u00e4zise Umsetzung gem\u00e4\u00df den jeweiligen Projektanforderungen.<\/p>\n<h2>Erweiterungen und Umbauten im Anlagenbestand<\/h2>\n<p>Anlagenbauprojekte umfassen h\u00e4ufig Erweiterungen oder Modernisierungen bestehender Produktionsanlagen. Arbeiten im Bestand erfordern eine strukturierte Planung und eine pr\u00e4zise Umsetzung, da bestehende Anlagenbereiche ber\u00fccksichtigt und laufende Betriebsprozesse oftmals nicht vollst\u00e4ndig unterbrochen werden k\u00f6nnen.<\/p>\n<p>Unsere erfahrenen Monteure arbeiten planorientiert und unterst\u00fctzen bei der Integration neuer Konstruktionen in vorhandene Anlagenstrukturen. Dabei wird besonderer Wert auf saubere Anschlussdetails und eine koordinierte Umsetzung einzelner Bauabschnitte gelegt.<\/p>\n<h2>Montageteams ab zwei erfahrenen Monteuren<\/h2>\n<p>Wir stellen eingespielte Montageteams mit mindestens zwei erfahrenen Monteuren zur Verf\u00fcgung. Je nach Projektumfang und Bauphase k\u00f6nnen entsprechend gr\u00f6\u00dfere Teams eingesetzt werden. Diese Teamstruktur gew\u00e4hrleistet sichere Arbeitsabl\u00e4ufe, eine koordinierte Umsetzung und eine zuverl\u00e4ssige Unterst\u00fctzung auch bei technisch anspruchsvollen Anlagenbauprojekten.<\/p>\n<h2>Ihr Partner im Anlagenbau &amp; in der F\u00f6rdertechnik<\/h2>\n<p>Anlagenbau- und F\u00f6rdertechnikprojekte erfordern Erfahrung, Pr\u00e4zision und eine strukturierte Arbeitsweise. Mit unseren spezialisierten Montageteams unterst\u00fctzen wir Ihr Projekt flexibel und zuverl\u00e4ssig \u2013 von einzelnen Montageabschnitten bis zur umfassenden Unterst\u00fctzung komplexer Industrievorhaben.<\/p>\n<p>Wir stellen qualifizierte und erfahrene Montageteams im gesamten Bundesgebiet zur Verf\u00fcgung.<\/p>\n<\/div><\/section><\/div><\/div><\/div><\/main><!-- close content main element --><\/div><\/div>\n<style type=\"text\/css\" data-created_by=\"avia_inline_auto\" id=\"style-css-av-pzkgt-4a80d1b7c0e2a07d2899bef55c7c8f62\">\n.avia-section.av-pzkgt-4a80d1b7c0e2a07d2899bef55c7c8f62{\nposition:relative;\n}\n.avia-section.av-pzkgt-4a80d1b7c0e2a07d2899bef55c7c8f62 .av-parallax .av-parallax-inner{\nbackground-repeat:no-repeat;\nbackground-image:url(https:\/\/www.monteure-auf-zeit.de\/home\/wp-content\/uploads\/2022\/03\/AdobeStock_43086186.jpeg);\nbackground-position:50% 50%;\nbackground-attachment:scroll;\n}\n.avia-section.av-pzkgt-4a80d1b7c0e2a07d2899bef55c7c8f62 .av-section-color-overlay{\nopacity:0.5;\nbackground-color:#000000;\n}\n.avia-section.av-pzkgt-4a80d1b7c0e2a07d2899bef55c7c8f62 .avia-divider-svg-top svg{\nheight:50px;\nwidth:calc(100% + 1.3px);\nfill:#ffffff;\n}\n<\/style>\n<div id='av_section_2'  class='avia-section av-pzkgt-4a80d1b7c0e2a07d2899bef55c7c8f62 main_color avia-section-default avia-no-border-styling  avia-builder-el-9  el_after_av_section  avia-builder-el-last  avia-full-stretch av-parallax-section avia-bg-style-parallax av-section-color-overlay-active av-minimum-height av-minimum-height-50 av-height-50  container_wrap sidebar_right'  data-section-bg-repeat='stretch' data-av_minimum_height_pc='50' data-av_min_height_opt='50'><div class='avia-divider-svg avia-divider-svg-curve avia-divider-svg-top avia-to-front avia-svg-original'><svg xmlns=\"http:\/\/www.w3.org\/2000\/svg\" viewBox=\"0 0 1000 100\" preserveAspectRatio=\"none\">\n    <path d=\"M1000,4.3V0H0v4.3C0.9,23.1,126.7,99.2,500,100S1000,22.7,1000,4.3z\"\/>\n<\/svg><\/div><div class='av-parallax' data-avia-parallax-ratio='0.3' ><div class='av-parallax-inner main_color avia-full-stretch'><\/div><\/div><div class=\"av-section-color-overlay-wrap\"><div class=\"av-section-color-overlay\"><\/div><div class='container av-section-cont-open' ><div class='template-page content  av-content-small alpha units'><div class='post-entry post-entry-type-page post-entry-885'><div class='entry-content-wrapper clearfix'>\n\n<style type=\"text\/css\" data-created_by=\"avia_inline_auto\" id=\"style-css-av-kau3h-2cbf67be79a7c26933d27c9e159a60e3\">\n.flex_column.av-kau3h-2cbf67be79a7c26933d27c9e159a60e3{\nborder-radius:0px 0px 0px 0px;\npadding:0px 0px 0px 0px;\n}\n<\/style>\n<div  class='flex_column av-kau3h-2cbf67be79a7c26933d27c9e159a60e3 av_one_fifth  avia-builder-el-10  el_before_av_three_fifth  avia-builder-el-first  first flex_column_div av-zero-column-padding  '     ><\/div>\n<style type=\"text\/css\" data-created_by=\"avia_inline_auto\" id=\"style-css-av-fsxe5-0f2cf8228f40e86f0e4bd74fe34cc74c\">\n.flex_column.av-fsxe5-0f2cf8228f40e86f0e4bd74fe34cc74c{\nborder-radius:0px 0px 0px 0px;\npadding:0px 0px 0px 0px;\n}\n<\/style>\n<div  class='flex_column av-fsxe5-0f2cf8228f40e86f0e4bd74fe34cc74c av_three_fifth  avia-builder-el-11  el_after_av_one_fifth  avia-builder-el-last  flex_column_div av-zero-column-padding  '     ><div  class='avia-button-wrap avia-button-center  avia-builder-el-12  avia-builder-el-no-sibling '>\n<style type=\"text\/css\" data-created_by=\"avia_inline_auto\" id=\"style-css-av-733jx-e6ed985511360a6d1df0f47d3913bd66\">\n#top #wrap_all .avia-button.av-733jx-e6ed985511360a6d1df0f47d3913bd66{\ncolor:#ffffff;\ntransition:all 0.4s ease-in-out;\n}\n#top #wrap_all .avia-button.av-733jx-e6ed985511360a6d1df0f47d3913bd66:hover{\ncolor:#ffffff;\ntransition:all 0.4s ease-in-out;\n}\n<\/style>\n<a href='https:\/\/www.monteure-auf-zeit.de\/home\/kontakt\/' class='avia-color-theme-color avia-button avia-button-fullwidth av-733jx-e6ed985511360a6d1df0f47d3913bd66 avia-icon_select-yes-left-icon avia-color-theme-color'   aria-label=\"Hier geht\u2019s zum ersten Kontakt!\"><span class='avia_button_icon avia_button_icon_left' aria-hidden='true' data-av_icon='\ue80b' data-av_iconfont='entypo-fontello'><\/span><span class='avia_iconbox_title' >Hier geht\u2019s zum ersten Kontakt!<\/span><span class='avia_button_background avia-button avia-button-fullwidth avia-color-theme-color-highlight'><\/span><\/a><\/div><\/div>\n<\/div><\/div><\/div><!-- close content main div --><\/div><\/div><\/div><div id='after_section_2'  class='main_color av_default_container_wrap container_wrap sidebar_right'  ><div class='container av-section-cont-open' ><div class='template-page content  av-content-small alpha units'><div class='post-entry post-entry-type-page post-entry-885'><div class='entry-content-wrapper clearfix'><\/p>\n","protected":false},"excerpt":{"rendered":"","protected":false},"author":1,"featured_media":0,"parent":822,"menu_order":0,"comment_status":"closed","ping_status":"closed","template":"","meta":{"footnotes":""},"class_list":["post-885","page","type-page","status-publish","hentry"],"yoast_head":"<!-- This site is optimized with the Yoast SEO plugin v27.1.1 - https:\/\/yoast.com\/product\/yoast-seo-wordpress\/ -->\n<title>Anlagenbau &amp; F\u00f6rdertechnik | Erfahrene Monteure | kurzfristig einsatzbereit<\/title>\n<meta name=\"description\" content=\"Anlagenbau &amp; F\u00f6rdertechnik Montageteams f\u00fcr Metall-, Fassaden- und Paneelbau sowie K\u00fchlraumbau \u2013 \u2713erfahren \u2713pr\u00e4zise \u2713bundesweit kurzfristig einsatzbereit.\" \/>\n<meta name=\"robots\" content=\"index, follow, max-snippet:-1, max-image-preview:large, max-video-preview:-1\" \/>\n<link rel=\"canonical\" href=\"https:\/\/www.monteure-auf-zeit.de\/home\/branchen\/anlagenbau-foerdertechnik\/\" \/>\n<meta property=\"og:locale\" content=\"de_DE\" \/>\n<meta property=\"og:type\" content=\"article\" \/>\n<meta property=\"og:title\" content=\"Anlagenbau &amp; F\u00f6rdertechnik | Erfahrene Monteure | kurzfristig einsatzbereit\" \/>\n<meta property=\"og:description\" content=\"Anlagenbau &amp; F\u00f6rdertechnik Montageteams f\u00fcr Metall-, Fassaden- und Paneelbau sowie K\u00fchlraumbau \u2013 \u2713erfahren \u2713pr\u00e4zise \u2713bundesweit kurzfristig einsatzbereit.\" \/>\n<meta property=\"og:url\" content=\"https:\/\/www.monteure-auf-zeit.de\/home\/branchen\/anlagenbau-foerdertechnik\/\" \/>\n<meta property=\"og:site_name\" content=\"Pientka Monteure auf Zeit\" \/>\n<meta property=\"article:modified_time\" content=\"2026-03-12T08:10:51+00:00\" \/>\n<meta name=\"twitter:card\" content=\"summary_large_image\" \/>\n<meta name=\"twitter:label1\" content=\"Gesch\u00e4tzte Lesezeit\" \/>\n\t<meta name=\"twitter:data1\" content=\"20\u00a0Minuten\" \/>\n<script type=\"application\/ld+json\" class=\"yoast-schema-graph\">{\"@context\":\"https:\/\/schema.org\",\"@graph\":[{\"@type\":\"WebPage\",\"@id\":\"https:\/\/www.monteure-auf-zeit.de\/home\/branchen\/anlagenbau-foerdertechnik\/\",\"url\":\"https:\/\/www.monteure-auf-zeit.de\/home\/branchen\/anlagenbau-foerdertechnik\/\",\"name\":\"Anlagenbau & F\u00f6rdertechnik | Erfahrene Monteure | kurzfristig einsatzbereit\",\"isPartOf\":{\"@id\":\"https:\/\/www.monteure-auf-zeit.de\/home\/#website\"},\"datePublished\":\"2026-03-03T07:40:38+00:00\",\"dateModified\":\"2026-03-12T08:10:51+00:00\",\"description\":\"Anlagenbau & F\u00f6rdertechnik Montageteams f\u00fcr Metall-, Fassaden- und Paneelbau sowie K\u00fchlraumbau \u2013 \u2713erfahren \u2713pr\u00e4zise \u2713bundesweit kurzfristig einsatzbereit.\",\"breadcrumb\":{\"@id\":\"https:\/\/www.monteure-auf-zeit.de\/home\/branchen\/anlagenbau-foerdertechnik\/#breadcrumb\"},\"inLanguage\":\"de\",\"potentialAction\":[{\"@type\":\"ReadAction\",\"target\":[\"https:\/\/www.monteure-auf-zeit.de\/home\/branchen\/anlagenbau-foerdertechnik\/\"]}]},{\"@type\":\"BreadcrumbList\",\"@id\":\"https:\/\/www.monteure-auf-zeit.de\/home\/branchen\/anlagenbau-foerdertechnik\/#breadcrumb\",\"itemListElement\":[{\"@type\":\"ListItem\",\"position\":1,\"name\":\"Start\",\"item\":\"https:\/\/www.monteure-auf-zeit.de\/home\/home\/\"},{\"@type\":\"ListItem\",\"position\":2,\"name\":\"Branchen\",\"item\":\"https:\/\/www.monteure-auf-zeit.de\/home\/branchen\/\"},{\"@type\":\"ListItem\",\"position\":3,\"name\":\"Anlagenbau &#038; F\u00f6rdertechnik\"}]},{\"@type\":\"WebSite\",\"@id\":\"https:\/\/www.monteure-auf-zeit.de\/home\/#website\",\"url\":\"https:\/\/www.monteure-auf-zeit.de\/home\/\",\"name\":\"Pientka Monteure auf Zeit\",\"description\":\"Erfahrene Monteure deutschlandweit kurzfristig einsatzbereit\",\"publisher\":{\"@id\":\"https:\/\/www.monteure-auf-zeit.de\/home\/#organization\"},\"potentialAction\":[{\"@type\":\"SearchAction\",\"target\":{\"@type\":\"EntryPoint\",\"urlTemplate\":\"https:\/\/www.monteure-auf-zeit.de\/home\/?s={search_term_string}\"},\"query-input\":{\"@type\":\"PropertyValueSpecification\",\"valueRequired\":true,\"valueName\":\"search_term_string\"}}],\"inLanguage\":\"de\"},{\"@type\":\"Organization\",\"@id\":\"https:\/\/www.monteure-auf-zeit.de\/home\/#organization\",\"name\":\"Pientka Monteure auf Zeit\",\"url\":\"https:\/\/www.monteure-auf-zeit.de\/home\/\",\"logo\":{\"@type\":\"ImageObject\",\"inLanguage\":\"de\",\"@id\":\"https:\/\/www.monteure-auf-zeit.de\/home\/#\/schema\/logo\/image\/\",\"url\":\"https:\/\/www.monteure-auf-zeit.de\/home\/wp-content\/uploads\/2022\/03\/logo_zeit_abstand.png\",\"contentUrl\":\"https:\/\/www.monteure-auf-zeit.de\/home\/wp-content\/uploads\/2022\/03\/logo_zeit_abstand.png\",\"width\":703,\"height\":674,\"caption\":\"Pientka Monteure auf Zeit\"},\"image\":{\"@id\":\"https:\/\/www.monteure-auf-zeit.de\/home\/#\/schema\/logo\/image\/\"}}]}<\/script>\n<!-- \/ Yoast SEO plugin. -->","yoast_head_json":{"title":"Anlagenbau & F\u00f6rdertechnik | Erfahrene Monteure | kurzfristig einsatzbereit","description":"Anlagenbau & F\u00f6rdertechnik Montageteams f\u00fcr Metall-, Fassaden- und Paneelbau sowie K\u00fchlraumbau \u2013 \u2713erfahren \u2713pr\u00e4zise \u2713bundesweit kurzfristig einsatzbereit.","robots":{"index":"index","follow":"follow","max-snippet":"max-snippet:-1","max-image-preview":"max-image-preview:large","max-video-preview":"max-video-preview:-1"},"canonical":"https:\/\/www.monteure-auf-zeit.de\/home\/branchen\/anlagenbau-foerdertechnik\/","og_locale":"de_DE","og_type":"article","og_title":"Anlagenbau & F\u00f6rdertechnik | Erfahrene Monteure | kurzfristig einsatzbereit","og_description":"Anlagenbau & F\u00f6rdertechnik Montageteams f\u00fcr Metall-, Fassaden- und Paneelbau sowie K\u00fchlraumbau \u2013 \u2713erfahren \u2713pr\u00e4zise \u2713bundesweit kurzfristig einsatzbereit.","og_url":"https:\/\/www.monteure-auf-zeit.de\/home\/branchen\/anlagenbau-foerdertechnik\/","og_site_name":"Pientka Monteure auf Zeit","article_modified_time":"2026-03-12T08:10:51+00:00","twitter_card":"summary_large_image","twitter_misc":{"Gesch\u00e4tzte Lesezeit":"20\u00a0Minuten"},"schema":{"@context":"https:\/\/schema.org","@graph":[{"@type":"WebPage","@id":"https:\/\/www.monteure-auf-zeit.de\/home\/branchen\/anlagenbau-foerdertechnik\/","url":"https:\/\/www.monteure-auf-zeit.de\/home\/branchen\/anlagenbau-foerdertechnik\/","name":"Anlagenbau & F\u00f6rdertechnik | Erfahrene Monteure | kurzfristig einsatzbereit","isPartOf":{"@id":"https:\/\/www.monteure-auf-zeit.de\/home\/#website"},"datePublished":"2026-03-03T07:40:38+00:00","dateModified":"2026-03-12T08:10:51+00:00","description":"Anlagenbau & F\u00f6rdertechnik Montageteams f\u00fcr Metall-, Fassaden- und Paneelbau sowie K\u00fchlraumbau \u2013 \u2713erfahren \u2713pr\u00e4zise \u2713bundesweit kurzfristig einsatzbereit.","breadcrumb":{"@id":"https:\/\/www.monteure-auf-zeit.de\/home\/branchen\/anlagenbau-foerdertechnik\/#breadcrumb"},"inLanguage":"de","potentialAction":[{"@type":"ReadAction","target":["https:\/\/www.monteure-auf-zeit.de\/home\/branchen\/anlagenbau-foerdertechnik\/"]}]},{"@type":"BreadcrumbList","@id":"https:\/\/www.monteure-auf-zeit.de\/home\/branchen\/anlagenbau-foerdertechnik\/#breadcrumb","itemListElement":[{"@type":"ListItem","position":1,"name":"Start","item":"https:\/\/www.monteure-auf-zeit.de\/home\/home\/"},{"@type":"ListItem","position":2,"name":"Branchen","item":"https:\/\/www.monteure-auf-zeit.de\/home\/branchen\/"},{"@type":"ListItem","position":3,"name":"Anlagenbau &#038; F\u00f6rdertechnik"}]},{"@type":"WebSite","@id":"https:\/\/www.monteure-auf-zeit.de\/home\/#website","url":"https:\/\/www.monteure-auf-zeit.de\/home\/","name":"Pientka Monteure auf Zeit","description":"Erfahrene Monteure deutschlandweit kurzfristig einsatzbereit","publisher":{"@id":"https:\/\/www.monteure-auf-zeit.de\/home\/#organization"},"potentialAction":[{"@type":"SearchAction","target":{"@type":"EntryPoint","urlTemplate":"https:\/\/www.monteure-auf-zeit.de\/home\/?s={search_term_string}"},"query-input":{"@type":"PropertyValueSpecification","valueRequired":true,"valueName":"search_term_string"}}],"inLanguage":"de"},{"@type":"Organization","@id":"https:\/\/www.monteure-auf-zeit.de\/home\/#organization","name":"Pientka Monteure auf Zeit","url":"https:\/\/www.monteure-auf-zeit.de\/home\/","logo":{"@type":"ImageObject","inLanguage":"de","@id":"https:\/\/www.monteure-auf-zeit.de\/home\/#\/schema\/logo\/image\/","url":"https:\/\/www.monteure-auf-zeit.de\/home\/wp-content\/uploads\/2022\/03\/logo_zeit_abstand.png","contentUrl":"https:\/\/www.monteure-auf-zeit.de\/home\/wp-content\/uploads\/2022\/03\/logo_zeit_abstand.png","width":703,"height":674,"caption":"Pientka Monteure auf Zeit"},"image":{"@id":"https:\/\/www.monteure-auf-zeit.de\/home\/#\/schema\/logo\/image\/"}}]}},"_links":{"self":[{"href":"https:\/\/www.monteure-auf-zeit.de\/home\/wp-json\/wp\/v2\/pages\/885","targetHints":{"allow":["GET"]}}],"collection":[{"href":"https:\/\/www.monteure-auf-zeit.de\/home\/wp-json\/wp\/v2\/pages"}],"about":[{"href":"https:\/\/www.monteure-auf-zeit.de\/home\/wp-json\/wp\/v2\/types\/page"}],"author":[{"embeddable":true,"href":"https:\/\/www.monteure-auf-zeit.de\/home\/wp-json\/wp\/v2\/users\/1"}],"replies":[{"embeddable":true,"href":"https:\/\/www.monteure-auf-zeit.de\/home\/wp-json\/wp\/v2\/comments?post=885"}],"version-history":[{"count":4,"href":"https:\/\/www.monteure-auf-zeit.de\/home\/wp-json\/wp\/v2\/pages\/885\/revisions"}],"predecessor-version":[{"id":1163,"href":"https:\/\/www.monteure-auf-zeit.de\/home\/wp-json\/wp\/v2\/pages\/885\/revisions\/1163"}],"up":[{"embeddable":true,"href":"https:\/\/www.monteure-auf-zeit.de\/home\/wp-json\/wp\/v2\/pages\/822"}],"wp:attachment":[{"href":"https:\/\/www.monteure-auf-zeit.de\/home\/wp-json\/wp\/v2\/media?parent=885"}],"curies":[{"name":"wp","href":"https:\/\/api.w.org\/{rel}","templated":true}]}}