{"id":810,"date":"2026-03-03T07:27:33","date_gmt":"2026-03-03T07:27:33","guid":{"rendered":"https:\/\/www.monteure-auf-zeit.de\/home\/?page_id=810"},"modified":"2026-03-12T08:22:28","modified_gmt":"2026-03-12T08:22:28","slug":"hallenkonstruktionen","status":"publish","type":"page","link":"https:\/\/www.monteure-auf-zeit.de\/home\/leistungen\/stahlbau-metallbau\/hallenkonstruktionen\/","title":{"rendered":"Hallenkonstruktionen"},"content":{"rendered":"<div id='av_section_1'  class='avia-section av-1otzcy-c2f09a9e38558c265aebe20c760425a6 main_color avia-section-default avia-no-border-styling  avia-builder-el-0  el_before_av_section  avia-builder-el-first  avia-bg-style-scroll container_wrap sidebar_right'  ><div class='container av-section-cont-open' ><main  role=\"main\" itemprop=\"mainContentOfPage\"  class='template-page content  av-content-small alpha units'><div class='post-entry post-entry-type-page post-entry-810'><div class='entry-content-wrapper clearfix'>\n<div  class='flex_column av-1n60eq-cbb9bd81e997f50f5e8a45730e6d2448 av_one_full  avia-builder-el-1  el_before_av_one_full  avia-builder-el-first  first flex_column_div  '     ><section  class='av_textblock_section av-mmannik1-69df140cb5fbc025a4e3b02499fc1dc1 '   itemscope=\"itemscope\" itemtype=\"https:\/\/schema.org\/CreativeWork\" ><div class='avia_textblock'  itemprop=\"text\" ><h1>Montage von Hallenkonstruktionen im Industrie-, Anlagen- und Hallenbau<\/h1>\n<p>Hallenkonstruktionen bilden die tragende Grundlage f\u00fcr Produktionshallen, Lagerhallen, Logistikzentren und technische Industriegeb\u00e4ude. Sie bestehen in der Regel aus komplexen Stahltragwerken mit St\u00fctzen, Bindern, Rahmen- und Aussteifungselementen, die pr\u00e4zise montiert werden m\u00fcssen, um die statische Gesamtfunktion des Bauwerks sicherzustellen. Die fachgerechte Montage ist entscheidend f\u00fcr Ma\u00dfhaltigkeit, Lastabtragung und die sichere Integration nachfolgender Gewerke wie Fassaden-, Dach- und Paneelmontage.<\/p>\n<p>Unsere erfahrenen Monteure unterst\u00fctzen Bauunternehmen, Stahlbauunternehmen und Hallenbauer bei der strukturierten Montage von Hallenkonstruktionen. Die Umsetzung erfolgt auf Grundlage technischer Zeichnungen, Montagepl\u00e4ne und statischer Vorgaben. Jedes Bauteil wird exakt positioniert, ausgerichtet und gem\u00e4\u00df den projektspezifischen Anforderungen verschraubt. Unsere Montageteams sind bundesweit einsetzbar und k\u00f6nnen flexibel in bestehende Bauabl\u00e4ufe integriert werden.<\/p>\n<\/div><\/section><\/div><div class='flex_column_table av-1cap7u-86807abe64c530137d2d5e2f2310f1bc sc-av_one_full av-equal-height-column-flextable'><div  class='flex_column av-1cap7u-86807abe64c530137d2d5e2f2310f1bc av_one_full  avia-builder-el-3  el_after_av_one_full  el_before_av_one_full  first flex_column_table_cell av-equal-height-column av-align-middle  column-top-margin'     ><section  class='av_textblock_section av-mmannn36-f3d8586634cfb9797cd316d6ba218a21 '   itemscope=\"itemscope\" itemtype=\"https:\/\/schema.org\/CreativeWork\" ><div class='avia_textblock'  itemprop=\"text\" ><h2>Montage von St\u00fctzen und Rahmen<\/h2>\n<p>Die Errichtung einer Hallenkonstruktion beginnt mit der pr\u00e4zisen Positionierung der St\u00fctzen und Rahmenkonstruktionen. Diese Bauteile \u00fcbernehmen die vertikale Lastabtragung und m\u00fcssen exakt ausgerichtet werden, um eine sichere Verbindung mit Fundamenten und weiteren Tragwerkselementen zu gew\u00e4hrleisten. Bereits geringf\u00fcgige Abweichungen k\u00f6nnen sich \u00fcber die gesamte Hallenstruktur hinweg auswirken.<\/p>\n<p>Unsere Montageteams \u00fcbernehmen die Ausrichtung und Verschraubung von St\u00fctzen, Rahmen und Haupttr\u00e4gern unter Ber\u00fccksichtigung der vorgegebenen Toleranzen. Dabei wird auf eine spannungsfreie Montage sowie auf die Einhaltung definierter Verbindungsvorgaben geachtet. Eine strukturierte Vorgehensweise gew\u00e4hrleistet einen sicheren und effizienten Baufortschritt.<\/p>\n<h2><\/h2>\n<\/div><\/section><\/div><\/div><!--close column table wrapper. Autoclose: 1 --><div  class='flex_column av-yqc76-ea2994228216bb4cac1615a82e4dc3e6 av_one_full  avia-builder-el-5  el_after_av_one_full  avia-builder-el-last  first flex_column_div  column-top-margin'     ><section  class='av_textblock_section av-mmannqlk-51fe63e867f7ac4f5ece68a3f73c028e '   itemscope=\"itemscope\" itemtype=\"https:\/\/schema.org\/CreativeWork\" ><div class='avia_textblock'  itemprop=\"text\" ><h2>Binder- und Dachtragwerke<\/h2>\n<p>Binder- und Dachtragwerke \u00fcbernehmen die horizontale Lastabtragung und bilden die Grundlage f\u00fcr sp\u00e4tere Dachkonstruktionen. Aufgrund gro\u00dfer Spannweiten und erheblicher Eigengewichte erfordert die Montage dieser Bauteile eine pr\u00e4zise Abstimmung innerhalb des Montageteams sowie den koordinierten Einsatz von Hebetechnik.<\/p>\n<p>Unsere erfahrenen Monteure unterst\u00fctzen bei der Positionierung und Verbindung von Dachbindern und Quertr\u00e4gern. Die Arbeiten erfolgen gem\u00e4\u00df statischer Vorgaben und unter Einhaltung aller sicherheitsrelevanten Anforderungen. Eine exakte Ausrichtung ist entscheidend, um eine stabile Basis f\u00fcr Dachpaneele, Trapezblech oder andere Dachsysteme zu schaffen.<\/p>\n<h2>Aussteifung und Verbindungselemente<\/h2>\n<p>Aussteifungssysteme sorgen f\u00fcr die Stabilit\u00e4t der Hallenkonstruktion und verhindern Verformungen unter Wind- oder Schneelast. Die fachgerechte Montage dieser Elemente ist essenziell f\u00fcr die Gesamtstatik des Bauwerks. Hierbei m\u00fcssen definierte Verbindungspunkte, Schraubsysteme und Anzugswerte eingehalten werden.<\/p>\n<p>Unsere Montageteams arbeiten pr\u00e4zise bei der Umsetzung s\u00e4mtlicher Verbindungselemente und achten auf die exakte Einhaltung der projektspezifischen Vorgaben. Durch die strukturierte Montage wird eine dauerhaft stabile Hallenkonstruktion gew\u00e4hrleistet.<\/p>\n<h2>Hallenkonstruktionen im Anlagen- und Industriebau<\/h2>\n<p>Im Industrie- und Anlagenbau dienen Hallenkonstruktionen nicht nur als Geb\u00e4udeh\u00fclle, sondern h\u00e4ufig auch als Tr\u00e4gerstruktur f\u00fcr technische Anlagen, Kranbahnen oder F\u00f6rdertechniksysteme. Neben der reinen Tragfunktion spielt daher die passgenaue Integration weiterer Bauteile eine wichtige Rolle.<\/p>\n<p>Unsere erfahrenen Monteure unterst\u00fctzen bei der Montage komplexer Hallenstrukturen und sorgen f\u00fcr eine pr\u00e4zise Abstimmung mit angrenzenden Gewerken. Eine strukturierte Umsetzung einzelner Bauabschnitte gew\u00e4hrleistet einen reibungslosen Ablauf auch bei technisch anspruchsvollen Projekten.<\/p>\n<h2>Arbeiten unter industriellen Rahmenbedingungen<\/h2>\n<p>Die Montage von Hallenkonstruktionen erfolgt h\u00e4ufig unter Einsatz von Kr\u00e4nen, Hebeb\u00fchnen und weiterer Montagetechnik. Gleichzeitig m\u00fcssen Arbeiten in gr\u00f6\u00dferen H\u00f6hen sowie unter parallellaufenden Bauabschnitten koordiniert werden. Eine sichere Arbeitsweise und eine klare interne Abstimmung innerhalb des Montageteams sind daher unerl\u00e4sslich.<\/p>\n<p>Unsere erfahrenen Monteure sind mit den Abl\u00e4ufen auf Gro\u00dfbaustellen vertraut und arbeiten planorientiert unter Einhaltung aller geltenden Sicherheits- und Baustellenvorgaben. Durch die koordinierte Umsetzung wird ein effizienter Projektfortschritt sichergestellt.<\/p>\n<h2>Einsatzbereiche f\u00fcr Hallenkonstruktionen<\/h2>\n<p>Unsere Montageteams unterst\u00fctzen Projekte mit Hallenkonstruktionen unter anderem in:<\/p>\n<ul>\n<li>Produktionshallen<\/li>\n<li>Lager- und Logistikhallen<\/li>\n<li>Industrieanlagen<\/li>\n<li>Technik- und Maschinenhallen<\/li>\n<li>Energie- und Kraftwerksgeb\u00e4uden<\/li>\n<\/ul>\n<p>Durch unsere Spezialisierung auf Industrie-, Anlagen- und Hallenbau sind unsere Teams mit gro\u00dfvolumigen Bauprojekten und komplexen Tragwerken vertraut.<\/p>\n<h2>Montageteams ab zwei erfahrenen Monteuren<\/h2>\n<p>Wir stellen eingespielte Montageteams mit mindestens zwei erfahrenen Monteuren zur Verf\u00fcgung. Je nach Projektgr\u00f6\u00dfe, Bauabschnitt und Umfang der Hallenkonstruktion k\u00f6nnen entsprechend gr\u00f6\u00dfere Teams eingesetzt werden. Diese Teamstruktur gew\u00e4hrleistet sichere Arbeitsabl\u00e4ufe, eine koordinierte Umsetzung und eine zuverl\u00e4ssige Montage auch bei technisch anspruchsvollen Projekten.<\/p>\n<h2>Ihr Partner f\u00fcr Hallenkonstruktions-Montage<\/h2>\n<p>Die Montage von Hallenkonstruktionen im Industrie-, Anlagen- und Hallenbau erfordert Pr\u00e4zision, Erfahrung und eine strukturierte Arbeitsweise auf der Baustelle. Mit unseren spezialisierten Montageteams unterst\u00fctzen wir Ihr Projekt von der ersten St\u00fctzenpositionierung bis zur fertig montierten Tragstruktur \u2013 flexibel, zuverl\u00e4ssig und bundesweit einsetzbar.<\/p>\n<p>Wir stellen qualifizierte und erfahrene Montageteams f\u00fcr Hallenkonstruktionen im gesamten Bundesgebiet zur Verf\u00fcgung.<\/p>\n<\/div><\/section><\/div><\/div><\/div><\/main><!-- close content main element --><\/div><\/div>\n<style type=\"text\/css\" data-created_by=\"avia_inline_auto\" id=\"style-css-av-opdlm-76bff051d3b6e72da4a9516c355b9afd\">\n.avia-section.av-opdlm-76bff051d3b6e72da4a9516c355b9afd{\nposition:relative;\n}\n.avia-section.av-opdlm-76bff051d3b6e72da4a9516c355b9afd .av-parallax .av-parallax-inner{\nbackground-repeat:no-repeat;\nbackground-image:url(https:\/\/www.monteure-auf-zeit.de\/home\/wp-content\/uploads\/2022\/03\/AdobeStock_43086186.jpeg);\nbackground-position:50% 50%;\nbackground-attachment:scroll;\n}\n.avia-section.av-opdlm-76bff051d3b6e72da4a9516c355b9afd .av-section-color-overlay{\nopacity:0.5;\nbackground-color:#000000;\n}\n.avia-section.av-opdlm-76bff051d3b6e72da4a9516c355b9afd .avia-divider-svg-top svg{\nheight:50px;\nwidth:calc(100% + 1.3px);\nfill:#ffffff;\n}\n<\/style>\n<div id='av_section_2'  class='avia-section av-opdlm-76bff051d3b6e72da4a9516c355b9afd main_color avia-section-default avia-no-border-styling  avia-builder-el-7  el_after_av_section  avia-builder-el-last  avia-full-stretch av-parallax-section avia-bg-style-parallax av-section-color-overlay-active av-minimum-height av-minimum-height-50 av-height-50  container_wrap sidebar_right'  data-section-bg-repeat='stretch' data-av_minimum_height_pc='50' data-av_min_height_opt='50'><div class='avia-divider-svg avia-divider-svg-curve avia-divider-svg-top avia-to-front avia-svg-original'><svg xmlns=\"http:\/\/www.w3.org\/2000\/svg\" viewBox=\"0 0 1000 100\" preserveAspectRatio=\"none\">\n    <path d=\"M1000,4.3V0H0v4.3C0.9,23.1,126.7,99.2,500,100S1000,22.7,1000,4.3z\"\/>\n<\/svg><\/div><div class='av-parallax' data-avia-parallax-ratio='0.3' ><div class='av-parallax-inner main_color avia-full-stretch'><\/div><\/div><div class=\"av-section-color-overlay-wrap\"><div class=\"av-section-color-overlay\"><\/div><div class='container av-section-cont-open' ><div class='template-page content  av-content-small alpha units'><div class='post-entry post-entry-type-page post-entry-810'><div class='entry-content-wrapper clearfix'>\n\n<style type=\"text\/css\" data-created_by=\"avia_inline_auto\" id=\"style-css-av-lp0d6-61b817908ac8f69ef7395b63551f6191\">\n.flex_column.av-lp0d6-61b817908ac8f69ef7395b63551f6191{\nborder-radius:0px 0px 0px 0px;\npadding:0px 0px 0px 0px;\n}\n<\/style>\n<div  class='flex_column av-lp0d6-61b817908ac8f69ef7395b63551f6191 av_one_fifth  avia-builder-el-8  el_before_av_three_fifth  avia-builder-el-first  first flex_column_div av-zero-column-padding  '     ><\/div>\n<style type=\"text\/css\" data-created_by=\"avia_inline_auto\" id=\"style-css-av-exm0q-a3aeaae6c0961363284f8c7290c99924\">\n.flex_column.av-exm0q-a3aeaae6c0961363284f8c7290c99924{\nborder-radius:0px 0px 0px 0px;\npadding:0px 0px 0px 0px;\n}\n<\/style>\n<div  class='flex_column av-exm0q-a3aeaae6c0961363284f8c7290c99924 av_three_fifth  avia-builder-el-9  el_after_av_one_fifth  avia-builder-el-last  flex_column_div av-zero-column-padding  '     ><div  class='avia-button-wrap avia-button-center  avia-builder-el-10  avia-builder-el-no-sibling '>\n<style type=\"text\/css\" data-created_by=\"avia_inline_auto\" id=\"style-css-av-7pmga-87ea6ee0e209d7b85222aec381a11b58\">\n#top #wrap_all .avia-button.av-7pmga-87ea6ee0e209d7b85222aec381a11b58{\ncolor:#ffffff;\ntransition:all 0.4s ease-in-out;\n}\n#top #wrap_all .avia-button.av-7pmga-87ea6ee0e209d7b85222aec381a11b58:hover{\ncolor:#ffffff;\ntransition:all 0.4s ease-in-out;\n}\n<\/style>\n<a href='https:\/\/www.monteure-auf-zeit.de\/home\/kontakt\/' class='avia-color-theme-color avia-button avia-button-fullwidth av-7pmga-87ea6ee0e209d7b85222aec381a11b58 avia-icon_select-yes-left-icon avia-color-theme-color'   aria-label=\"Hier geht\u2019s zum ersten Kontakt!\"><span class='avia_button_icon avia_button_icon_left' aria-hidden='true' data-av_icon='\ue80b' data-av_iconfont='entypo-fontello'><\/span><span class='avia_iconbox_title' >Hier geht\u2019s zum ersten Kontakt!<\/span><span class='avia_button_background avia-button avia-button-fullwidth avia-color-theme-color-highlight'><\/span><\/a><\/div><\/div>\n<\/div><\/div><\/div><!-- close content main div --><\/div><\/div><\/div><div id='after_section_2'  class='main_color av_default_container_wrap container_wrap sidebar_right'  ><div class='container av-section-cont-open' ><div class='template-page content  av-content-small alpha units'><div class='post-entry post-entry-type-page post-entry-810'><div class='entry-content-wrapper clearfix'><\/p>\n","protected":false},"excerpt":{"rendered":"","protected":false},"author":1,"featured_media":0,"parent":802,"menu_order":0,"comment_status":"closed","ping_status":"closed","template":"","meta":{"footnotes":""},"class_list":["post-810","page","type-page","status-publish","hentry"],"yoast_head":"<!-- This site is optimized with the Yoast SEO plugin v27.1.1 - https:\/\/yoast.com\/product\/yoast-seo-wordpress\/ -->\n<title>Hallenkonstruktionen | Erfahrene Monteure | kurzfristig einsatzbereit<\/title>\n<meta name=\"description\" content=\"Hallenkonstruktionen Montageteams f\u00fcr Metall-, Fassaden- und Paneelbau sowie K\u00fchlraumbau \u2013 \u2713erfahren \u2713pr\u00e4zise \u2713bundesweit kurzfristig einsatzbereit.\" \/>\n<meta name=\"robots\" content=\"index, follow, max-snippet:-1, max-image-preview:large, max-video-preview:-1\" \/>\n<link rel=\"canonical\" href=\"https:\/\/www.monteure-auf-zeit.de\/home\/leistungen\/stahlbau-metallbau\/hallenkonstruktionen\/\" \/>\n<meta property=\"og:locale\" content=\"de_DE\" \/>\n<meta property=\"og:type\" content=\"article\" \/>\n<meta property=\"og:title\" content=\"Hallenkonstruktionen | Erfahrene Monteure | kurzfristig einsatzbereit\" \/>\n<meta property=\"og:description\" content=\"Hallenkonstruktionen Montageteams f\u00fcr Metall-, Fassaden- und Paneelbau sowie K\u00fchlraumbau \u2013 \u2713erfahren \u2713pr\u00e4zise \u2713bundesweit kurzfristig einsatzbereit.\" \/>\n<meta property=\"og:url\" content=\"https:\/\/www.monteure-auf-zeit.de\/home\/leistungen\/stahlbau-metallbau\/hallenkonstruktionen\/\" \/>\n<meta property=\"og:site_name\" content=\"Pientka Monteure auf Zeit\" \/>\n<meta property=\"article:modified_time\" content=\"2026-03-12T08:22:28+00:00\" \/>\n<meta name=\"twitter:card\" content=\"summary_large_image\" \/>\n<meta name=\"twitter:label1\" content=\"Gesch\u00e4tzte Lesezeit\" \/>\n\t<meta name=\"twitter:data1\" content=\"17\u00a0Minuten\" \/>\n<script type=\"application\/ld+json\" class=\"yoast-schema-graph\">{\"@context\":\"https:\/\/schema.org\",\"@graph\":[{\"@type\":\"WebPage\",\"@id\":\"https:\/\/www.monteure-auf-zeit.de\/home\/leistungen\/stahlbau-metallbau\/hallenkonstruktionen\/\",\"url\":\"https:\/\/www.monteure-auf-zeit.de\/home\/leistungen\/stahlbau-metallbau\/hallenkonstruktionen\/\",\"name\":\"Hallenkonstruktionen | Erfahrene Monteure | kurzfristig einsatzbereit\",\"isPartOf\":{\"@id\":\"https:\/\/www.monteure-auf-zeit.de\/home\/#website\"},\"datePublished\":\"2026-03-03T07:27:33+00:00\",\"dateModified\":\"2026-03-12T08:22:28+00:00\",\"description\":\"Hallenkonstruktionen Montageteams f\u00fcr Metall-, Fassaden- und Paneelbau sowie K\u00fchlraumbau \u2013 \u2713erfahren \u2713pr\u00e4zise \u2713bundesweit kurzfristig einsatzbereit.\",\"breadcrumb\":{\"@id\":\"https:\/\/www.monteure-auf-zeit.de\/home\/leistungen\/stahlbau-metallbau\/hallenkonstruktionen\/#breadcrumb\"},\"inLanguage\":\"de\",\"potentialAction\":[{\"@type\":\"ReadAction\",\"target\":[\"https:\/\/www.monteure-auf-zeit.de\/home\/leistungen\/stahlbau-metallbau\/hallenkonstruktionen\/\"]}]},{\"@type\":\"BreadcrumbList\",\"@id\":\"https:\/\/www.monteure-auf-zeit.de\/home\/leistungen\/stahlbau-metallbau\/hallenkonstruktionen\/#breadcrumb\",\"itemListElement\":[{\"@type\":\"ListItem\",\"position\":1,\"name\":\"Start\",\"item\":\"https:\/\/www.monteure-auf-zeit.de\/home\/home\/\"},{\"@type\":\"ListItem\",\"position\":2,\"name\":\"Leistungen\",\"item\":\"https:\/\/www.monteure-auf-zeit.de\/home\/leistungen\/\"},{\"@type\":\"ListItem\",\"position\":3,\"name\":\"Stahlbau &#038; Metallbau (Montage)\",\"item\":\"https:\/\/www.monteure-auf-zeit.de\/home\/leistungen\/stahlbau-metallbau\/\"},{\"@type\":\"ListItem\",\"position\":4,\"name\":\"Hallenkonstruktionen\"}]},{\"@type\":\"WebSite\",\"@id\":\"https:\/\/www.monteure-auf-zeit.de\/home\/#website\",\"url\":\"https:\/\/www.monteure-auf-zeit.de\/home\/\",\"name\":\"Pientka Monteure auf Zeit\",\"description\":\"Erfahrene Monteure deutschlandweit kurzfristig einsatzbereit\",\"publisher\":{\"@id\":\"https:\/\/www.monteure-auf-zeit.de\/home\/#organization\"},\"potentialAction\":[{\"@type\":\"SearchAction\",\"target\":{\"@type\":\"EntryPoint\",\"urlTemplate\":\"https:\/\/www.monteure-auf-zeit.de\/home\/?s={search_term_string}\"},\"query-input\":{\"@type\":\"PropertyValueSpecification\",\"valueRequired\":true,\"valueName\":\"search_term_string\"}}],\"inLanguage\":\"de\"},{\"@type\":\"Organization\",\"@id\":\"https:\/\/www.monteure-auf-zeit.de\/home\/#organization\",\"name\":\"Pientka Monteure auf Zeit\",\"url\":\"https:\/\/www.monteure-auf-zeit.de\/home\/\",\"logo\":{\"@type\":\"ImageObject\",\"inLanguage\":\"de\",\"@id\":\"https:\/\/www.monteure-auf-zeit.de\/home\/#\/schema\/logo\/image\/\",\"url\":\"https:\/\/www.monteure-auf-zeit.de\/home\/wp-content\/uploads\/2022\/03\/logo_zeit_abstand.png\",\"contentUrl\":\"https:\/\/www.monteure-auf-zeit.de\/home\/wp-content\/uploads\/2022\/03\/logo_zeit_abstand.png\",\"width\":703,\"height\":674,\"caption\":\"Pientka Monteure auf Zeit\"},\"image\":{\"@id\":\"https:\/\/www.monteure-auf-zeit.de\/home\/#\/schema\/logo\/image\/\"}}]}<\/script>\n<!-- \/ Yoast SEO plugin. -->","yoast_head_json":{"title":"Hallenkonstruktionen | Erfahrene Monteure | kurzfristig einsatzbereit","description":"Hallenkonstruktionen Montageteams f\u00fcr Metall-, Fassaden- und Paneelbau sowie K\u00fchlraumbau \u2013 \u2713erfahren \u2713pr\u00e4zise \u2713bundesweit kurzfristig einsatzbereit.","robots":{"index":"index","follow":"follow","max-snippet":"max-snippet:-1","max-image-preview":"max-image-preview:large","max-video-preview":"max-video-preview:-1"},"canonical":"https:\/\/www.monteure-auf-zeit.de\/home\/leistungen\/stahlbau-metallbau\/hallenkonstruktionen\/","og_locale":"de_DE","og_type":"article","og_title":"Hallenkonstruktionen | Erfahrene Monteure | kurzfristig einsatzbereit","og_description":"Hallenkonstruktionen Montageteams f\u00fcr Metall-, Fassaden- und Paneelbau sowie K\u00fchlraumbau \u2013 \u2713erfahren \u2713pr\u00e4zise \u2713bundesweit kurzfristig einsatzbereit.","og_url":"https:\/\/www.monteure-auf-zeit.de\/home\/leistungen\/stahlbau-metallbau\/hallenkonstruktionen\/","og_site_name":"Pientka Monteure auf Zeit","article_modified_time":"2026-03-12T08:22:28+00:00","twitter_card":"summary_large_image","twitter_misc":{"Gesch\u00e4tzte Lesezeit":"17\u00a0Minuten"},"schema":{"@context":"https:\/\/schema.org","@graph":[{"@type":"WebPage","@id":"https:\/\/www.monteure-auf-zeit.de\/home\/leistungen\/stahlbau-metallbau\/hallenkonstruktionen\/","url":"https:\/\/www.monteure-auf-zeit.de\/home\/leistungen\/stahlbau-metallbau\/hallenkonstruktionen\/","name":"Hallenkonstruktionen | Erfahrene Monteure | kurzfristig einsatzbereit","isPartOf":{"@id":"https:\/\/www.monteure-auf-zeit.de\/home\/#website"},"datePublished":"2026-03-03T07:27:33+00:00","dateModified":"2026-03-12T08:22:28+00:00","description":"Hallenkonstruktionen Montageteams f\u00fcr Metall-, Fassaden- und Paneelbau sowie K\u00fchlraumbau \u2013 \u2713erfahren \u2713pr\u00e4zise \u2713bundesweit kurzfristig einsatzbereit.","breadcrumb":{"@id":"https:\/\/www.monteure-auf-zeit.de\/home\/leistungen\/stahlbau-metallbau\/hallenkonstruktionen\/#breadcrumb"},"inLanguage":"de","potentialAction":[{"@type":"ReadAction","target":["https:\/\/www.monteure-auf-zeit.de\/home\/leistungen\/stahlbau-metallbau\/hallenkonstruktionen\/"]}]},{"@type":"BreadcrumbList","@id":"https:\/\/www.monteure-auf-zeit.de\/home\/leistungen\/stahlbau-metallbau\/hallenkonstruktionen\/#breadcrumb","itemListElement":[{"@type":"ListItem","position":1,"name":"Start","item":"https:\/\/www.monteure-auf-zeit.de\/home\/home\/"},{"@type":"ListItem","position":2,"name":"Leistungen","item":"https:\/\/www.monteure-auf-zeit.de\/home\/leistungen\/"},{"@type":"ListItem","position":3,"name":"Stahlbau &#038; Metallbau (Montage)","item":"https:\/\/www.monteure-auf-zeit.de\/home\/leistungen\/stahlbau-metallbau\/"},{"@type":"ListItem","position":4,"name":"Hallenkonstruktionen"}]},{"@type":"WebSite","@id":"https:\/\/www.monteure-auf-zeit.de\/home\/#website","url":"https:\/\/www.monteure-auf-zeit.de\/home\/","name":"Pientka Monteure auf Zeit","description":"Erfahrene Monteure deutschlandweit kurzfristig einsatzbereit","publisher":{"@id":"https:\/\/www.monteure-auf-zeit.de\/home\/#organization"},"potentialAction":[{"@type":"SearchAction","target":{"@type":"EntryPoint","urlTemplate":"https:\/\/www.monteure-auf-zeit.de\/home\/?s={search_term_string}"},"query-input":{"@type":"PropertyValueSpecification","valueRequired":true,"valueName":"search_term_string"}}],"inLanguage":"de"},{"@type":"Organization","@id":"https:\/\/www.monteure-auf-zeit.de\/home\/#organization","name":"Pientka Monteure auf Zeit","url":"https:\/\/www.monteure-auf-zeit.de\/home\/","logo":{"@type":"ImageObject","inLanguage":"de","@id":"https:\/\/www.monteure-auf-zeit.de\/home\/#\/schema\/logo\/image\/","url":"https:\/\/www.monteure-auf-zeit.de\/home\/wp-content\/uploads\/2022\/03\/logo_zeit_abstand.png","contentUrl":"https:\/\/www.monteure-auf-zeit.de\/home\/wp-content\/uploads\/2022\/03\/logo_zeit_abstand.png","width":703,"height":674,"caption":"Pientka Monteure auf Zeit"},"image":{"@id":"https:\/\/www.monteure-auf-zeit.de\/home\/#\/schema\/logo\/image\/"}}]}},"_links":{"self":[{"href":"https:\/\/www.monteure-auf-zeit.de\/home\/wp-json\/wp\/v2\/pages\/810","targetHints":{"allow":["GET"]}}],"collection":[{"href":"https:\/\/www.monteure-auf-zeit.de\/home\/wp-json\/wp\/v2\/pages"}],"about":[{"href":"https:\/\/www.monteure-auf-zeit.de\/home\/wp-json\/wp\/v2\/types\/page"}],"author":[{"embeddable":true,"href":"https:\/\/www.monteure-auf-zeit.de\/home\/wp-json\/wp\/v2\/users\/1"}],"replies":[{"embeddable":true,"href":"https:\/\/www.monteure-auf-zeit.de\/home\/wp-json\/wp\/v2\/comments?post=810"}],"version-history":[{"count":3,"href":"https:\/\/www.monteure-auf-zeit.de\/home\/wp-json\/wp\/v2\/pages\/810\/revisions"}],"predecessor-version":[{"id":1193,"href":"https:\/\/www.monteure-auf-zeit.de\/home\/wp-json\/wp\/v2\/pages\/810\/revisions\/1193"}],"up":[{"embeddable":true,"href":"https:\/\/www.monteure-auf-zeit.de\/home\/wp-json\/wp\/v2\/pages\/802"}],"wp:attachment":[{"href":"https:\/\/www.monteure-auf-zeit.de\/home\/wp-json\/wp\/v2\/media?parent=810"}],"curies":[{"name":"wp","href":"https:\/\/api.w.org\/{rel}","templated":true}]}}