{"id":802,"date":"2026-03-03T07:26:30","date_gmt":"2026-03-03T07:26:30","guid":{"rendered":"https:\/\/www.monteure-auf-zeit.de\/home\/?page_id=802"},"modified":"2026-03-12T07:53:54","modified_gmt":"2026-03-12T07:53:54","slug":"stahlbau-metallbau","status":"publish","type":"page","link":"https:\/\/www.monteure-auf-zeit.de\/home\/leistungen\/stahlbau-metallbau\/","title":{"rendered":"Stahlbau &#038; Metallbau (Montage)"},"content":{"rendered":"<div id='av_section_1'  class='avia-section av-1qyo5m-d8925caff0eb2637f4a52fce65a61d14 main_color avia-section-default avia-no-border-styling  avia-builder-el-0  el_before_av_section  avia-builder-el-first  avia-bg-style-scroll container_wrap sidebar_right'  ><div class='container av-section-cont-open' ><main  role=\"main\" itemprop=\"mainContentOfPage\"  class='template-page content  av-content-small alpha units'><div class='post-entry post-entry-type-page post-entry-802'><div class='entry-content-wrapper clearfix'>\n<div  class='flex_column av-1lwj22-7e139b2fa67e94d02f2416d7c3a7f0e3 av_one_full  avia-builder-el-1  el_before_av_one_half  avia-builder-el-first  first flex_column_div  '     ><section  class='av_textblock_section av-mmanfnwc-5a641ee958c1577f4db5a5b2f5ab09d1 '   itemscope=\"itemscope\" itemtype=\"https:\/\/schema.org\/CreativeWork\" ><div class='avia_textblock'  itemprop=\"text\" ><h1>Stahlbau &amp; Metallbau (Montage) im Industrie- und Hallenbau<\/h1>\n<p>Stahl- und Metallkonstruktionen bilden die tragende Grundlage vieler Industrie- und Hallenprojekte. Ob Hallentragwerke, Unterkonstruktionen f\u00fcr Fassadensysteme oder Einhausungen technischer Anlagen \u2013 die fachgerechte Montage von Stahl- und Metallbauelementen ist entscheidend f\u00fcr Stabilit\u00e4t, Passgenauigkeit und langfristige Funktionsf\u00e4higkeit.<\/p>\n<p>Unsere erfahrenen Monteure unterst\u00fctzen Bauunternehmen, Stahlbauunternehmen und Metallbauer bei der pr\u00e4zisen Montage von Stahl- und Metallkonstruktionen im Industrie-, Anlagen- und Hallenbau. Die Arbeiten erfolgen strukturiert nach technischen Zeichnungen, Montagepl\u00e4nen und statischen Vorgaben. Bundesweit einsetzbar und bei Bedarf auch kurzfristig verf\u00fcgbar.<\/p>\n<\/div><\/section><\/div><div class='flex_column_table av-1cqvru-717057fbfeeeff953dfd51cc7eeaf1be sc-av_one_half av-equal-height-column-flextable'><div  class='flex_column av-1cqvru-717057fbfeeeff953dfd51cc7eeaf1be av_one_half  avia-builder-el-3  el_after_av_one_full  el_before_av_one_half  first flex_column_table_cell av-equal-height-column av-align-middle  column-top-margin'     ><section  class='av_textblock_section av-mmanfsph-3c0fa23276f580a685dabc52898f87b1 '   itemscope=\"itemscope\" itemtype=\"https:\/\/schema.org\/CreativeWork\" ><div class='avia_textblock'  itemprop=\"text\" ><h2>Montage von Stahlkonstruktionen<\/h2>\n<p>Im Industrie- und Hallenbau kommen Stahlkonstruktionen in unterschiedlichsten Bereichen zum Einsatz \u2013 von Hallentragwerken \u00fcber B\u00fchnenkonstruktionen bis hin zu Einhausungen technischer Anlagen. Die exakte Positionierung und Verschraubung der einzelnen Bauteile ist entscheidend f\u00fcr die sichere Lastabtragung und Ma\u00dfhaltigkeit der gesamten Konstruktion.<\/p>\n<p>Unsere Montageteams \u00fcbernehmen unter anderem:<\/p>\n<ul>\n<li>Montage von Stahltragwerken<\/li>\n<li>Errichtung von Hallenkonstruktionen<\/li>\n<li>Montage von Stahlrahmen und St\u00fctzen<\/li>\n<li>Einbau von Stahlb\u00fchnen und Podestkonstruktionen<\/li>\n<li>Verschraubungs- und Anpassungsarbeiten vor Ort<\/li>\n<\/ul>\n<p>Die Arbeiten erfolgen unter Ber\u00fccksichtigung statischer Anforderungen sowie unter Einhaltung aller geltenden Sicherheits- und Baustellenvorgaben.<\/p>\n<h2><\/h2>\n<\/div><\/section><\/div><div class='av-flex-placeholder'><\/div><div  class='flex_column av-17n5kq-9fb4579cb0d282b5b9f6d10e2a77202b av_one_half  avia-builder-el-5  el_after_av_one_half  el_before_av_one_full  flex_column_table_cell av-equal-height-column av-align-middle  column-top-margin'     ><style type=\"text\/css\" data-created_by=\"avia_inline_auto\" id=\"style-css-av-12pcca-433c9b7f7164142e4880398486f94d5c\">\n.avia-image-container.av-12pcca-433c9b7f7164142e4880398486f94d5c img.avia_image{\nbox-shadow:none;\n}\n.avia-image-container.av-12pcca-433c9b7f7164142e4880398486f94d5c .av-image-caption-overlay-center{\ncolor:#ffffff;\n}\n<\/style>\n<div  class='avia-image-container av-12pcca-433c9b7f7164142e4880398486f94d5c av-styling- avia-align-center  avia-builder-el-6  avia-builder-el-no-sibling '   itemprop=\"image\" itemscope=\"itemscope\" itemtype=\"https:\/\/schema.org\/ImageObject\" ><div class=\"avia-image-container-inner\"><div class=\"avia-image-overlay-wrap\"><img decoding=\"async\" fetchpriority=\"high\" class='wp-image-1148 avia-img-lazy-loading-not-1148 avia_image ' src=\"https:\/\/www.monteure-auf-zeit.de\/home\/wp-content\/uploads\/2026\/03\/stahlbau_metallbau-845x684.png\" alt='Stahlbau &amp; Metallbau (Montage)' title='Stahlbau &amp; Metallbau (Montage)'  height=\"684\" width=\"845\"  itemprop=\"thumbnailUrl\" srcset=\"https:\/\/www.monteure-auf-zeit.de\/home\/wp-content\/uploads\/2026\/03\/stahlbau_metallbau-845x684.png 845w, https:\/\/www.monteure-auf-zeit.de\/home\/wp-content\/uploads\/2026\/03\/stahlbau_metallbau-495x400.png 495w\" sizes=\"(max-width: 845px) 100vw, 845px\" \/><\/div><\/div><\/div><\/div><\/div><!--close column table wrapper. Autoclose: 1 --><div  class='flex_column av-x9csa-bb3ce71c593d6c4b99d85f343aad96f0 av_one_full  avia-builder-el-7  el_after_av_one_half  avia-builder-el-last  first flex_column_div  column-top-margin'     ><section  class='av_textblock_section av-mmanfvmf-370141e7605a774d9d51ab737bd29b29 '   itemscope=\"itemscope\" itemtype=\"https:\/\/schema.org\/CreativeWork\" ><div class='avia_textblock'  itemprop=\"text\" ><h2>Montage von Metallkonstruktionen<\/h2>\n<p>Metallkonstruktionen werden im Industrie- und Anlagenbau vielseitig eingesetzt \u2013 beispielsweise als Unterkonstruktionen f\u00fcr Fassaden- und Paneelsysteme, als Tr\u00e4ger f\u00fcr technische Installationen oder als Schutz- und Einhausungssysteme. Eine pr\u00e4zise Ausrichtung ist entscheidend, um sp\u00e4tere Montageabschnitte reibungslos durchf\u00fchren zu k\u00f6nnen.<\/p>\n<p>Unsere erfahrenen Monteure unterst\u00fctzen bei:<\/p>\n<ul>\n<li>Montage von Metallunterkonstruktionen<\/li>\n<li>Befestigung von Tragprofilen und Montageschienen<\/li>\n<li>Errichtung von Einhausungen technischer Anlagen<\/li>\n<li>Montage von Gel\u00e4ndern und Absturzsicherungen<\/li>\n<li>Anpassungsarbeiten im Bestand<\/li>\n<\/ul>\n<p>Eine spannungsfreie Montage sowie die Einhaltung definierter Toleranzen sind dabei wesentliche Bestandteile einer fachgerechten Umsetzung.<\/p>\n<h2>Stahl- und Metallbau im Anlagenbau<\/h2>\n<p>Im Anlagen- und F\u00f6rdertechnikbereich werden Stahl- und Metallkonstruktionen h\u00e4ufig zur Aufnahme von Maschinen, F\u00f6rderanlagen oder technischen Installationen eingesetzt. Neben der Tragf\u00e4higkeit spielt die pr\u00e4zise Abstimmung mit angrenzenden Gewerken eine zentrale Rolle.<\/p>\n<p>Unsere Montageteams arbeiten planorientiert und unterst\u00fctzen bei der strukturierten Umsetzung von Bauabschnitten innerhalb komplexer Industrieanlagen.<\/p>\n<h2>Arbeiten unter industriellen Rahmenbedingungen<\/h2>\n<p>Die Montage von Stahl- und Metallkonstruktionen erfolgt h\u00e4ufig in gro\u00dfen H\u00f6hen oder unter Einsatz von Kr\u00e4nen und Hebetechnik. Unsere erfahrenen Monteure sind mit diesen Rahmenbedingungen vertraut und arbeiten sicher sowie strukturiert unter Einhaltung aller geltenden Sicherheitsvorgaben.<\/p>\n<p>Eine klare interne Abstimmung innerhalb des Montageteams gew\u00e4hrleistet effiziente Abl\u00e4ufe und eine zuverl\u00e4ssige Umsetzung \u2013 insbesondere bei gro\u00dfvolumigen Industrieprojekten.<\/p>\n<h2>Montageteams ab zwei erfahrenen Monteuren<\/h2>\n<p>Wir stellen eingespielte Montageteams mit mindestens zwei erfahrenen Monteuren zur Verf\u00fcgung. Je nach Projektgr\u00f6\u00dfe und Umfang der Konstruktionen k\u00f6nnen entsprechend gr\u00f6\u00dfere Teams eingesetzt werden.<\/p>\n<p>Diese Teamstruktur sorgt f\u00fcr sichere Arbeitsabl\u00e4ufe, eine koordinierte Umsetzung und eine pr\u00e4zise Montage auch bei technisch anspruchsvollen Stahl- und Metallbauprojekten.<\/p>\n<h2>Ihr Partner f\u00fcr Stahlbau- und Metallbaumontage<\/h2>\n<p>Die Montage von Stahl- und Metallkonstruktionen im Industrie-, Anlagen- und Hallenbau erfordert Pr\u00e4zision, Erfahrung und eine strukturierte Arbeitsweise auf der Baustelle. Mit unseren spezialisierten Montageteams unterst\u00fctzen wir Ihr Projekt von der ersten Bauteilpositionierung bis zur fertig montierten Konstruktion \u2013 flexibel und bundesweit einsetzbar.<\/p>\n<p>Wir stellen qualifizierte und erfahrene Montageteams f\u00fcr Stahlbau- und Metallbaumontage im gesamten Bundesgebiet zur Verf\u00fcgung.<\/p>\n<\/div><\/section><\/div><\/div><\/div><\/main><!-- close content main element --><\/div><\/div>\n<style type=\"text\/css\" data-created_by=\"avia_inline_auto\" id=\"style-css-av-tnokq-1aab29537b49d661e99d61d6cf9a7bbf\">\n.avia-section.av-tnokq-1aab29537b49d661e99d61d6cf9a7bbf{\nposition:relative;\n}\n.avia-section.av-tnokq-1aab29537b49d661e99d61d6cf9a7bbf .av-parallax .av-parallax-inner{\nbackground-repeat:no-repeat;\nbackground-image:url(https:\/\/www.monteure-auf-zeit.de\/home\/wp-content\/uploads\/2022\/03\/AdobeStock_43086186.jpeg);\nbackground-position:50% 50%;\nbackground-attachment:scroll;\n}\n.avia-section.av-tnokq-1aab29537b49d661e99d61d6cf9a7bbf .av-section-color-overlay{\nopacity:0.5;\nbackground-color:#000000;\n}\n.avia-section.av-tnokq-1aab29537b49d661e99d61d6cf9a7bbf .avia-divider-svg-top svg{\nheight:50px;\nwidth:calc(100% + 1.3px);\nfill:#ffffff;\n}\n<\/style>\n<div id='av_section_2'  class='avia-section av-tnokq-1aab29537b49d661e99d61d6cf9a7bbf main_color avia-section-default avia-no-border-styling  avia-builder-el-9  el_after_av_section  avia-builder-el-last  avia-full-stretch av-parallax-section avia-bg-style-parallax av-section-color-overlay-active av-minimum-height av-minimum-height-50 av-height-50  container_wrap sidebar_right'  data-section-bg-repeat='stretch' data-av_minimum_height_pc='50' data-av_min_height_opt='50'><div class='avia-divider-svg avia-divider-svg-curve avia-divider-svg-top avia-to-front avia-svg-original'><svg xmlns=\"http:\/\/www.w3.org\/2000\/svg\" viewBox=\"0 0 1000 100\" preserveAspectRatio=\"none\">\n    <path d=\"M1000,4.3V0H0v4.3C0.9,23.1,126.7,99.2,500,100S1000,22.7,1000,4.3z\"\/>\n<\/svg><\/div><div class='av-parallax' data-avia-parallax-ratio='0.3' ><div class='av-parallax-inner main_color avia-full-stretch'><\/div><\/div><div class=\"av-section-color-overlay-wrap\"><div class=\"av-section-color-overlay\"><\/div><div class='container av-section-cont-open' ><div class='template-page content  av-content-small alpha units'><div class='post-entry post-entry-type-page post-entry-802'><div class='entry-content-wrapper clearfix'>\n\n<style type=\"text\/css\" data-created_by=\"avia_inline_auto\" id=\"style-css-av-jttdm-e0cfdd41fc11301e137386263ee4b71e\">\n.flex_column.av-jttdm-e0cfdd41fc11301e137386263ee4b71e{\nborder-radius:0px 0px 0px 0px;\npadding:0px 0px 0px 0px;\n}\n<\/style>\n<div  class='flex_column av-jttdm-e0cfdd41fc11301e137386263ee4b71e av_one_fifth  avia-builder-el-10  el_before_av_three_fifth  avia-builder-el-first  first flex_column_div av-zero-column-padding  '     ><\/div>\n<style type=\"text\/css\" data-created_by=\"avia_inline_auto\" id=\"style-css-av-gjjnu-b894636542cf375b3213ce2374b1bf29\">\n.flex_column.av-gjjnu-b894636542cf375b3213ce2374b1bf29{\nborder-radius:0px 0px 0px 0px;\npadding:0px 0px 0px 0px;\n}\n<\/style>\n<div  class='flex_column av-gjjnu-b894636542cf375b3213ce2374b1bf29 av_three_fifth  avia-builder-el-11  el_after_av_one_fifth  avia-builder-el-last  flex_column_div av-zero-column-padding  '     ><div  class='avia-button-wrap avia-button-center  avia-builder-el-12  avia-builder-el-no-sibling '>\n<style type=\"text\/css\" data-created_by=\"avia_inline_auto\" id=\"style-css-av-8hyia-db5d8049328b8fa5eac0915a4b6c8e55\">\n#top #wrap_all .avia-button.av-8hyia-db5d8049328b8fa5eac0915a4b6c8e55{\ncolor:#ffffff;\ntransition:all 0.4s ease-in-out;\n}\n#top #wrap_all .avia-button.av-8hyia-db5d8049328b8fa5eac0915a4b6c8e55:hover{\ncolor:#ffffff;\ntransition:all 0.4s ease-in-out;\n}\n<\/style>\n<a href='https:\/\/www.monteure-auf-zeit.de\/home\/kontakt\/' class='avia-color-theme-color avia-button avia-button-fullwidth av-8hyia-db5d8049328b8fa5eac0915a4b6c8e55 avia-icon_select-yes-left-icon avia-color-theme-color'   aria-label=\"Hier geht\u2019s zum ersten Kontakt!\"><span class='avia_button_icon avia_button_icon_left' aria-hidden='true' data-av_icon='\ue80b' data-av_iconfont='entypo-fontello'><\/span><span class='avia_iconbox_title' >Hier geht\u2019s zum ersten Kontakt!<\/span><span class='avia_button_background avia-button avia-button-fullwidth avia-color-theme-color-highlight'><\/span><\/a><\/div><\/div>\n<\/div><\/div><\/div><!-- close content main div --><\/div><\/div><\/div><div id='after_section_2'  class='main_color av_default_container_wrap container_wrap sidebar_right'  ><div class='container av-section-cont-open' ><div class='template-page content  av-content-small alpha units'><div class='post-entry post-entry-type-page post-entry-802'><div class='entry-content-wrapper clearfix'><\/p>\n","protected":false},"excerpt":{"rendered":"","protected":false},"author":1,"featured_media":0,"parent":569,"menu_order":0,"comment_status":"closed","ping_status":"closed","template":"","meta":{"footnotes":""},"class_list":["post-802","page","type-page","status-publish","hentry"],"yoast_head":"<!-- This site is optimized with the Yoast SEO plugin v27.1.1 - https:\/\/yoast.com\/product\/yoast-seo-wordpress\/ -->\n<title>Stahlbau &amp; Metallbau (Montage) | Erfahrene Monteure | kurzfristig einsatzbereit<\/title>\n<meta name=\"description\" content=\"Stahlbau &amp; Metallbau (Montage) Montageteams f\u00fcr Metall-, Fassaden- und Paneelbau sowie K\u00fchlraumbau \u2013 \u2713erfahren \u2713pr\u00e4zise \u2713bundesweit kurzfristig einsatzbereit.\" \/>\n<meta name=\"robots\" content=\"index, follow, max-snippet:-1, max-image-preview:large, max-video-preview:-1\" \/>\n<link rel=\"canonical\" href=\"https:\/\/www.monteure-auf-zeit.de\/home\/leistungen\/stahlbau-metallbau\/\" \/>\n<meta property=\"og:locale\" content=\"de_DE\" \/>\n<meta property=\"og:type\" content=\"article\" \/>\n<meta property=\"og:title\" content=\"Stahlbau &amp; Metallbau (Montage) | Erfahrene Monteure | kurzfristig einsatzbereit\" \/>\n<meta property=\"og:description\" content=\"Stahlbau &amp; Metallbau (Montage) Montageteams f\u00fcr Metall-, Fassaden- und Paneelbau sowie K\u00fchlraumbau \u2013 \u2713erfahren \u2713pr\u00e4zise \u2713bundesweit kurzfristig einsatzbereit.\" \/>\n<meta property=\"og:url\" content=\"https:\/\/www.monteure-auf-zeit.de\/home\/leistungen\/stahlbau-metallbau\/\" \/>\n<meta property=\"og:site_name\" content=\"Pientka Monteure auf Zeit\" \/>\n<meta property=\"article:modified_time\" content=\"2026-03-12T07:53:54+00:00\" \/>\n<meta name=\"twitter:card\" content=\"summary_large_image\" \/>\n<meta name=\"twitter:label1\" content=\"Gesch\u00e4tzte Lesezeit\" \/>\n\t<meta name=\"twitter:data1\" content=\"20\u00a0Minuten\" \/>\n<script type=\"application\/ld+json\" class=\"yoast-schema-graph\">{\"@context\":\"https:\/\/schema.org\",\"@graph\":[{\"@type\":\"WebPage\",\"@id\":\"https:\/\/www.monteure-auf-zeit.de\/home\/leistungen\/stahlbau-metallbau\/\",\"url\":\"https:\/\/www.monteure-auf-zeit.de\/home\/leistungen\/stahlbau-metallbau\/\",\"name\":\"Stahlbau & Metallbau (Montage) | Erfahrene Monteure | kurzfristig einsatzbereit\",\"isPartOf\":{\"@id\":\"https:\/\/www.monteure-auf-zeit.de\/home\/#website\"},\"datePublished\":\"2026-03-03T07:26:30+00:00\",\"dateModified\":\"2026-03-12T07:53:54+00:00\",\"description\":\"Stahlbau & Metallbau (Montage) Montageteams f\u00fcr Metall-, Fassaden- und Paneelbau sowie K\u00fchlraumbau \u2013 \u2713erfahren \u2713pr\u00e4zise \u2713bundesweit kurzfristig einsatzbereit.\",\"breadcrumb\":{\"@id\":\"https:\/\/www.monteure-auf-zeit.de\/home\/leistungen\/stahlbau-metallbau\/#breadcrumb\"},\"inLanguage\":\"de\",\"potentialAction\":[{\"@type\":\"ReadAction\",\"target\":[\"https:\/\/www.monteure-auf-zeit.de\/home\/leistungen\/stahlbau-metallbau\/\"]}]},{\"@type\":\"BreadcrumbList\",\"@id\":\"https:\/\/www.monteure-auf-zeit.de\/home\/leistungen\/stahlbau-metallbau\/#breadcrumb\",\"itemListElement\":[{\"@type\":\"ListItem\",\"position\":1,\"name\":\"Start\",\"item\":\"https:\/\/www.monteure-auf-zeit.de\/home\/home\/\"},{\"@type\":\"ListItem\",\"position\":2,\"name\":\"Leistungen\",\"item\":\"https:\/\/www.monteure-auf-zeit.de\/home\/leistungen\/\"},{\"@type\":\"ListItem\",\"position\":3,\"name\":\"Stahlbau &#038; Metallbau (Montage)\"}]},{\"@type\":\"WebSite\",\"@id\":\"https:\/\/www.monteure-auf-zeit.de\/home\/#website\",\"url\":\"https:\/\/www.monteure-auf-zeit.de\/home\/\",\"name\":\"Pientka Monteure auf Zeit\",\"description\":\"Erfahrene Monteure deutschlandweit kurzfristig einsatzbereit\",\"publisher\":{\"@id\":\"https:\/\/www.monteure-auf-zeit.de\/home\/#organization\"},\"potentialAction\":[{\"@type\":\"SearchAction\",\"target\":{\"@type\":\"EntryPoint\",\"urlTemplate\":\"https:\/\/www.monteure-auf-zeit.de\/home\/?s={search_term_string}\"},\"query-input\":{\"@type\":\"PropertyValueSpecification\",\"valueRequired\":true,\"valueName\":\"search_term_string\"}}],\"inLanguage\":\"de\"},{\"@type\":\"Organization\",\"@id\":\"https:\/\/www.monteure-auf-zeit.de\/home\/#organization\",\"name\":\"Pientka Monteure auf Zeit\",\"url\":\"https:\/\/www.monteure-auf-zeit.de\/home\/\",\"logo\":{\"@type\":\"ImageObject\",\"inLanguage\":\"de\",\"@id\":\"https:\/\/www.monteure-auf-zeit.de\/home\/#\/schema\/logo\/image\/\",\"url\":\"https:\/\/www.monteure-auf-zeit.de\/home\/wp-content\/uploads\/2022\/03\/logo_zeit_abstand.png\",\"contentUrl\":\"https:\/\/www.monteure-auf-zeit.de\/home\/wp-content\/uploads\/2022\/03\/logo_zeit_abstand.png\",\"width\":703,\"height\":674,\"caption\":\"Pientka Monteure auf Zeit\"},\"image\":{\"@id\":\"https:\/\/www.monteure-auf-zeit.de\/home\/#\/schema\/logo\/image\/\"}}]}<\/script>\n<!-- \/ Yoast SEO plugin. -->","yoast_head_json":{"title":"Stahlbau & Metallbau (Montage) | Erfahrene Monteure | kurzfristig einsatzbereit","description":"Stahlbau & Metallbau (Montage) Montageteams f\u00fcr Metall-, Fassaden- und Paneelbau sowie K\u00fchlraumbau \u2013 \u2713erfahren \u2713pr\u00e4zise \u2713bundesweit kurzfristig einsatzbereit.","robots":{"index":"index","follow":"follow","max-snippet":"max-snippet:-1","max-image-preview":"max-image-preview:large","max-video-preview":"max-video-preview:-1"},"canonical":"https:\/\/www.monteure-auf-zeit.de\/home\/leistungen\/stahlbau-metallbau\/","og_locale":"de_DE","og_type":"article","og_title":"Stahlbau & Metallbau (Montage) | Erfahrene Monteure | kurzfristig einsatzbereit","og_description":"Stahlbau & Metallbau (Montage) Montageteams f\u00fcr Metall-, Fassaden- und Paneelbau sowie K\u00fchlraumbau \u2013 \u2713erfahren \u2713pr\u00e4zise \u2713bundesweit kurzfristig einsatzbereit.","og_url":"https:\/\/www.monteure-auf-zeit.de\/home\/leistungen\/stahlbau-metallbau\/","og_site_name":"Pientka Monteure auf Zeit","article_modified_time":"2026-03-12T07:53:54+00:00","twitter_card":"summary_large_image","twitter_misc":{"Gesch\u00e4tzte Lesezeit":"20\u00a0Minuten"},"schema":{"@context":"https:\/\/schema.org","@graph":[{"@type":"WebPage","@id":"https:\/\/www.monteure-auf-zeit.de\/home\/leistungen\/stahlbau-metallbau\/","url":"https:\/\/www.monteure-auf-zeit.de\/home\/leistungen\/stahlbau-metallbau\/","name":"Stahlbau & Metallbau (Montage) | Erfahrene Monteure | kurzfristig einsatzbereit","isPartOf":{"@id":"https:\/\/www.monteure-auf-zeit.de\/home\/#website"},"datePublished":"2026-03-03T07:26:30+00:00","dateModified":"2026-03-12T07:53:54+00:00","description":"Stahlbau & Metallbau (Montage) Montageteams f\u00fcr Metall-, Fassaden- und Paneelbau sowie K\u00fchlraumbau \u2013 \u2713erfahren \u2713pr\u00e4zise \u2713bundesweit kurzfristig einsatzbereit.","breadcrumb":{"@id":"https:\/\/www.monteure-auf-zeit.de\/home\/leistungen\/stahlbau-metallbau\/#breadcrumb"},"inLanguage":"de","potentialAction":[{"@type":"ReadAction","target":["https:\/\/www.monteure-auf-zeit.de\/home\/leistungen\/stahlbau-metallbau\/"]}]},{"@type":"BreadcrumbList","@id":"https:\/\/www.monteure-auf-zeit.de\/home\/leistungen\/stahlbau-metallbau\/#breadcrumb","itemListElement":[{"@type":"ListItem","position":1,"name":"Start","item":"https:\/\/www.monteure-auf-zeit.de\/home\/home\/"},{"@type":"ListItem","position":2,"name":"Leistungen","item":"https:\/\/www.monteure-auf-zeit.de\/home\/leistungen\/"},{"@type":"ListItem","position":3,"name":"Stahlbau &#038; Metallbau (Montage)"}]},{"@type":"WebSite","@id":"https:\/\/www.monteure-auf-zeit.de\/home\/#website","url":"https:\/\/www.monteure-auf-zeit.de\/home\/","name":"Pientka Monteure auf Zeit","description":"Erfahrene Monteure deutschlandweit kurzfristig einsatzbereit","publisher":{"@id":"https:\/\/www.monteure-auf-zeit.de\/home\/#organization"},"potentialAction":[{"@type":"SearchAction","target":{"@type":"EntryPoint","urlTemplate":"https:\/\/www.monteure-auf-zeit.de\/home\/?s={search_term_string}"},"query-input":{"@type":"PropertyValueSpecification","valueRequired":true,"valueName":"search_term_string"}}],"inLanguage":"de"},{"@type":"Organization","@id":"https:\/\/www.monteure-auf-zeit.de\/home\/#organization","name":"Pientka Monteure auf Zeit","url":"https:\/\/www.monteure-auf-zeit.de\/home\/","logo":{"@type":"ImageObject","inLanguage":"de","@id":"https:\/\/www.monteure-auf-zeit.de\/home\/#\/schema\/logo\/image\/","url":"https:\/\/www.monteure-auf-zeit.de\/home\/wp-content\/uploads\/2022\/03\/logo_zeit_abstand.png","contentUrl":"https:\/\/www.monteure-auf-zeit.de\/home\/wp-content\/uploads\/2022\/03\/logo_zeit_abstand.png","width":703,"height":674,"caption":"Pientka Monteure auf Zeit"},"image":{"@id":"https:\/\/www.monteure-auf-zeit.de\/home\/#\/schema\/logo\/image\/"}}]}},"_links":{"self":[{"href":"https:\/\/www.monteure-auf-zeit.de\/home\/wp-json\/wp\/v2\/pages\/802","targetHints":{"allow":["GET"]}}],"collection":[{"href":"https:\/\/www.monteure-auf-zeit.de\/home\/wp-json\/wp\/v2\/pages"}],"about":[{"href":"https:\/\/www.monteure-auf-zeit.de\/home\/wp-json\/wp\/v2\/types\/page"}],"author":[{"embeddable":true,"href":"https:\/\/www.monteure-auf-zeit.de\/home\/wp-json\/wp\/v2\/users\/1"}],"replies":[{"embeddable":true,"href":"https:\/\/www.monteure-auf-zeit.de\/home\/wp-json\/wp\/v2\/comments?post=802"}],"version-history":[{"count":5,"href":"https:\/\/www.monteure-auf-zeit.de\/home\/wp-json\/wp\/v2\/pages\/802\/revisions"}],"predecessor-version":[{"id":1154,"href":"https:\/\/www.monteure-auf-zeit.de\/home\/wp-json\/wp\/v2\/pages\/802\/revisions\/1154"}],"up":[{"embeddable":true,"href":"https:\/\/www.monteure-auf-zeit.de\/home\/wp-json\/wp\/v2\/pages\/569"}],"wp:attachment":[{"href":"https:\/\/www.monteure-auf-zeit.de\/home\/wp-json\/wp\/v2\/media?parent=802"}],"curies":[{"name":"wp","href":"https:\/\/api.w.org\/{rel}","templated":true}]}}