{"id":798,"date":"2026-03-03T07:25:51","date_gmt":"2026-03-03T07:25:51","guid":{"rendered":"https:\/\/www.monteure-auf-zeit.de\/home\/?page_id=798"},"modified":"2026-03-12T08:21:34","modified_gmt":"2026-03-12T08:21:34","slug":"hygienepaneele","status":"publish","type":"page","link":"https:\/\/www.monteure-auf-zeit.de\/home\/leistungen\/kuehlraumpaneele-isolierbau\/hygienepaneele\/","title":{"rendered":"Hygienepaneele"},"content":{"rendered":"<div id='av_section_1'  class='avia-section av-1sfdj2-551a7bbe380ce8da28b49f1cdd2b65c9 main_color avia-section-default avia-no-border-styling  avia-builder-el-0  el_before_av_section  avia-builder-el-first  avia-bg-style-scroll container_wrap sidebar_right'  ><div class='container av-section-cont-open' ><main  role=\"main\" itemprop=\"mainContentOfPage\"  class='template-page content  av-content-small alpha units'><div class='post-entry post-entry-type-page post-entry-798'><div class='entry-content-wrapper clearfix'>\n<div  class='flex_column av-1jxfn2-d8ebcb908091cda6e95c284f348d6a43 av_one_full  avia-builder-el-1  el_before_av_one_full  avia-builder-el-first  first flex_column_div  '     ><section  class='av_textblock_section av-mmanbebn-95bf02b21b945cea5da1f79956470f7f '   itemscope=\"itemscope\" itemtype=\"https:\/\/schema.org\/CreativeWork\" ><div class='avia_textblock'  itemprop=\"text\" ><h1>Montage von Hygienepaneelen im Industrie- und Hallenbau<\/h1>\n<p>Hygienepaneele werden im Industrie- und Hallenbau eingesetzt, wenn erh\u00f6hte Anforderungen an Sauberkeit, Reinigungsf\u00e4higkeit und Oberfl\u00e4chenbeschaffenheit gestellt werden. Sie kommen insbesondere in der Lebensmittelproduktion, Pharmaindustrie, Medizintechnik sowie in sensiblen Produktions- und Verpackungsbereichen zum Einsatz. Die fachgerechte Montage ist entscheidend, um dauerhaft hygienische und kontrollierte Umgebungen sicherzustellen.<\/p>\n<p>Unsere erfahrenen Monteure unterst\u00fctzen Bauunternehmen, Isolierbauunternehmen und Hallenbauer bei der pr\u00e4zisen Montage von Hygienepaneelen. Die Arbeiten erfolgen strukturiert nach technischen Zeichnungen, Hygienekonzepten und projektspezifischen Anforderungen. Bundesweit einsetzbar und bei Bedarf auch kurzfristig verf\u00fcgbar.<\/p>\n<\/div><\/section><\/div><div class='flex_column_table av-1e2pzq-4d4fb0973ec9956132dc3ed8973fc4f2 sc-av_one_full av-equal-height-column-flextable'><div  class='flex_column av-1e2pzq-4d4fb0973ec9956132dc3ed8973fc4f2 av_one_full  avia-builder-el-3  el_after_av_one_full  el_before_av_one_full  first flex_column_table_cell av-equal-height-column av-align-middle  column-top-margin'     ><section  class='av_textblock_section av-mmanbixi-83ebfaafd1f7551bf52ca641f62fbc27 '   itemscope=\"itemscope\" itemtype=\"https:\/\/schema.org\/CreativeWork\" ><div class='avia_textblock'  itemprop=\"text\" ><h2>Besondere Anforderungen an Hygienepaneele<\/h2>\n<p>Hygienepaneele verf\u00fcgen \u00fcber speziell beschichtete, glatte Oberfl\u00e4chen, die leicht zu reinigen und widerstandsf\u00e4hig gegen\u00fcber Feuchtigkeit sowie Reinigungsmitteln sind. Fugen, \u00dcberg\u00e4nge und Anschl\u00fcsse m\u00fcssen so ausgef\u00fchrt werden, dass keine Schmutz- oder Feuchtigkeitsnester entstehen k\u00f6nnen. Eine pr\u00e4zise Montage ist daher unverzichtbar.<\/p>\n<p>Unsere Montageteams \u00fcbernehmen unter anderem:<\/p>\n<ul>\n<li>Montage von Hygiene-Wandpaneelen<\/li>\n<li>Montage von Hygiene-Deckenpaneelen<\/li>\n<li>Ausbildung sauberer und dichter Fugen<\/li>\n<li>Integration von T\u00fcren, Sichtfenstern und Durchreichen<\/li>\n<li>Umsetzung hygienischer Anschlussdetails<\/li>\n<\/ul>\n<p>Die exakte Ausrichtung der Paneele gew\u00e4hrleistet eine dauerhaft funktionsf\u00e4hige und reinigungsf\u00e4hige Oberfl\u00e4che.<\/p>\n<h2><\/h2>\n<\/div><\/section><\/div><\/div><!--close column table wrapper. Autoclose: 1 --><div  class='flex_column av-xmvny-b80637624c2f570d7572edd182695a98 av_one_full  avia-builder-el-5  el_after_av_one_full  avia-builder-el-last  first flex_column_div  column-top-margin'     ><section  class='av_textblock_section av-mmanbm2w-77305ba4894eabf0bd6133fceb3db6fb '   itemscope=\"itemscope\" itemtype=\"https:\/\/schema.org\/CreativeWork\" ><div class='avia_textblock'  itemprop=\"text\" ><h2>Hygienebereiche in Industrieanlagen<\/h2>\n<p>In Produktionsst\u00e4tten mit erh\u00f6hten Hygienestandards m\u00fcssen einzelne Bereiche klar voneinander getrennt werden. Hygienepaneele dienen dabei als thermisch und funktional getrennte Raumbegrenzung innerhalb bestehender Hallenstrukturen. Neben der Oberfl\u00e4chenqualit\u00e4t spielt auch die luftdichte Ausf\u00fchrung eine wichtige Rolle.<\/p>\n<p>Unsere erfahrenen Monteure arbeiten sorgf\u00e4ltig bei der Ausbildung aller \u00dcberg\u00e4nge und sorgen f\u00fcr eine saubere Integration technischer Installationen wie L\u00fcftungs- oder Medienf\u00fchrungen.<\/p>\n<h2>Einsatzbereiche f\u00fcr Hygienepaneele<\/h2>\n<p>Unsere Montageteams unterst\u00fctzen Projekte in:<\/p>\n<ul>\n<li>Lebensmittelproduktionsst\u00e4tten<\/li>\n<li>Pharma-Produktionsanlagen<\/li>\n<li>Verpackungs- und Abf\u00fcllbereichen<\/li>\n<li>Medizintechnischen Fertigungsst\u00e4tten<\/li>\n<li>Hygienebereichen innerhalb von Industrieanlagen<\/li>\n<\/ul>\n<p>Durch unsere Spezialisierung auf Industrie- und Hallenbau sind unsere Teams mit gro\u00dffl\u00e4chigen Montageprojekten sowie strukturierten Bauabl\u00e4ufen vertraut.<\/p>\n<h2>Montage unter erh\u00f6hten Hygieneanforderungen<\/h2>\n<p>Die Installation von Hygienepaneelen erfolgt h\u00e4ufig unter definierten Sauberkeitsvorgaben. Teilweise werden Montagearbeiten in Bauphasen durchgef\u00fchrt, in denen bereits bestimmte hygienische Standards eingehalten werden m\u00fcssen.<\/p>\n<p>Unsere erfahrenen Monteure arbeiten planorientiert und unter Einhaltung aller geltenden Sicherheits- und Baustellenvorgaben. Eine klare interne Abstimmung innerhalb des Montageteams gew\u00e4hrleistet strukturierte Abl\u00e4ufe und eine zuverl\u00e4ssige Umsetzung.<\/p>\n<h2>Montageteams ab zwei erfahrenen Monteuren<\/h2>\n<p>Wir stellen eingespielte Montageteams mit mindestens zwei erfahrenen Monteuren zur Verf\u00fcgung. Je nach Projektumfang und Gr\u00f6\u00dfe der Hygienebereiche k\u00f6nnen entsprechend gr\u00f6\u00dfere Teams eingesetzt werden.<\/p>\n<p>Diese Teamstruktur sorgt f\u00fcr sichere Arbeitsabl\u00e4ufe, eine koordinierte Umsetzung und eine pr\u00e4zise Montage auch bei anspruchsvollen Hygienebauprojekten.<\/p>\n<h2>Ihr Partner f\u00fcr Hygienepaneel-Montage<\/h2>\n<p>Hygienepaneele im Industrie- und Hallenbau erfordern Pr\u00e4zision, Erfahrung und eine strukturierte Arbeitsweise auf der Baustelle. Mit unseren spezialisierten Montageteams unterst\u00fctzen wir Ihr Projekt von der Unterkonstruktion bis zur fertigen Hygienezone \u2013 flexibel und bundesweit einsetzbar.<\/p>\n<p>Wir stellen qualifizierte und erfahrene Montageteams f\u00fcr Hygienepaneele im gesamten Bundesgebiet zur Verf\u00fcgung.<\/p>\n<\/div><\/section><\/div><\/div><\/div><\/main><!-- close content main element --><\/div><\/div>\n<style type=\"text\/css\" data-created_by=\"avia_inline_auto\" id=\"style-css-av-pvvom-fa51be0fa2a8d5482468b0fad03803c1\">\n.avia-section.av-pvvom-fa51be0fa2a8d5482468b0fad03803c1{\nposition:relative;\n}\n.avia-section.av-pvvom-fa51be0fa2a8d5482468b0fad03803c1 .av-parallax .av-parallax-inner{\nbackground-repeat:no-repeat;\nbackground-image:url(https:\/\/www.monteure-auf-zeit.de\/home\/wp-content\/uploads\/2022\/03\/AdobeStock_43086186.jpeg);\nbackground-position:50% 50%;\nbackground-attachment:scroll;\n}\n.avia-section.av-pvvom-fa51be0fa2a8d5482468b0fad03803c1 .av-section-color-overlay{\nopacity:0.5;\nbackground-color:#000000;\n}\n.avia-section.av-pvvom-fa51be0fa2a8d5482468b0fad03803c1 .avia-divider-svg-top svg{\nheight:50px;\nwidth:calc(100% + 1.3px);\nfill:#ffffff;\n}\n<\/style>\n<div id='av_section_2'  class='avia-section av-pvvom-fa51be0fa2a8d5482468b0fad03803c1 main_color avia-section-default avia-no-border-styling  avia-builder-el-7  el_after_av_section  avia-builder-el-last  avia-full-stretch av-parallax-section avia-bg-style-parallax av-section-color-overlay-active av-minimum-height av-minimum-height-50 av-height-50  container_wrap sidebar_right'  data-section-bg-repeat='stretch' data-av_minimum_height_pc='50' data-av_min_height_opt='50'><div class='avia-divider-svg avia-divider-svg-curve avia-divider-svg-top avia-to-front avia-svg-original'><svg xmlns=\"http:\/\/www.w3.org\/2000\/svg\" viewBox=\"0 0 1000 100\" preserveAspectRatio=\"none\">\n    <path d=\"M1000,4.3V0H0v4.3C0.9,23.1,126.7,99.2,500,100S1000,22.7,1000,4.3z\"\/>\n<\/svg><\/div><div class='av-parallax' data-avia-parallax-ratio='0.3' ><div class='av-parallax-inner main_color avia-full-stretch'><\/div><\/div><div class=\"av-section-color-overlay-wrap\"><div class=\"av-section-color-overlay\"><\/div><div class='container av-section-cont-open' ><div class='template-page content  av-content-small alpha units'><div class='post-entry post-entry-type-page post-entry-798'><div class='entry-content-wrapper clearfix'>\n\n<style type=\"text\/css\" data-created_by=\"avia_inline_auto\" id=\"style-css-av-msq52-b6caf34f8357fc5d9824c36ebffd1c00\">\n.flex_column.av-msq52-b6caf34f8357fc5d9824c36ebffd1c00{\nborder-radius:0px 0px 0px 0px;\npadding:0px 0px 0px 0px;\n}\n<\/style>\n<div  class='flex_column av-msq52-b6caf34f8357fc5d9824c36ebffd1c00 av_one_fifth  avia-builder-el-8  el_before_av_three_fifth  avia-builder-el-first  first flex_column_div av-zero-column-padding  '     ><\/div>\n<style type=\"text\/css\" data-created_by=\"avia_inline_auto\" id=\"style-css-av-f2ywu-d2539180dd10d3651711d74a5f48fedb\">\n.flex_column.av-f2ywu-d2539180dd10d3651711d74a5f48fedb{\nborder-radius:0px 0px 0px 0px;\npadding:0px 0px 0px 0px;\n}\n<\/style>\n<div  class='flex_column av-f2ywu-d2539180dd10d3651711d74a5f48fedb av_three_fifth  avia-builder-el-9  el_after_av_one_fifth  avia-builder-el-last  flex_column_div av-zero-column-padding  '     ><div  class='avia-button-wrap avia-button-center  avia-builder-el-10  avia-builder-el-no-sibling '>\n<style type=\"text\/css\" data-created_by=\"avia_inline_auto\" id=\"style-css-av-x5im-248f7d0f84362c391e89632b06288737\">\n#top #wrap_all .avia-button.av-x5im-248f7d0f84362c391e89632b06288737{\ncolor:#ffffff;\ntransition:all 0.4s ease-in-out;\n}\n#top #wrap_all .avia-button.av-x5im-248f7d0f84362c391e89632b06288737:hover{\ncolor:#ffffff;\ntransition:all 0.4s ease-in-out;\n}\n<\/style>\n<a href='https:\/\/www.monteure-auf-zeit.de\/home\/kontakt\/' class='avia-color-theme-color avia-button avia-button-fullwidth av-x5im-248f7d0f84362c391e89632b06288737 avia-icon_select-yes-left-icon avia-color-theme-color'   aria-label=\"Hier geht\u2019s zum ersten Kontakt!\"><span class='avia_button_icon avia_button_icon_left' aria-hidden='true' data-av_icon='\ue80b' data-av_iconfont='entypo-fontello'><\/span><span class='avia_iconbox_title' >Hier geht\u2019s zum ersten Kontakt!<\/span><span class='avia_button_background avia-button avia-button-fullwidth avia-color-theme-color-highlight'><\/span><\/a><\/div><\/div>\n<\/div><\/div><\/div><!-- close content main div --><\/div><\/div><\/div><div id='after_section_2'  class='main_color av_default_container_wrap container_wrap sidebar_right'  ><div class='container av-section-cont-open' ><div class='template-page content  av-content-small alpha units'><div class='post-entry post-entry-type-page post-entry-798'><div class='entry-content-wrapper clearfix'><\/p>\n","protected":false},"excerpt":{"rendered":"","protected":false},"author":1,"featured_media":0,"parent":790,"menu_order":0,"comment_status":"closed","ping_status":"closed","template":"","meta":{"footnotes":""},"class_list":["post-798","page","type-page","status-publish","hentry"],"yoast_head":"<!-- This site is optimized with the Yoast SEO plugin v27.1.1 - https:\/\/yoast.com\/product\/yoast-seo-wordpress\/ -->\n<title>Hygienepaneele | Erfahrene Monteure | kurzfristig einsatzbereit<\/title>\n<meta name=\"description\" content=\"Hygienepaneele Montageteams f\u00fcr Metall-, Fassaden- und Paneelbau sowie K\u00fchlraumbau \u2013 \u2713erfahren \u2713pr\u00e4zise \u2713bundesweit kurzfristig einsatzbereit.\" \/>\n<meta name=\"robots\" content=\"index, follow, max-snippet:-1, max-image-preview:large, max-video-preview:-1\" \/>\n<link rel=\"canonical\" href=\"https:\/\/www.monteure-auf-zeit.de\/home\/leistungen\/kuehlraumpaneele-isolierbau\/hygienepaneele\/\" \/>\n<meta property=\"og:locale\" content=\"de_DE\" \/>\n<meta property=\"og:type\" content=\"article\" \/>\n<meta property=\"og:title\" content=\"Hygienepaneele | Erfahrene Monteure | kurzfristig einsatzbereit\" \/>\n<meta property=\"og:description\" content=\"Hygienepaneele Montageteams f\u00fcr Metall-, Fassaden- und Paneelbau sowie K\u00fchlraumbau \u2013 \u2713erfahren \u2713pr\u00e4zise \u2713bundesweit kurzfristig einsatzbereit.\" \/>\n<meta property=\"og:url\" content=\"https:\/\/www.monteure-auf-zeit.de\/home\/leistungen\/kuehlraumpaneele-isolierbau\/hygienepaneele\/\" \/>\n<meta property=\"og:site_name\" content=\"Pientka Monteure auf Zeit\" \/>\n<meta property=\"article:modified_time\" content=\"2026-03-12T08:21:34+00:00\" \/>\n<meta name=\"twitter:card\" content=\"summary_large_image\" \/>\n<meta name=\"twitter:label1\" content=\"Gesch\u00e4tzte Lesezeit\" \/>\n\t<meta name=\"twitter:data1\" content=\"16\u00a0Minuten\" \/>\n<script type=\"application\/ld+json\" class=\"yoast-schema-graph\">{\"@context\":\"https:\/\/schema.org\",\"@graph\":[{\"@type\":\"WebPage\",\"@id\":\"https:\/\/www.monteure-auf-zeit.de\/home\/leistungen\/kuehlraumpaneele-isolierbau\/hygienepaneele\/\",\"url\":\"https:\/\/www.monteure-auf-zeit.de\/home\/leistungen\/kuehlraumpaneele-isolierbau\/hygienepaneele\/\",\"name\":\"Hygienepaneele | Erfahrene Monteure | kurzfristig einsatzbereit\",\"isPartOf\":{\"@id\":\"https:\/\/www.monteure-auf-zeit.de\/home\/#website\"},\"datePublished\":\"2026-03-03T07:25:51+00:00\",\"dateModified\":\"2026-03-12T08:21:34+00:00\",\"description\":\"Hygienepaneele Montageteams f\u00fcr Metall-, Fassaden- und Paneelbau sowie K\u00fchlraumbau \u2013 \u2713erfahren \u2713pr\u00e4zise \u2713bundesweit kurzfristig einsatzbereit.\",\"breadcrumb\":{\"@id\":\"https:\/\/www.monteure-auf-zeit.de\/home\/leistungen\/kuehlraumpaneele-isolierbau\/hygienepaneele\/#breadcrumb\"},\"inLanguage\":\"de\",\"potentialAction\":[{\"@type\":\"ReadAction\",\"target\":[\"https:\/\/www.monteure-auf-zeit.de\/home\/leistungen\/kuehlraumpaneele-isolierbau\/hygienepaneele\/\"]}]},{\"@type\":\"BreadcrumbList\",\"@id\":\"https:\/\/www.monteure-auf-zeit.de\/home\/leistungen\/kuehlraumpaneele-isolierbau\/hygienepaneele\/#breadcrumb\",\"itemListElement\":[{\"@type\":\"ListItem\",\"position\":1,\"name\":\"Start\",\"item\":\"https:\/\/www.monteure-auf-zeit.de\/home\/home\/\"},{\"@type\":\"ListItem\",\"position\":2,\"name\":\"Leistungen\",\"item\":\"https:\/\/www.monteure-auf-zeit.de\/home\/leistungen\/\"},{\"@type\":\"ListItem\",\"position\":3,\"name\":\"K\u00fchlraumpaneele &#038; Isolierbau\",\"item\":\"https:\/\/www.monteure-auf-zeit.de\/home\/leistungen\/kuehlraumpaneele-isolierbau\/\"},{\"@type\":\"ListItem\",\"position\":4,\"name\":\"Hygienepaneele\"}]},{\"@type\":\"WebSite\",\"@id\":\"https:\/\/www.monteure-auf-zeit.de\/home\/#website\",\"url\":\"https:\/\/www.monteure-auf-zeit.de\/home\/\",\"name\":\"Pientka Monteure auf Zeit\",\"description\":\"Erfahrene Monteure deutschlandweit kurzfristig einsatzbereit\",\"publisher\":{\"@id\":\"https:\/\/www.monteure-auf-zeit.de\/home\/#organization\"},\"potentialAction\":[{\"@type\":\"SearchAction\",\"target\":{\"@type\":\"EntryPoint\",\"urlTemplate\":\"https:\/\/www.monteure-auf-zeit.de\/home\/?s={search_term_string}\"},\"query-input\":{\"@type\":\"PropertyValueSpecification\",\"valueRequired\":true,\"valueName\":\"search_term_string\"}}],\"inLanguage\":\"de\"},{\"@type\":\"Organization\",\"@id\":\"https:\/\/www.monteure-auf-zeit.de\/home\/#organization\",\"name\":\"Pientka Monteure auf Zeit\",\"url\":\"https:\/\/www.monteure-auf-zeit.de\/home\/\",\"logo\":{\"@type\":\"ImageObject\",\"inLanguage\":\"de\",\"@id\":\"https:\/\/www.monteure-auf-zeit.de\/home\/#\/schema\/logo\/image\/\",\"url\":\"https:\/\/www.monteure-auf-zeit.de\/home\/wp-content\/uploads\/2022\/03\/logo_zeit_abstand.png\",\"contentUrl\":\"https:\/\/www.monteure-auf-zeit.de\/home\/wp-content\/uploads\/2022\/03\/logo_zeit_abstand.png\",\"width\":703,\"height\":674,\"caption\":\"Pientka Monteure auf Zeit\"},\"image\":{\"@id\":\"https:\/\/www.monteure-auf-zeit.de\/home\/#\/schema\/logo\/image\/\"}}]}<\/script>\n<!-- \/ Yoast SEO plugin. -->","yoast_head_json":{"title":"Hygienepaneele | Erfahrene Monteure | kurzfristig einsatzbereit","description":"Hygienepaneele Montageteams f\u00fcr Metall-, Fassaden- und Paneelbau sowie K\u00fchlraumbau \u2013 \u2713erfahren \u2713pr\u00e4zise \u2713bundesweit kurzfristig einsatzbereit.","robots":{"index":"index","follow":"follow","max-snippet":"max-snippet:-1","max-image-preview":"max-image-preview:large","max-video-preview":"max-video-preview:-1"},"canonical":"https:\/\/www.monteure-auf-zeit.de\/home\/leistungen\/kuehlraumpaneele-isolierbau\/hygienepaneele\/","og_locale":"de_DE","og_type":"article","og_title":"Hygienepaneele | Erfahrene Monteure | kurzfristig einsatzbereit","og_description":"Hygienepaneele Montageteams f\u00fcr Metall-, Fassaden- und Paneelbau sowie K\u00fchlraumbau \u2013 \u2713erfahren \u2713pr\u00e4zise \u2713bundesweit kurzfristig einsatzbereit.","og_url":"https:\/\/www.monteure-auf-zeit.de\/home\/leistungen\/kuehlraumpaneele-isolierbau\/hygienepaneele\/","og_site_name":"Pientka Monteure auf Zeit","article_modified_time":"2026-03-12T08:21:34+00:00","twitter_card":"summary_large_image","twitter_misc":{"Gesch\u00e4tzte Lesezeit":"16\u00a0Minuten"},"schema":{"@context":"https:\/\/schema.org","@graph":[{"@type":"WebPage","@id":"https:\/\/www.monteure-auf-zeit.de\/home\/leistungen\/kuehlraumpaneele-isolierbau\/hygienepaneele\/","url":"https:\/\/www.monteure-auf-zeit.de\/home\/leistungen\/kuehlraumpaneele-isolierbau\/hygienepaneele\/","name":"Hygienepaneele | Erfahrene Monteure | kurzfristig einsatzbereit","isPartOf":{"@id":"https:\/\/www.monteure-auf-zeit.de\/home\/#website"},"datePublished":"2026-03-03T07:25:51+00:00","dateModified":"2026-03-12T08:21:34+00:00","description":"Hygienepaneele Montageteams f\u00fcr Metall-, Fassaden- und Paneelbau sowie K\u00fchlraumbau \u2013 \u2713erfahren \u2713pr\u00e4zise \u2713bundesweit kurzfristig einsatzbereit.","breadcrumb":{"@id":"https:\/\/www.monteure-auf-zeit.de\/home\/leistungen\/kuehlraumpaneele-isolierbau\/hygienepaneele\/#breadcrumb"},"inLanguage":"de","potentialAction":[{"@type":"ReadAction","target":["https:\/\/www.monteure-auf-zeit.de\/home\/leistungen\/kuehlraumpaneele-isolierbau\/hygienepaneele\/"]}]},{"@type":"BreadcrumbList","@id":"https:\/\/www.monteure-auf-zeit.de\/home\/leistungen\/kuehlraumpaneele-isolierbau\/hygienepaneele\/#breadcrumb","itemListElement":[{"@type":"ListItem","position":1,"name":"Start","item":"https:\/\/www.monteure-auf-zeit.de\/home\/home\/"},{"@type":"ListItem","position":2,"name":"Leistungen","item":"https:\/\/www.monteure-auf-zeit.de\/home\/leistungen\/"},{"@type":"ListItem","position":3,"name":"K\u00fchlraumpaneele &#038; Isolierbau","item":"https:\/\/www.monteure-auf-zeit.de\/home\/leistungen\/kuehlraumpaneele-isolierbau\/"},{"@type":"ListItem","position":4,"name":"Hygienepaneele"}]},{"@type":"WebSite","@id":"https:\/\/www.monteure-auf-zeit.de\/home\/#website","url":"https:\/\/www.monteure-auf-zeit.de\/home\/","name":"Pientka Monteure auf Zeit","description":"Erfahrene Monteure deutschlandweit kurzfristig einsatzbereit","publisher":{"@id":"https:\/\/www.monteure-auf-zeit.de\/home\/#organization"},"potentialAction":[{"@type":"SearchAction","target":{"@type":"EntryPoint","urlTemplate":"https:\/\/www.monteure-auf-zeit.de\/home\/?s={search_term_string}"},"query-input":{"@type":"PropertyValueSpecification","valueRequired":true,"valueName":"search_term_string"}}],"inLanguage":"de"},{"@type":"Organization","@id":"https:\/\/www.monteure-auf-zeit.de\/home\/#organization","name":"Pientka Monteure auf Zeit","url":"https:\/\/www.monteure-auf-zeit.de\/home\/","logo":{"@type":"ImageObject","inLanguage":"de","@id":"https:\/\/www.monteure-auf-zeit.de\/home\/#\/schema\/logo\/image\/","url":"https:\/\/www.monteure-auf-zeit.de\/home\/wp-content\/uploads\/2022\/03\/logo_zeit_abstand.png","contentUrl":"https:\/\/www.monteure-auf-zeit.de\/home\/wp-content\/uploads\/2022\/03\/logo_zeit_abstand.png","width":703,"height":674,"caption":"Pientka Monteure auf Zeit"},"image":{"@id":"https:\/\/www.monteure-auf-zeit.de\/home\/#\/schema\/logo\/image\/"}}]}},"_links":{"self":[{"href":"https:\/\/www.monteure-auf-zeit.de\/home\/wp-json\/wp\/v2\/pages\/798","targetHints":{"allow":["GET"]}}],"collection":[{"href":"https:\/\/www.monteure-auf-zeit.de\/home\/wp-json\/wp\/v2\/pages"}],"about":[{"href":"https:\/\/www.monteure-auf-zeit.de\/home\/wp-json\/wp\/v2\/types\/page"}],"author":[{"embeddable":true,"href":"https:\/\/www.monteure-auf-zeit.de\/home\/wp-json\/wp\/v2\/users\/1"}],"replies":[{"embeddable":true,"href":"https:\/\/www.monteure-auf-zeit.de\/home\/wp-json\/wp\/v2\/comments?post=798"}],"version-history":[{"count":3,"href":"https:\/\/www.monteure-auf-zeit.de\/home\/wp-json\/wp\/v2\/pages\/798\/revisions"}],"predecessor-version":[{"id":1188,"href":"https:\/\/www.monteure-auf-zeit.de\/home\/wp-json\/wp\/v2\/pages\/798\/revisions\/1188"}],"up":[{"embeddable":true,"href":"https:\/\/www.monteure-auf-zeit.de\/home\/wp-json\/wp\/v2\/pages\/790"}],"wp:attachment":[{"href":"https:\/\/www.monteure-auf-zeit.de\/home\/wp-json\/wp\/v2\/media?parent=798"}],"curies":[{"name":"wp","href":"https:\/\/api.w.org\/{rel}","templated":true}]}}