{"id":786,"date":"2026-03-03T07:24:25","date_gmt":"2026-03-03T07:24:25","guid":{"rendered":"https:\/\/www.monteure-auf-zeit.de\/home\/?page_id=786"},"modified":"2026-03-12T08:20:27","modified_gmt":"2026-03-12T08:20:27","slug":"trapezblech","status":"publish","type":"page","link":"https:\/\/www.monteure-auf-zeit.de\/home\/leistungen\/paneelbau\/trapezblech\/","title":{"rendered":"Trapezblech"},"content":{"rendered":"<div id='av_section_1'  class='avia-section av-1pbuuy-6ac0999224801e72a6f97aa24b2e9594 main_color avia-section-default avia-no-border-styling  avia-builder-el-0  el_before_av_section  avia-builder-el-first  avia-bg-style-scroll container_wrap sidebar_right'  ><div class='container av-section-cont-open' ><main  role=\"main\" itemprop=\"mainContentOfPage\"  class='template-page content  av-content-small alpha units'><div class='post-entry post-entry-type-page post-entry-786'><div class='entry-content-wrapper clearfix'>\n<div  class='flex_column av-1n7sfm-3d13fb36a21cf6680c6915fd6b163396 av_one_full  avia-builder-el-1  el_before_av_one_full  avia-builder-el-first  first flex_column_div  '     ><section  class='av_textblock_section av-mmamyqma-27d05a2566556ebf2924234dfb0330c7 '   itemscope=\"itemscope\" itemtype=\"https:\/\/schema.org\/CreativeWork\" ><div class='avia_textblock'  itemprop=\"text\" ><h1>Montage von Trapezblech im Industrie- und Hallenbau<\/h1>\n<p>Trapezblech ist im modernen Industrie- und Hallenbau ein bew\u00e4hrtes Bauelement f\u00fcr Dach- und Wandkonstruktionen. Durch seine profilierte Form bietet es eine hohe Tragf\u00e4higkeit bei vergleichsweise geringem Eigengewicht. Besonders bei gro\u00dffl\u00e4chigen Produktions-, Lager- und Logistikhallen erm\u00f6glicht Trapezblech eine wirtschaftliche und robuste L\u00f6sung f\u00fcr funktionale Geb\u00e4udeh\u00fcllen.<\/p>\n<p>Unsere erfahrenen Monteure unterst\u00fctzen Bauunternehmen, Hallenbauer und Metallbauunternehmen bei der fachgerechten Montage von Trapezblech im Industrie- und Hallenbau. Die Arbeiten erfolgen strukturiert nach technischen Zeichnungen, Verlegepl\u00e4nen und projektspezifischen Vorgaben. Bundesweit einsetzbar und bei Bedarf auch kurzfristig verf\u00fcgbar.<\/p>\n<\/div><\/section><\/div><div class='flex_column_table av-1gpud6-064ae6d3c264f75f2ef9362e7e2d4c02 sc-av_one_full av-equal-height-column-flextable'><div  class='flex_column av-1gpud6-064ae6d3c264f75f2ef9362e7e2d4c02 av_one_full  avia-builder-el-3  el_after_av_one_full  el_before_av_one_full  first flex_column_table_cell av-equal-height-column av-align-middle  column-top-margin'     ><section  class='av_textblock_section av-mmamz1ka-cebecb2d6a2b2403daf6d287bf7fef10 '   itemscope=\"itemscope\" itemtype=\"https:\/\/schema.org\/CreativeWork\" ><div class='avia_textblock'  itemprop=\"text\" ><h2>Montage von Trapezblech an Dachfl\u00e4chen<\/h2>\n<p>Im Dachbereich wird Trapezblech h\u00e4ufig als tragende Schicht oder als oberer Abschluss von Dachkonstruktionen eingesetzt. Die pr\u00e4zise Ausrichtung der einzelnen Bleche ist entscheidend f\u00fcr die Lastabtragung sowie f\u00fcr eine dauerhaft funktionsf\u00e4hige Dachkonstruktion. Insbesondere bei gro\u00dfen Spannweiten und weitl\u00e4ufigen Hallend\u00e4chern ist eine strukturierte Vorgehensweise erforderlich.<\/p>\n<p>Unsere Montageteams \u00fcbernehmen unter anderem:<\/p>\n<ul>\n<li>Verlegung von Trapezblech-Dachprofilen<\/li>\n<li>Befestigung auf Stahlpfetten und Tragkonstruktionen<\/li>\n<li>Ausbildung von \u00dcberlappungen und Sto\u00dfbereichen<\/li>\n<li>Umsetzung von First-, Trauf- und Ortgangdetails<\/li>\n<li>Integration von Lichtb\u00e4ndern und Durchdringungen<\/li>\n<\/ul>\n<p>Die Arbeiten erfolgen unter Ber\u00fccksichtigung statischer Vorgaben sowie unter Einhaltung aller geltenden Sicherheits- und Baustellenvorschriften.<\/p>\n<h2><\/h2>\n<\/div><\/section><\/div><\/div><!--close column table wrapper. Autoclose: 1 --><div  class='flex_column av-xhwn6-d443710eb9bd8e83dbe327cc7f810b54 av_one_full  avia-builder-el-5  el_after_av_one_full  avia-builder-el-last  first flex_column_div  column-top-margin'     ><section  class='av_textblock_section av-mmamz6ru-4ea6cbf7a370ffa3351d7cd9083f508d '   itemscope=\"itemscope\" itemtype=\"https:\/\/schema.org\/CreativeWork\" ><div class='avia_textblock'  itemprop=\"text\" ><h2>Montage von Trapezblech an Fassaden<\/h2>\n<p>Auch im Wandbereich wird Trapezblech h\u00e4ufig eingesetzt, insbesondere bei funktionalen Industrie- und Lagergeb\u00e4uden. Die vertikale oder horizontale Montage erfordert eine exakte Linienf\u00fchrung und eine saubere Ausbildung der Anschlussbereiche, um eine dauerhaft stabile und witterungsbest\u00e4ndige Fassade sicherzustellen.<\/p>\n<p>Unsere erfahrenen Monteure unterst\u00fctzen bei:<\/p>\n<ul>\n<li>Montage von Fassaden-Trapezblechen<\/li>\n<li>Befestigung an Stahlunterkonstruktionen<\/li>\n<li>Ausbildung von Eck- und Anschlussprofilen<\/li>\n<li>Integration von Tor- und Fenster\u00f6ffnungen<\/li>\n<li>Umsetzung projektspezifischer Detailanschl\u00fcsse<\/li>\n<\/ul>\n<p>Eine pr\u00e4zise Montage sorgt f\u00fcr ein gleichm\u00e4\u00dfiges Fassadenbild und eine langfristig funktionsf\u00e4hige Geb\u00e4udeh\u00fclle.<\/p>\n<h2>Unterkonstruktion und Tragstruktur<\/h2>\n<p>Die Montage von Trapezblech setzt eine exakt vorbereitete Stahlunterkonstruktion voraus. Unsere Montageteams arbeiten auf Pfetten, Riegeln oder anderen tragenden Bauteilen und achten auf eine spannungsfreie Befestigung der Bleche. Eine korrekte Verschraubung sowie die Einhaltung der vorgegebenen Befestigungsabst\u00e4nde sind entscheidend f\u00fcr die Tragf\u00e4higkeit der Konstruktion.<\/p>\n<h2>Arbeiten unter industriellen Baustellenbedingungen<\/h2>\n<p>Die Installation von Trapezblech erfolgt h\u00e4ufig in gro\u00dfen H\u00f6hen und unter Einsatz von Kr\u00e4nen oder Hubarbeitsb\u00fchnen. Unsere erfahrenen Monteure sind mit diesen Rahmenbedingungen vertraut und arbeiten sicher sowie planorientiert unter Einhaltung aller geltenden Sicherheitsvorgaben.<\/p>\n<p>Eine klare interne Abstimmung innerhalb des Montageteams sowie die koordinierte Zusammenarbeit mit angrenzenden Gewerken gew\u00e4hrleisten einen reibungslosen Bauablauf \u2013 insbesondere bei gro\u00dffl\u00e4chigen Hallenprojekten.<\/p>\n<h2>Einsatzbereiche im Industrie- und Hallenbau<\/h2>\n<p>Unsere Montageteams f\u00fcr Trapezblech unterst\u00fctzen Projekte in:<\/p>\n<ul>\n<li>Produktionshallen<\/li>\n<li>Lager- und Logistikhallen<\/li>\n<li>Werkhallen<\/li>\n<li>Technikgeb\u00e4uden<\/li>\n<li>Industrieerweiterungen und Neubauten<\/li>\n<\/ul>\n<p>Durch unsere Spezialisierung auf Industrie- und Hallenbau sind unsere Teams mit gro\u00dfvolumigen Dach- und Fassadenfl\u00e4chen sowie den strukturierten Abl\u00e4ufen auf Gro\u00dfbaustellen vertraut.<\/p>\n<h2>Montageteams ab zwei erfahrenen Monteuren<\/h2>\n<p>Wir stellen eingespielte Montageteams mit mindestens zwei erfahrenen Monteuren zur Verf\u00fcgung. Je nach Projektumfang und Bauabschnitt k\u00f6nnen entsprechend gr\u00f6\u00dfere Teams eingesetzt werden.<\/p>\n<p>Diese Teamstruktur gew\u00e4hrleistet sichere Arbeitsabl\u00e4ufe, eine koordinierte Umsetzung und eine zuverl\u00e4ssige Montage auch bei umfangreichen Trapezblech-Projekten im Industrie- und Hallenbau.<\/p>\n<h2>Ihr Partner f\u00fcr Trapezblech-Montage<\/h2>\n<p>Die Montage von Trapezblech im Industrie- und Hallenbau erfordert Pr\u00e4zision, Erfahrung und eine strukturierte Arbeitsweise auf der Baustelle. Mit unseren spezialisierten Montageteams unterst\u00fctzen wir Ihr Projekt von der Vorbereitung der Unterkonstruktion bis zur finalen Befestigung der Bleche \u2013 flexibel und bundesweit einsetzbar.<\/p>\n<p>Wir stellen qualifizierte und erfahrene Montageteams f\u00fcr Trapezblech-Projekte im gesamten Bundesgebiet zur Verf\u00fcgung.<\/p>\n<\/div><\/section><\/div><\/div><\/div><\/main><!-- close content main element --><\/div><\/div>\n<style type=\"text\/css\" data-created_by=\"avia_inline_auto\" id=\"style-css-av-qwuoy-25b09a8d5224f285ad6bd8f03c284f65\">\n.avia-section.av-qwuoy-25b09a8d5224f285ad6bd8f03c284f65{\nposition:relative;\n}\n.avia-section.av-qwuoy-25b09a8d5224f285ad6bd8f03c284f65 .av-parallax .av-parallax-inner{\nbackground-repeat:no-repeat;\nbackground-image:url(https:\/\/www.monteure-auf-zeit.de\/home\/wp-content\/uploads\/2022\/03\/AdobeStock_43086186.jpeg);\nbackground-position:50% 50%;\nbackground-attachment:scroll;\n}\n.avia-section.av-qwuoy-25b09a8d5224f285ad6bd8f03c284f65 .av-section-color-overlay{\nopacity:0.5;\nbackground-color:#000000;\n}\n.avia-section.av-qwuoy-25b09a8d5224f285ad6bd8f03c284f65 .avia-divider-svg-top svg{\nheight:50px;\nwidth:calc(100% + 1.3px);\nfill:#ffffff;\n}\n<\/style>\n<div id='av_section_2'  class='avia-section av-qwuoy-25b09a8d5224f285ad6bd8f03c284f65 main_color avia-section-default avia-no-border-styling  avia-builder-el-7  el_after_av_section  avia-builder-el-last  avia-full-stretch av-parallax-section avia-bg-style-parallax av-section-color-overlay-active av-minimum-height av-minimum-height-50 av-height-50  container_wrap sidebar_right'  data-section-bg-repeat='stretch' data-av_minimum_height_pc='50' data-av_min_height_opt='50'><div class='avia-divider-svg avia-divider-svg-curve avia-divider-svg-top avia-to-front avia-svg-original'><svg xmlns=\"http:\/\/www.w3.org\/2000\/svg\" viewBox=\"0 0 1000 100\" preserveAspectRatio=\"none\">\n    <path d=\"M1000,4.3V0H0v4.3C0.9,23.1,126.7,99.2,500,100S1000,22.7,1000,4.3z\"\/>\n<\/svg><\/div><div class='av-parallax' data-avia-parallax-ratio='0.3' ><div class='av-parallax-inner main_color avia-full-stretch'><\/div><\/div><div class=\"av-section-color-overlay-wrap\"><div class=\"av-section-color-overlay\"><\/div><div class='container av-section-cont-open' ><div class='template-page content  av-content-small alpha units'><div class='post-entry post-entry-type-page post-entry-786'><div class='entry-content-wrapper clearfix'>\n\n<style type=\"text\/css\" data-created_by=\"avia_inline_auto\" id=\"style-css-av-nkz3u-7f6045b1c363a3709e3f8c5849309fb4\">\n.flex_column.av-nkz3u-7f6045b1c363a3709e3f8c5849309fb4{\nborder-radius:0px 0px 0px 0px;\npadding:0px 0px 0px 0px;\n}\n<\/style>\n<div  class='flex_column av-nkz3u-7f6045b1c363a3709e3f8c5849309fb4 av_one_fifth  avia-builder-el-8  el_before_av_three_fifth  avia-builder-el-first  first flex_column_div av-zero-column-padding  '     ><\/div>\n<style type=\"text\/css\" data-created_by=\"avia_inline_auto\" id=\"style-css-av-evyl6-18b2308deeb132d667b90c55570482d9\">\n.flex_column.av-evyl6-18b2308deeb132d667b90c55570482d9{\nborder-radius:0px 0px 0px 0px;\npadding:0px 0px 0px 0px;\n}\n<\/style>\n<div  class='flex_column av-evyl6-18b2308deeb132d667b90c55570482d9 av_three_fifth  avia-builder-el-9  el_after_av_one_fifth  avia-builder-el-last  flex_column_div av-zero-column-padding  '     ><div  class='avia-button-wrap avia-button-center  avia-builder-el-10  avia-builder-el-no-sibling '>\n<style type=\"text\/css\" data-created_by=\"avia_inline_auto\" id=\"style-css-av-7c0gq-e1fe4d29f3d2856da10bb1971be7cbea\">\n#top #wrap_all .avia-button.av-7c0gq-e1fe4d29f3d2856da10bb1971be7cbea{\ncolor:#ffffff;\ntransition:all 0.4s ease-in-out;\n}\n#top #wrap_all .avia-button.av-7c0gq-e1fe4d29f3d2856da10bb1971be7cbea:hover{\ncolor:#ffffff;\ntransition:all 0.4s ease-in-out;\n}\n<\/style>\n<a href='https:\/\/www.monteure-auf-zeit.de\/home\/kontakt\/' class='avia-color-theme-color avia-button avia-button-fullwidth av-7c0gq-e1fe4d29f3d2856da10bb1971be7cbea avia-icon_select-yes-left-icon avia-color-theme-color'   aria-label=\"Hier geht\u2019s zum ersten Kontakt!\"><span class='avia_button_icon avia_button_icon_left' aria-hidden='true' data-av_icon='\ue80b' data-av_iconfont='entypo-fontello'><\/span><span class='avia_iconbox_title' >Hier geht\u2019s zum ersten Kontakt!<\/span><span class='avia_button_background avia-button avia-button-fullwidth avia-color-theme-color-highlight'><\/span><\/a><\/div><\/div>\n<\/div><\/div><\/div><!-- close content main div --><\/div><\/div><\/div><div id='after_section_2'  class='main_color av_default_container_wrap container_wrap sidebar_right'  ><div class='container av-section-cont-open' ><div class='template-page content  av-content-small alpha units'><div class='post-entry post-entry-type-page post-entry-786'><div class='entry-content-wrapper clearfix'><\/p>\n","protected":false},"excerpt":{"rendered":"","protected":false},"author":1,"featured_media":0,"parent":776,"menu_order":0,"comment_status":"closed","ping_status":"closed","template":"","meta":{"footnotes":""},"class_list":["post-786","page","type-page","status-publish","hentry"],"yoast_head":"<!-- This site is optimized with the Yoast SEO plugin v27.1.1 - https:\/\/yoast.com\/product\/yoast-seo-wordpress\/ -->\n<title>Trapezblech | Erfahrene Monteure | kurzfristig einsatzbereit<\/title>\n<meta name=\"description\" content=\"Trapezblech Montageteams f\u00fcr Metall-, Fassaden- und Paneelbau sowie K\u00fchlraumbau \u2013 \u2713erfahren \u2713pr\u00e4zise \u2713bundesweit kurzfristig einsatzbereit.\" \/>\n<meta name=\"robots\" content=\"index, follow, max-snippet:-1, max-image-preview:large, max-video-preview:-1\" \/>\n<link rel=\"canonical\" href=\"https:\/\/www.monteure-auf-zeit.de\/home\/leistungen\/paneelbau\/trapezblech\/\" \/>\n<meta property=\"og:locale\" content=\"de_DE\" \/>\n<meta property=\"og:type\" content=\"article\" \/>\n<meta property=\"og:title\" content=\"Trapezblech | Erfahrene Monteure | kurzfristig einsatzbereit\" \/>\n<meta property=\"og:description\" content=\"Trapezblech Montageteams f\u00fcr Metall-, Fassaden- und Paneelbau sowie K\u00fchlraumbau \u2013 \u2713erfahren \u2713pr\u00e4zise \u2713bundesweit kurzfristig einsatzbereit.\" \/>\n<meta property=\"og:url\" content=\"https:\/\/www.monteure-auf-zeit.de\/home\/leistungen\/paneelbau\/trapezblech\/\" \/>\n<meta property=\"og:site_name\" content=\"Pientka Monteure auf Zeit\" \/>\n<meta property=\"article:modified_time\" content=\"2026-03-12T08:20:27+00:00\" \/>\n<meta name=\"twitter:card\" content=\"summary_large_image\" \/>\n<meta name=\"twitter:label1\" content=\"Gesch\u00e4tzte Lesezeit\" \/>\n\t<meta name=\"twitter:data1\" content=\"16\u00a0Minuten\" \/>\n<script type=\"application\/ld+json\" class=\"yoast-schema-graph\">{\"@context\":\"https:\/\/schema.org\",\"@graph\":[{\"@type\":\"WebPage\",\"@id\":\"https:\/\/www.monteure-auf-zeit.de\/home\/leistungen\/paneelbau\/trapezblech\/\",\"url\":\"https:\/\/www.monteure-auf-zeit.de\/home\/leistungen\/paneelbau\/trapezblech\/\",\"name\":\"Trapezblech | Erfahrene Monteure | kurzfristig einsatzbereit\",\"isPartOf\":{\"@id\":\"https:\/\/www.monteure-auf-zeit.de\/home\/#website\"},\"datePublished\":\"2026-03-03T07:24:25+00:00\",\"dateModified\":\"2026-03-12T08:20:27+00:00\",\"description\":\"Trapezblech Montageteams f\u00fcr Metall-, Fassaden- und Paneelbau sowie K\u00fchlraumbau \u2013 \u2713erfahren \u2713pr\u00e4zise \u2713bundesweit kurzfristig einsatzbereit.\",\"breadcrumb\":{\"@id\":\"https:\/\/www.monteure-auf-zeit.de\/home\/leistungen\/paneelbau\/trapezblech\/#breadcrumb\"},\"inLanguage\":\"de\",\"potentialAction\":[{\"@type\":\"ReadAction\",\"target\":[\"https:\/\/www.monteure-auf-zeit.de\/home\/leistungen\/paneelbau\/trapezblech\/\"]}]},{\"@type\":\"BreadcrumbList\",\"@id\":\"https:\/\/www.monteure-auf-zeit.de\/home\/leistungen\/paneelbau\/trapezblech\/#breadcrumb\",\"itemListElement\":[{\"@type\":\"ListItem\",\"position\":1,\"name\":\"Start\",\"item\":\"https:\/\/www.monteure-auf-zeit.de\/home\/home\/\"},{\"@type\":\"ListItem\",\"position\":2,\"name\":\"Leistungen\",\"item\":\"https:\/\/www.monteure-auf-zeit.de\/home\/leistungen\/\"},{\"@type\":\"ListItem\",\"position\":3,\"name\":\"Paneelbau (Dach &#038; Wand)\",\"item\":\"https:\/\/www.monteure-auf-zeit.de\/home\/leistungen\/paneelbau\/\"},{\"@type\":\"ListItem\",\"position\":4,\"name\":\"Trapezblech\"}]},{\"@type\":\"WebSite\",\"@id\":\"https:\/\/www.monteure-auf-zeit.de\/home\/#website\",\"url\":\"https:\/\/www.monteure-auf-zeit.de\/home\/\",\"name\":\"Pientka Monteure auf Zeit\",\"description\":\"Erfahrene Monteure deutschlandweit kurzfristig einsatzbereit\",\"publisher\":{\"@id\":\"https:\/\/www.monteure-auf-zeit.de\/home\/#organization\"},\"potentialAction\":[{\"@type\":\"SearchAction\",\"target\":{\"@type\":\"EntryPoint\",\"urlTemplate\":\"https:\/\/www.monteure-auf-zeit.de\/home\/?s={search_term_string}\"},\"query-input\":{\"@type\":\"PropertyValueSpecification\",\"valueRequired\":true,\"valueName\":\"search_term_string\"}}],\"inLanguage\":\"de\"},{\"@type\":\"Organization\",\"@id\":\"https:\/\/www.monteure-auf-zeit.de\/home\/#organization\",\"name\":\"Pientka Monteure auf Zeit\",\"url\":\"https:\/\/www.monteure-auf-zeit.de\/home\/\",\"logo\":{\"@type\":\"ImageObject\",\"inLanguage\":\"de\",\"@id\":\"https:\/\/www.monteure-auf-zeit.de\/home\/#\/schema\/logo\/image\/\",\"url\":\"https:\/\/www.monteure-auf-zeit.de\/home\/wp-content\/uploads\/2022\/03\/logo_zeit_abstand.png\",\"contentUrl\":\"https:\/\/www.monteure-auf-zeit.de\/home\/wp-content\/uploads\/2022\/03\/logo_zeit_abstand.png\",\"width\":703,\"height\":674,\"caption\":\"Pientka Monteure auf Zeit\"},\"image\":{\"@id\":\"https:\/\/www.monteure-auf-zeit.de\/home\/#\/schema\/logo\/image\/\"}}]}<\/script>\n<!-- \/ Yoast SEO plugin. -->","yoast_head_json":{"title":"Trapezblech | Erfahrene Monteure | kurzfristig einsatzbereit","description":"Trapezblech Montageteams f\u00fcr Metall-, Fassaden- und Paneelbau sowie K\u00fchlraumbau \u2013 \u2713erfahren \u2713pr\u00e4zise \u2713bundesweit kurzfristig einsatzbereit.","robots":{"index":"index","follow":"follow","max-snippet":"max-snippet:-1","max-image-preview":"max-image-preview:large","max-video-preview":"max-video-preview:-1"},"canonical":"https:\/\/www.monteure-auf-zeit.de\/home\/leistungen\/paneelbau\/trapezblech\/","og_locale":"de_DE","og_type":"article","og_title":"Trapezblech | Erfahrene Monteure | kurzfristig einsatzbereit","og_description":"Trapezblech Montageteams f\u00fcr Metall-, Fassaden- und Paneelbau sowie K\u00fchlraumbau \u2013 \u2713erfahren \u2713pr\u00e4zise \u2713bundesweit kurzfristig einsatzbereit.","og_url":"https:\/\/www.monteure-auf-zeit.de\/home\/leistungen\/paneelbau\/trapezblech\/","og_site_name":"Pientka Monteure auf Zeit","article_modified_time":"2026-03-12T08:20:27+00:00","twitter_card":"summary_large_image","twitter_misc":{"Gesch\u00e4tzte Lesezeit":"16\u00a0Minuten"},"schema":{"@context":"https:\/\/schema.org","@graph":[{"@type":"WebPage","@id":"https:\/\/www.monteure-auf-zeit.de\/home\/leistungen\/paneelbau\/trapezblech\/","url":"https:\/\/www.monteure-auf-zeit.de\/home\/leistungen\/paneelbau\/trapezblech\/","name":"Trapezblech | Erfahrene Monteure | kurzfristig einsatzbereit","isPartOf":{"@id":"https:\/\/www.monteure-auf-zeit.de\/home\/#website"},"datePublished":"2026-03-03T07:24:25+00:00","dateModified":"2026-03-12T08:20:27+00:00","description":"Trapezblech Montageteams f\u00fcr Metall-, Fassaden- und Paneelbau sowie K\u00fchlraumbau \u2013 \u2713erfahren \u2713pr\u00e4zise \u2713bundesweit kurzfristig einsatzbereit.","breadcrumb":{"@id":"https:\/\/www.monteure-auf-zeit.de\/home\/leistungen\/paneelbau\/trapezblech\/#breadcrumb"},"inLanguage":"de","potentialAction":[{"@type":"ReadAction","target":["https:\/\/www.monteure-auf-zeit.de\/home\/leistungen\/paneelbau\/trapezblech\/"]}]},{"@type":"BreadcrumbList","@id":"https:\/\/www.monteure-auf-zeit.de\/home\/leistungen\/paneelbau\/trapezblech\/#breadcrumb","itemListElement":[{"@type":"ListItem","position":1,"name":"Start","item":"https:\/\/www.monteure-auf-zeit.de\/home\/home\/"},{"@type":"ListItem","position":2,"name":"Leistungen","item":"https:\/\/www.monteure-auf-zeit.de\/home\/leistungen\/"},{"@type":"ListItem","position":3,"name":"Paneelbau (Dach &#038; Wand)","item":"https:\/\/www.monteure-auf-zeit.de\/home\/leistungen\/paneelbau\/"},{"@type":"ListItem","position":4,"name":"Trapezblech"}]},{"@type":"WebSite","@id":"https:\/\/www.monteure-auf-zeit.de\/home\/#website","url":"https:\/\/www.monteure-auf-zeit.de\/home\/","name":"Pientka Monteure auf Zeit","description":"Erfahrene Monteure deutschlandweit kurzfristig einsatzbereit","publisher":{"@id":"https:\/\/www.monteure-auf-zeit.de\/home\/#organization"},"potentialAction":[{"@type":"SearchAction","target":{"@type":"EntryPoint","urlTemplate":"https:\/\/www.monteure-auf-zeit.de\/home\/?s={search_term_string}"},"query-input":{"@type":"PropertyValueSpecification","valueRequired":true,"valueName":"search_term_string"}}],"inLanguage":"de"},{"@type":"Organization","@id":"https:\/\/www.monteure-auf-zeit.de\/home\/#organization","name":"Pientka Monteure auf Zeit","url":"https:\/\/www.monteure-auf-zeit.de\/home\/","logo":{"@type":"ImageObject","inLanguage":"de","@id":"https:\/\/www.monteure-auf-zeit.de\/home\/#\/schema\/logo\/image\/","url":"https:\/\/www.monteure-auf-zeit.de\/home\/wp-content\/uploads\/2022\/03\/logo_zeit_abstand.png","contentUrl":"https:\/\/www.monteure-auf-zeit.de\/home\/wp-content\/uploads\/2022\/03\/logo_zeit_abstand.png","width":703,"height":674,"caption":"Pientka Monteure auf Zeit"},"image":{"@id":"https:\/\/www.monteure-auf-zeit.de\/home\/#\/schema\/logo\/image\/"}}]}},"_links":{"self":[{"href":"https:\/\/www.monteure-auf-zeit.de\/home\/wp-json\/wp\/v2\/pages\/786","targetHints":{"allow":["GET"]}}],"collection":[{"href":"https:\/\/www.monteure-auf-zeit.de\/home\/wp-json\/wp\/v2\/pages"}],"about":[{"href":"https:\/\/www.monteure-auf-zeit.de\/home\/wp-json\/wp\/v2\/types\/page"}],"author":[{"embeddable":true,"href":"https:\/\/www.monteure-auf-zeit.de\/home\/wp-json\/wp\/v2\/users\/1"}],"replies":[{"embeddable":true,"href":"https:\/\/www.monteure-auf-zeit.de\/home\/wp-json\/wp\/v2\/comments?post=786"}],"version-history":[{"count":3,"href":"https:\/\/www.monteure-auf-zeit.de\/home\/wp-json\/wp\/v2\/pages\/786\/revisions"}],"predecessor-version":[{"id":1183,"href":"https:\/\/www.monteure-auf-zeit.de\/home\/wp-json\/wp\/v2\/pages\/786\/revisions\/1183"}],"up":[{"embeddable":true,"href":"https:\/\/www.monteure-auf-zeit.de\/home\/wp-json\/wp\/v2\/pages\/776"}],"wp:attachment":[{"href":"https:\/\/www.monteure-auf-zeit.de\/home\/wp-json\/wp\/v2\/media?parent=786"}],"curies":[{"name":"wp","href":"https:\/\/api.w.org\/{rel}","templated":true}]}}