{"id":772,"date":"2026-03-03T07:22:24","date_gmt":"2026-03-03T07:22:24","guid":{"rendered":"https:\/\/www.monteure-auf-zeit.de\/home\/?page_id=772"},"modified":"2026-03-12T08:19:18","modified_gmt":"2026-03-12T08:19:18","slug":"curtain-wall-systeme","status":"publish","type":"page","link":"https:\/\/www.monteure-auf-zeit.de\/home\/leistungen\/industrieverglasung\/curtain-wall-systeme\/","title":{"rendered":"Curtain-Wall-Systeme"},"content":{"rendered":"<div id='av_section_1'  class='avia-section av-1s792k-6f7d7a4d151de7f2e1c3fb74281086af main_color avia-section-default avia-no-border-styling  avia-builder-el-0  el_before_av_section  avia-builder-el-first  avia-bg-style-scroll container_wrap sidebar_right'  ><div class='container av-section-cont-open' ><main  role=\"main\" itemprop=\"mainContentOfPage\"  class='template-page content  av-content-small alpha units'><div class='post-entry post-entry-type-page post-entry-772'><div class='entry-content-wrapper clearfix'>\n<div  class='flex_column av-1jbno4-72d8a46d3b2f333a6c90611ad96919de av_one_full  avia-builder-el-1  el_before_av_one_full  avia-builder-el-first  first flex_column_div  '     ><section  class='av_textblock_section av-mmalzyy8-43d53e6634899ebc14d28bc07cf043f6 '   itemscope=\"itemscope\" itemtype=\"https:\/\/schema.org\/CreativeWork\" ><div class='avia_textblock'  itemprop=\"text\" ><h1>Montage von Curtain-Wall-Systemen im Industrie- und Hallenbau<\/h1>\n<p>Curtain-Wall-Systeme, auch als vorgeh\u00e4ngte Glasfassaden bekannt, sind im Industrie- und Hallenbau eine leistungsf\u00e4hige L\u00f6sung f\u00fcr gro\u00dffl\u00e4chige, nichttragende Fassadenkonstruktionen. Sie werden insbesondere dort eingesetzt, wo transparente Fassadenbereiche mit hoher technischer Leistungsf\u00e4higkeit kombiniert werden sollen. Neben der architektonischen Wirkung stehen dabei statische Anforderungen, Dichtigkeit, W\u00e4rmeschutz und eine dauerhaft sichere Befestigung im Mittelpunkt.<\/p>\n<p>Unsere erfahrenen Monteure unterst\u00fctzen Bauunternehmen, Fassadenbauer und Metallbauunternehmen bei der fachgerechten Montage von Curtain-Wall-Systemen im Industrie- und Hallenbau. Die Arbeiten erfolgen strukturiert nach technischen Zeichnungen, Systemvorgaben und projektspezifischen Montagepl\u00e4nen. Bundesweit einsetzbar und bei Bedarf auch kurzfristig verf\u00fcgbar.<\/p>\n<\/div><\/section><\/div><div class='flex_column_table av-1evwwc-d4a2c4ece02de4288d00c8cfe6358d98 sc-av_one_full av-equal-height-column-flextable'><div  class='flex_column av-1evwwc-d4a2c4ece02de4288d00c8cfe6358d98 av_one_full  avia-builder-el-3  el_after_av_one_full  el_before_av_one_full  first flex_column_table_cell av-equal-height-column av-align-middle  column-top-margin'     ><section  class='av_textblock_section av-mmam07dn-452ede003bc8d66384e3be1529b2cfc5 '   itemscope=\"itemscope\" itemtype=\"https:\/\/schema.org\/CreativeWork\" ><div class='avia_textblock'  itemprop=\"text\" ><h2>Aufbau und Funktionsweise von Curtain-Wall-Konstruktionen<\/h2>\n<p>Curtain-Wall-Systeme bestehen aus einer eigenst\u00e4ndigen Fassadenkonstruktion, die vor die tragende Geb\u00e4udestruktur geh\u00e4ngt wird. Die Lastabtragung erfolgt \u00fcber definierte Befestigungspunkte am Bauk\u00f6rper, w\u00e4hrend die Fassade selbst keine tragende Funktion f\u00fcr das Geb\u00e4ude \u00fcbernimmt. Diese Bauweise erm\u00f6glicht gro\u00dffl\u00e4chige Verglasungen und flexible Fassadengestaltungen bei gleichzeitig kontrollierter Montage.<\/p>\n<p>Unsere Montageteams \u00fcbernehmen insbesondere:<\/p>\n<ul>\n<li>Montage der tragenden Aluminium- oder Stahlprofile<\/li>\n<li>Ausrichtung der vertikalen und horizontalen Systemkomponenten<\/li>\n<li>Einsetzen von Glas- und Fassadenelementen<\/li>\n<li>Ausbildung von Dehnungsfugen und Bewegungsanschl\u00fcssen<\/li>\n<li>Integration von Dicht- und Entw\u00e4sserungssystemen<\/li>\n<\/ul>\n<p>Die exakte Ausrichtung der Konstruktion ist entscheidend f\u00fcr die Funktionsf\u00e4higkeit des gesamten Systems. Gerade bei gro\u00dfformatigen Glasfl\u00e4chen im Industrie- und Hallenbau m\u00fcssen Ma\u00dfhaltigkeit und Spannungsfreiheit konsequent eingehalten werden.<\/p>\n<\/div><\/section><\/div><\/div><!--close column table wrapper. Autoclose: 1 --><div  class='flex_column av-zacuk-7d05e71b0a0ac1bdcb32881d1bc95e93 av_one_full  avia-builder-el-5  el_after_av_one_full  avia-builder-el-last  first flex_column_div  column-top-margin'     ><section  class='av_textblock_section av-mmam0ad2-4550ee20d0ef8517e993bda57497eb64 '   itemscope=\"itemscope\" itemtype=\"https:\/\/schema.org\/CreativeWork\" ><div class='avia_textblock'  itemprop=\"text\" ><h2>Gro\u00dffl\u00e4chige Glasfassaden im Industriebau<\/h2>\n<p>Im Industrie- und Hallenbau kommen Curtain-Wall-Systeme h\u00e4ufig bei Verwaltungsbereichen, Eingangsfronten oder repr\u00e4sentativen Hallenfassaden zum Einsatz. Neben der optischen Wirkung spielen bauphysikalische Eigenschaften wie W\u00e4rmed\u00e4mmung, Luftdichtigkeit und Schlagregendichtheit eine zentrale Rolle.<\/p>\n<p>Unsere erfahrenen Monteure sind mit der Montage gro\u00dfformatiger Verglasungssysteme vertraut und arbeiten sicher unter industriellen Baustellenbedingungen. Die Integration von \u00d6ffnungsfl\u00fcgeln, L\u00fcftungselementen oder Sonderkonstruktionen erfolgt in Abstimmung mit den jeweiligen Systemvorgaben.<\/p>\n<h2>Montage unter industriellen Baustellenbedingungen<\/h2>\n<p>Die Installation von Curtain-Wall-Systemen erfolgt h\u00e4ufig unter Einsatz von Kr\u00e4nen, Hebesystemen oder Hubarbeitsb\u00fchnen. Gro\u00dfformatige Fassadenelemente m\u00fcssen pr\u00e4zise positioniert und spannungsfrei befestigt werden. Unsere Montageteams arbeiten planorientiert und unter Einhaltung aller geltenden Sicherheits- und Baustellenvorgaben.<\/p>\n<p>Eine klare Abstimmung innerhalb des Teams sowie mit angrenzenden Gewerken ist entscheidend f\u00fcr einen reibungslosen Bauablauf. Insbesondere bei gro\u00dfvolumigen Industrieprojekten sind strukturierte Montageabschnitte und koordinierte Abl\u00e4ufe von hoher Bedeutung.<\/p>\n<h2>Anschlussdetails und Systemintegration<\/h2>\n<p>Die Ausbildung von Anschlussdetails an Dach, Bodenplatte oder angrenzende Fassadensysteme erfordert eine pr\u00e4zise Umsetzung. Fehler in diesen Bereichen k\u00f6nnen die Funktionsf\u00e4higkeit der gesamten Fassade beeintr\u00e4chtigen.<\/p>\n<p>Unsere Montageteams achten auf eine sorgf\u00e4ltige Ausf\u00fchrung aller \u00dcberg\u00e4nge, Abdichtungen und Systemanschl\u00fcsse. Die Arbeiten erfolgen gem\u00e4\u00df den jeweiligen Systemrichtlinien sowie den projektspezifischen Anforderungen.<\/p>\n<h2>Montageteams ab zwei erfahrenen Monteuren<\/h2>\n<p>Wir stellen eingespielte Montageteams mit mindestens zwei erfahrenen Monteuren zur Verf\u00fcgung. Je nach Projektgr\u00f6\u00dfe und Umfang der Fassadenfl\u00e4che k\u00f6nnen entsprechend gr\u00f6\u00dfere Teams eingesetzt werden.<\/p>\n<p>Diese Teamstruktur gew\u00e4hrleistet sichere Arbeitsabl\u00e4ufe, eine klare interne Abstimmung und eine zuverl\u00e4ssige Umsetzung auch bei technisch anspruchsvollen Curtain-Wall-Systemen im Industrie- und Hallenbau.<\/p>\n<h2>Ihr Partner f\u00fcr Curtain-Wall-Montage<\/h2>\n<p>Curtain-Wall-Systeme im Industrie- und Hallenbau erfordern Pr\u00e4zision, technische Erfahrung und eine strukturierte Montageplanung. Mit unseren spezialisierten Montageteams unterst\u00fctzen wir Ihr Projekt von der Tragkonstruktion bis zur finalen Verglasung \u2013 flexibel, zuverl\u00e4ssig und bundesweit einsetzbar.<\/p>\n<p>Wir stellen qualifizierte und erfahrene Montageteams f\u00fcr Curtain-Wall-Systeme im gesamten Bundesgebiet zur Verf\u00fcgung.<\/p>\n<\/div><\/section><\/div><\/div><\/div><\/main><!-- close content main element --><\/div><\/div>\n<style type=\"text\/css\" data-created_by=\"avia_inline_auto\" id=\"style-css-av-r3plg-d713b35f2798518382d61fc78c608608\">\n.avia-section.av-r3plg-d713b35f2798518382d61fc78c608608{\nposition:relative;\n}\n.avia-section.av-r3plg-d713b35f2798518382d61fc78c608608 .av-parallax .av-parallax-inner{\nbackground-repeat:no-repeat;\nbackground-image:url(https:\/\/www.monteure-auf-zeit.de\/home\/wp-content\/uploads\/2022\/03\/AdobeStock_43086186.jpeg);\nbackground-position:50% 50%;\nbackground-attachment:scroll;\n}\n.avia-section.av-r3plg-d713b35f2798518382d61fc78c608608 .av-section-color-overlay{\nopacity:0.5;\nbackground-color:#000000;\n}\n.avia-section.av-r3plg-d713b35f2798518382d61fc78c608608 .avia-divider-svg-top svg{\nheight:50px;\nwidth:calc(100% + 1.3px);\nfill:#ffffff;\n}\n<\/style>\n<div id='av_section_2'  class='avia-section av-r3plg-d713b35f2798518382d61fc78c608608 main_color avia-section-default avia-no-border-styling  avia-builder-el-7  el_after_av_section  avia-builder-el-last  avia-full-stretch av-parallax-section avia-bg-style-parallax av-section-color-overlay-active av-minimum-height av-minimum-height-50 av-height-50  container_wrap sidebar_right'  data-section-bg-repeat='stretch' data-av_minimum_height_pc='50' data-av_min_height_opt='50'><div class='avia-divider-svg avia-divider-svg-curve avia-divider-svg-top avia-to-front avia-svg-original'><svg xmlns=\"http:\/\/www.w3.org\/2000\/svg\" viewBox=\"0 0 1000 100\" preserveAspectRatio=\"none\">\n    <path d=\"M1000,4.3V0H0v4.3C0.9,23.1,126.7,99.2,500,100S1000,22.7,1000,4.3z\"\/>\n<\/svg><\/div><div class='av-parallax' data-avia-parallax-ratio='0.3' ><div class='av-parallax-inner main_color avia-full-stretch'><\/div><\/div><div class=\"av-section-color-overlay-wrap\"><div class=\"av-section-color-overlay\"><\/div><div class='container av-section-cont-open' ><div class='template-page content  av-content-small alpha units'><div class='post-entry post-entry-type-page post-entry-772'><div class='entry-content-wrapper clearfix'>\n\n<style type=\"text\/css\" data-created_by=\"avia_inline_auto\" id=\"style-css-av-kze9o-8f5edd1ce5c83516b178703e17a95c63\">\n.flex_column.av-kze9o-8f5edd1ce5c83516b178703e17a95c63{\nborder-radius:0px 0px 0px 0px;\npadding:0px 0px 0px 0px;\n}\n<\/style>\n<div  class='flex_column av-kze9o-8f5edd1ce5c83516b178703e17a95c63 av_one_fifth  avia-builder-el-8  el_before_av_three_fifth  avia-builder-el-first  first flex_column_div av-zero-column-padding  '     ><\/div>\n<style type=\"text\/css\" data-created_by=\"avia_inline_auto\" id=\"style-css-av-g6a0k-ff75ec8f993eb7acdbf2018062c08371\">\n.flex_column.av-g6a0k-ff75ec8f993eb7acdbf2018062c08371{\nborder-radius:0px 0px 0px 0px;\npadding:0px 0px 0px 0px;\n}\n<\/style>\n<div  class='flex_column av-g6a0k-ff75ec8f993eb7acdbf2018062c08371 av_three_fifth  avia-builder-el-9  el_after_av_one_fifth  avia-builder-el-last  flex_column_div av-zero-column-padding  '     ><div  class='avia-button-wrap avia-button-center  avia-builder-el-10  avia-builder-el-no-sibling '>\n<style type=\"text\/css\" data-created_by=\"avia_inline_auto\" id=\"style-css-av-9z4u4-5299f2611dfc84da84b64ad661c1aafd\">\n#top #wrap_all .avia-button.av-9z4u4-5299f2611dfc84da84b64ad661c1aafd{\ncolor:#ffffff;\ntransition:all 0.4s ease-in-out;\n}\n#top #wrap_all .avia-button.av-9z4u4-5299f2611dfc84da84b64ad661c1aafd:hover{\ncolor:#ffffff;\ntransition:all 0.4s ease-in-out;\n}\n<\/style>\n<a href='https:\/\/www.monteure-auf-zeit.de\/home\/kontakt\/' class='avia-color-theme-color avia-button avia-button-fullwidth av-9z4u4-5299f2611dfc84da84b64ad661c1aafd avia-icon_select-yes-left-icon avia-color-theme-color'   aria-label=\"Hier geht\u2019s zum ersten Kontakt!\"><span class='avia_button_icon avia_button_icon_left' aria-hidden='true' data-av_icon='\ue80b' data-av_iconfont='entypo-fontello'><\/span><span class='avia_iconbox_title' >Hier geht\u2019s zum ersten Kontakt!<\/span><span class='avia_button_background avia-button avia-button-fullwidth avia-color-theme-color-highlight'><\/span><\/a><\/div><\/div>\n<\/div><\/div><\/div><!-- close content main div --><\/div><\/div><\/div><div id='after_section_2'  class='main_color av_default_container_wrap container_wrap sidebar_right'  ><div class='container av-section-cont-open' ><div class='template-page content  av-content-small alpha units'><div class='post-entry post-entry-type-page post-entry-772'><div class='entry-content-wrapper clearfix'><\/p>\n","protected":false},"excerpt":{"rendered":"","protected":false},"author":1,"featured_media":0,"parent":764,"menu_order":0,"comment_status":"closed","ping_status":"closed","template":"","meta":{"footnotes":""},"class_list":["post-772","page","type-page","status-publish","hentry"],"yoast_head":"<!-- This site is optimized with the Yoast SEO plugin v27.1.1 - https:\/\/yoast.com\/product\/yoast-seo-wordpress\/ -->\n<title>Curtain-Wall-Systeme | Erfahrene Monteure | kurzfristig einsatzbereit<\/title>\n<meta name=\"description\" content=\"Curtain-Wall-Systeme Montageteams f\u00fcr Metall-, Fassaden- und Paneelbau sowie K\u00fchlraumbau \u2013 \u2713erfahren \u2713pr\u00e4zise \u2713bundesweit kurzfristig einsatzbereit.\" \/>\n<meta name=\"robots\" content=\"index, follow, max-snippet:-1, max-image-preview:large, max-video-preview:-1\" \/>\n<link rel=\"canonical\" href=\"https:\/\/www.monteure-auf-zeit.de\/home\/leistungen\/industrieverglasung\/curtain-wall-systeme\/\" \/>\n<meta property=\"og:locale\" content=\"de_DE\" \/>\n<meta property=\"og:type\" content=\"article\" \/>\n<meta property=\"og:title\" content=\"Curtain-Wall-Systeme | Erfahrene Monteure | kurzfristig einsatzbereit\" \/>\n<meta property=\"og:description\" content=\"Curtain-Wall-Systeme Montageteams f\u00fcr Metall-, Fassaden- und Paneelbau sowie K\u00fchlraumbau \u2013 \u2713erfahren \u2713pr\u00e4zise \u2713bundesweit kurzfristig einsatzbereit.\" \/>\n<meta property=\"og:url\" content=\"https:\/\/www.monteure-auf-zeit.de\/home\/leistungen\/industrieverglasung\/curtain-wall-systeme\/\" \/>\n<meta property=\"og:site_name\" content=\"Pientka Monteure auf Zeit\" \/>\n<meta property=\"article:modified_time\" content=\"2026-03-12T08:19:18+00:00\" \/>\n<meta name=\"twitter:card\" content=\"summary_large_image\" \/>\n<meta name=\"twitter:label1\" content=\"Gesch\u00e4tzte Lesezeit\" \/>\n\t<meta name=\"twitter:data1\" content=\"16\u00a0Minuten\" \/>\n<script type=\"application\/ld+json\" class=\"yoast-schema-graph\">{\"@context\":\"https:\/\/schema.org\",\"@graph\":[{\"@type\":\"WebPage\",\"@id\":\"https:\/\/www.monteure-auf-zeit.de\/home\/leistungen\/industrieverglasung\/curtain-wall-systeme\/\",\"url\":\"https:\/\/www.monteure-auf-zeit.de\/home\/leistungen\/industrieverglasung\/curtain-wall-systeme\/\",\"name\":\"Curtain-Wall-Systeme | Erfahrene Monteure | kurzfristig einsatzbereit\",\"isPartOf\":{\"@id\":\"https:\/\/www.monteure-auf-zeit.de\/home\/#website\"},\"datePublished\":\"2026-03-03T07:22:24+00:00\",\"dateModified\":\"2026-03-12T08:19:18+00:00\",\"description\":\"Curtain-Wall-Systeme Montageteams f\u00fcr Metall-, Fassaden- und Paneelbau sowie K\u00fchlraumbau \u2013 \u2713erfahren \u2713pr\u00e4zise \u2713bundesweit kurzfristig einsatzbereit.\",\"breadcrumb\":{\"@id\":\"https:\/\/www.monteure-auf-zeit.de\/home\/leistungen\/industrieverglasung\/curtain-wall-systeme\/#breadcrumb\"},\"inLanguage\":\"de\",\"potentialAction\":[{\"@type\":\"ReadAction\",\"target\":[\"https:\/\/www.monteure-auf-zeit.de\/home\/leistungen\/industrieverglasung\/curtain-wall-systeme\/\"]}]},{\"@type\":\"BreadcrumbList\",\"@id\":\"https:\/\/www.monteure-auf-zeit.de\/home\/leistungen\/industrieverglasung\/curtain-wall-systeme\/#breadcrumb\",\"itemListElement\":[{\"@type\":\"ListItem\",\"position\":1,\"name\":\"Start\",\"item\":\"https:\/\/www.monteure-auf-zeit.de\/home\/home\/\"},{\"@type\":\"ListItem\",\"position\":2,\"name\":\"Leistungen\",\"item\":\"https:\/\/www.monteure-auf-zeit.de\/home\/leistungen\/\"},{\"@type\":\"ListItem\",\"position\":3,\"name\":\"Industrieverglasung\",\"item\":\"https:\/\/www.monteure-auf-zeit.de\/home\/leistungen\/industrieverglasung\/\"},{\"@type\":\"ListItem\",\"position\":4,\"name\":\"Curtain-Wall-Systeme\"}]},{\"@type\":\"WebSite\",\"@id\":\"https:\/\/www.monteure-auf-zeit.de\/home\/#website\",\"url\":\"https:\/\/www.monteure-auf-zeit.de\/home\/\",\"name\":\"Pientka Monteure auf Zeit\",\"description\":\"Erfahrene Monteure deutschlandweit kurzfristig einsatzbereit\",\"publisher\":{\"@id\":\"https:\/\/www.monteure-auf-zeit.de\/home\/#organization\"},\"potentialAction\":[{\"@type\":\"SearchAction\",\"target\":{\"@type\":\"EntryPoint\",\"urlTemplate\":\"https:\/\/www.monteure-auf-zeit.de\/home\/?s={search_term_string}\"},\"query-input\":{\"@type\":\"PropertyValueSpecification\",\"valueRequired\":true,\"valueName\":\"search_term_string\"}}],\"inLanguage\":\"de\"},{\"@type\":\"Organization\",\"@id\":\"https:\/\/www.monteure-auf-zeit.de\/home\/#organization\",\"name\":\"Pientka Monteure auf Zeit\",\"url\":\"https:\/\/www.monteure-auf-zeit.de\/home\/\",\"logo\":{\"@type\":\"ImageObject\",\"inLanguage\":\"de\",\"@id\":\"https:\/\/www.monteure-auf-zeit.de\/home\/#\/schema\/logo\/image\/\",\"url\":\"https:\/\/www.monteure-auf-zeit.de\/home\/wp-content\/uploads\/2022\/03\/logo_zeit_abstand.png\",\"contentUrl\":\"https:\/\/www.monteure-auf-zeit.de\/home\/wp-content\/uploads\/2022\/03\/logo_zeit_abstand.png\",\"width\":703,\"height\":674,\"caption\":\"Pientka Monteure auf Zeit\"},\"image\":{\"@id\":\"https:\/\/www.monteure-auf-zeit.de\/home\/#\/schema\/logo\/image\/\"}}]}<\/script>\n<!-- \/ Yoast SEO plugin. -->","yoast_head_json":{"title":"Curtain-Wall-Systeme | Erfahrene Monteure | kurzfristig einsatzbereit","description":"Curtain-Wall-Systeme Montageteams f\u00fcr Metall-, Fassaden- und Paneelbau sowie K\u00fchlraumbau \u2013 \u2713erfahren \u2713pr\u00e4zise \u2713bundesweit kurzfristig einsatzbereit.","robots":{"index":"index","follow":"follow","max-snippet":"max-snippet:-1","max-image-preview":"max-image-preview:large","max-video-preview":"max-video-preview:-1"},"canonical":"https:\/\/www.monteure-auf-zeit.de\/home\/leistungen\/industrieverglasung\/curtain-wall-systeme\/","og_locale":"de_DE","og_type":"article","og_title":"Curtain-Wall-Systeme | Erfahrene Monteure | kurzfristig einsatzbereit","og_description":"Curtain-Wall-Systeme Montageteams f\u00fcr Metall-, Fassaden- und Paneelbau sowie K\u00fchlraumbau \u2013 \u2713erfahren \u2713pr\u00e4zise \u2713bundesweit kurzfristig einsatzbereit.","og_url":"https:\/\/www.monteure-auf-zeit.de\/home\/leistungen\/industrieverglasung\/curtain-wall-systeme\/","og_site_name":"Pientka Monteure auf Zeit","article_modified_time":"2026-03-12T08:19:18+00:00","twitter_card":"summary_large_image","twitter_misc":{"Gesch\u00e4tzte Lesezeit":"16\u00a0Minuten"},"schema":{"@context":"https:\/\/schema.org","@graph":[{"@type":"WebPage","@id":"https:\/\/www.monteure-auf-zeit.de\/home\/leistungen\/industrieverglasung\/curtain-wall-systeme\/","url":"https:\/\/www.monteure-auf-zeit.de\/home\/leistungen\/industrieverglasung\/curtain-wall-systeme\/","name":"Curtain-Wall-Systeme | Erfahrene Monteure | kurzfristig einsatzbereit","isPartOf":{"@id":"https:\/\/www.monteure-auf-zeit.de\/home\/#website"},"datePublished":"2026-03-03T07:22:24+00:00","dateModified":"2026-03-12T08:19:18+00:00","description":"Curtain-Wall-Systeme Montageteams f\u00fcr Metall-, Fassaden- und Paneelbau sowie K\u00fchlraumbau \u2013 \u2713erfahren \u2713pr\u00e4zise \u2713bundesweit kurzfristig einsatzbereit.","breadcrumb":{"@id":"https:\/\/www.monteure-auf-zeit.de\/home\/leistungen\/industrieverglasung\/curtain-wall-systeme\/#breadcrumb"},"inLanguage":"de","potentialAction":[{"@type":"ReadAction","target":["https:\/\/www.monteure-auf-zeit.de\/home\/leistungen\/industrieverglasung\/curtain-wall-systeme\/"]}]},{"@type":"BreadcrumbList","@id":"https:\/\/www.monteure-auf-zeit.de\/home\/leistungen\/industrieverglasung\/curtain-wall-systeme\/#breadcrumb","itemListElement":[{"@type":"ListItem","position":1,"name":"Start","item":"https:\/\/www.monteure-auf-zeit.de\/home\/home\/"},{"@type":"ListItem","position":2,"name":"Leistungen","item":"https:\/\/www.monteure-auf-zeit.de\/home\/leistungen\/"},{"@type":"ListItem","position":3,"name":"Industrieverglasung","item":"https:\/\/www.monteure-auf-zeit.de\/home\/leistungen\/industrieverglasung\/"},{"@type":"ListItem","position":4,"name":"Curtain-Wall-Systeme"}]},{"@type":"WebSite","@id":"https:\/\/www.monteure-auf-zeit.de\/home\/#website","url":"https:\/\/www.monteure-auf-zeit.de\/home\/","name":"Pientka Monteure auf Zeit","description":"Erfahrene Monteure deutschlandweit kurzfristig einsatzbereit","publisher":{"@id":"https:\/\/www.monteure-auf-zeit.de\/home\/#organization"},"potentialAction":[{"@type":"SearchAction","target":{"@type":"EntryPoint","urlTemplate":"https:\/\/www.monteure-auf-zeit.de\/home\/?s={search_term_string}"},"query-input":{"@type":"PropertyValueSpecification","valueRequired":true,"valueName":"search_term_string"}}],"inLanguage":"de"},{"@type":"Organization","@id":"https:\/\/www.monteure-auf-zeit.de\/home\/#organization","name":"Pientka Monteure auf Zeit","url":"https:\/\/www.monteure-auf-zeit.de\/home\/","logo":{"@type":"ImageObject","inLanguage":"de","@id":"https:\/\/www.monteure-auf-zeit.de\/home\/#\/schema\/logo\/image\/","url":"https:\/\/www.monteure-auf-zeit.de\/home\/wp-content\/uploads\/2022\/03\/logo_zeit_abstand.png","contentUrl":"https:\/\/www.monteure-auf-zeit.de\/home\/wp-content\/uploads\/2022\/03\/logo_zeit_abstand.png","width":703,"height":674,"caption":"Pientka Monteure auf Zeit"},"image":{"@id":"https:\/\/www.monteure-auf-zeit.de\/home\/#\/schema\/logo\/image\/"}}]}},"_links":{"self":[{"href":"https:\/\/www.monteure-auf-zeit.de\/home\/wp-json\/wp\/v2\/pages\/772","targetHints":{"allow":["GET"]}}],"collection":[{"href":"https:\/\/www.monteure-auf-zeit.de\/home\/wp-json\/wp\/v2\/pages"}],"about":[{"href":"https:\/\/www.monteure-auf-zeit.de\/home\/wp-json\/wp\/v2\/types\/page"}],"author":[{"embeddable":true,"href":"https:\/\/www.monteure-auf-zeit.de\/home\/wp-json\/wp\/v2\/users\/1"}],"replies":[{"embeddable":true,"href":"https:\/\/www.monteure-auf-zeit.de\/home\/wp-json\/wp\/v2\/comments?post=772"}],"version-history":[{"count":3,"href":"https:\/\/www.monteure-auf-zeit.de\/home\/wp-json\/wp\/v2\/pages\/772\/revisions"}],"predecessor-version":[{"id":1177,"href":"https:\/\/www.monteure-auf-zeit.de\/home\/wp-json\/wp\/v2\/pages\/772\/revisions\/1177"}],"up":[{"embeddable":true,"href":"https:\/\/www.monteure-auf-zeit.de\/home\/wp-json\/wp\/v2\/pages\/764"}],"wp:attachment":[{"href":"https:\/\/www.monteure-auf-zeit.de\/home\/wp-json\/wp\/v2\/media?parent=772"}],"curies":[{"name":"wp","href":"https:\/\/api.w.org\/{rel}","templated":true}]}}