{"id":758,"date":"2026-03-03T07:19:35","date_gmt":"2026-03-03T07:19:35","guid":{"rendered":"https:\/\/www.monteure-auf-zeit.de\/home\/?page_id=758"},"modified":"2026-03-12T08:18:20","modified_gmt":"2026-03-12T08:18:20","slug":"kassettenfassaden","status":"publish","type":"page","link":"https:\/\/www.monteure-auf-zeit.de\/home\/leistungen\/metallfassaden\/kassettenfassaden\/","title":{"rendered":"Kassettenfassaden"},"content":{"rendered":"<div id='av_section_1'  class='avia-section av-1rd6hy-01f72343a72e6ddc25db20c8b955376a main_color avia-section-default avia-no-border-styling  avia-builder-el-0  el_before_av_section  avia-builder-el-first  avia-bg-style-scroll container_wrap sidebar_right'  ><div class='container av-section-cont-open' ><main  role=\"main\" itemprop=\"mainContentOfPage\"  class='template-page content  av-content-small alpha units'><div class='post-entry post-entry-type-page post-entry-758'><div class='entry-content-wrapper clearfix'>\n<div  class='flex_column av-1jfk3a-93dd59d22501ec41b98a0546991f8d0d av_one_full  avia-builder-el-1  el_before_av_one_full  avia-builder-el-first  first flex_column_div  '     ><section  class='av_textblock_section av-mmalhv4a-97c21ed04cd022a86ecc33fe023cf6cb '   itemscope=\"itemscope\" itemtype=\"https:\/\/schema.org\/CreativeWork\" ><div class='avia_textblock'  itemprop=\"text\" ><h1>Montage von Kassettenfassaden im Industrie- und Hallenbau<\/h1>\n<p>Kassettenfassaden kommen im Industrie- und Hallenbau h\u00e4ufig zum Einsatz, wenn gro\u00dffl\u00e4chige Fassadenbereiche wirtschaftlich, robust und optisch klar strukturiert umgesetzt werden sollen. Die einzelnen Fassadenkassetten erm\u00f6glichen eine pr\u00e4zise Rasterung, flexible Gestaltung und eine effiziente Montage auf weitl\u00e4ufigen Geb\u00e4udefl\u00e4chen.<\/p>\n<p>Unsere Montageteams unterst\u00fctzen Bauunternehmen, Metallbauer und Fassadenbauer bei der fachgerechten Montage von Kassettenfassaden im Industrie- und Hallenbau \u2013 bundesweit und bei Bedarf auch kurzfristig verf\u00fcgbar.<\/p>\n<\/div><\/section><\/div><div class='flex_column_table av-1cqn92-e65f5ff2966c3efc71989e20bfebc2c8 sc-av_one_full av-equal-height-column-flextable'><div  class='flex_column av-1cqn92-e65f5ff2966c3efc71989e20bfebc2c8 av_one_full  avia-builder-el-3  el_after_av_one_full  el_before_av_one_full  first flex_column_table_cell av-equal-height-column av-align-middle  column-top-margin'     ><section  class='av_textblock_section av-mmalhzn5-8135e7587404d95a6ac84aa2742319f2 '   itemscope=\"itemscope\" itemtype=\"https:\/\/schema.org\/CreativeWork\" ><div class='avia_textblock'  itemprop=\"text\" ><h2>Fachgerechte Montage von Fassadenkassetten<\/h2>\n<p>Die Montage von Kassettenfassaden erfordert eine exakte Ausrichtung der Unterkonstruktion sowie eine ma\u00dfhaltige Positionierung der einzelnen Kassettenelemente. Bereits geringe Abweichungen k\u00f6nnen das Fassadenbild und die Passgenauigkeit beeintr\u00e4chtigen.<\/p>\n<p>Unsere Monteure verf\u00fcgen \u00fcber Erfahrung in der Montage von:<\/p>\n<ul>\n<li>Aluminium-Kassettenfassaden<\/li>\n<li>Stahlkassettenfassaden<\/li>\n<li>Gro\u00dfformatigen Fassadenkassetten<\/li>\n<li>Individuell gefertigten Kassettenelementen<\/li>\n<li>Anschluss- und Eckl\u00f6sungen bei Kassettenfassaden<\/li>\n<\/ul>\n<p>Die Montage erfolgt nach technischen Zeichnungen und projektspezifischen Vorgaben. Dabei achten unsere Teams auf gleichm\u00e4\u00dfige Fugenbilder, exakte Linienf\u00fchrung und eine spannungsfreie Befestigung der Fassadenelemente.<\/p>\n<h2><\/h2>\n<\/div><\/section><\/div><\/div><!--close column table wrapper. Autoclose: 1 --><div  class='flex_column av-xepni-f65f0900c04fdc59d5d343cfa198e8d1 av_one_full  avia-builder-el-5  el_after_av_one_full  avia-builder-el-last  first flex_column_div  column-top-margin'     ><section  class='av_textblock_section av-mmali2ne-b1340514dc095f9ef2de3fe158cd5797 '   itemscope=\"itemscope\" itemtype=\"https:\/\/schema.org\/CreativeWork\" ><div class='avia_textblock'  itemprop=\"text\" ><h2>Unterkonstruktion als Grundlage der Fassadenmontage<\/h2>\n<p>Eine pr\u00e4zise montierte Unterkonstruktion bildet die Basis f\u00fcr jede Kassettenfassade. Unsere Montageteams \u00fcbernehmen die Montage und Ausrichtung von:<\/p>\n<ul>\n<li>Tragprofilen und Schienensystemen<\/li>\n<li>Konsolen und Befestigungselementen<\/li>\n<li>Stahl- und Aluminium-Unterkonstruktionen<\/li>\n<li>Halte- und Fixiersystemen f\u00fcr Fassadenkassetten<\/li>\n<\/ul>\n<p>Die exakte Vorbereitung der Unterkonstruktion ist entscheidend f\u00fcr die sp\u00e4tere Montagegeschwindigkeit und ein sauberes Fassadenergebnis.<\/p>\n<h2>Einsatzbereiche im Industrie- und Hallenbau<\/h2>\n<p>Kassettenfassaden werden insbesondere bei gro\u00dffl\u00e4chigen Industrie- und Hallengeb\u00e4uden eingesetzt. Unsere Montageteams unterst\u00fctzen Projekte in:<\/p>\n<ul>\n<li>Produktionshallen<\/li>\n<li>Logistikzentren<\/li>\n<li>Lagerhallen<\/li>\n<li>Technik- und Anlagengeb\u00e4uden<\/li>\n<li>Industrieerweiterungen und Bestandsmodernisierungen<\/li>\n<\/ul>\n<p>Durch unsere Spezialisierung auf Industrie- und Hallenbau sind unsere Teams mit gro\u00dffl\u00e4chigen Fassadenmontagen und strukturierten Bauabl\u00e4ufen vertraut.<\/p>\n<h2>Montage in H\u00f6hen und auf Gro\u00dfbaustellen<\/h2>\n<p>Die Installation von Kassettenfassaden erfolgt h\u00e4ufig in gro\u00dfen H\u00f6hen und unter Einsatz von Hubarbeitsb\u00fchnen oder Kr\u00e4nen. Unsere Monteure arbeiten sicher, planorientiert und unter Einhaltung der geltenden Baustellen- und Sicherheitsvorgaben.<\/p>\n<p>Die Abstimmung mit angrenzenden Gewerken sowie eine saubere Abschnittsplanung sind wesentliche Bestandteile einer effizienten Fassadenmontage.<\/p>\n<h2>Montageteams ab zwei Fachmonteuren<\/h2>\n<p>Wir stellen eingespielte Montageteams mit mindestens zwei qualifizierten Fachmonteuren zur Verf\u00fcgung. Abh\u00e4ngig von Projektumfang und Bauabschnitt k\u00f6nnen entsprechend gr\u00f6\u00dfere Teams eingesetzt werden.<\/p>\n<p>Diese Teamstruktur gew\u00e4hrleistet eine koordinierte Arbeitsweise, effiziente Montageabl\u00e4ufe und eine zuverl\u00e4ssige Umsetzung auch bei umfangreichen Kassettenfassaden im Industrie- und Hallenbau.<\/p>\n<h2>Ihr Partner f\u00fcr Kassettenfassaden-Montage<\/h2>\n<p>Kassettenfassaden im Industriebau erfordern Pr\u00e4zision, Erfahrung und eine strukturierte Vorgehensweise. Mit unseren spezialisierten Montageteams unterst\u00fctzen wir Ihr Projekt von der Unterkonstruktion bis zur finalen Montage der Fassadenelemente \u2013 flexibel und bundesweit einsetzbar.<\/p>\n<p>Wir stellen qualifizierte Montageteams f\u00fcr Kassettenfassaden im gesamten Bundesgebiet zur Verf\u00fcgung.<\/p>\n<\/div><\/section><\/div><\/div><\/div><\/main><!-- close content main element --><\/div><\/div>\n<style type=\"text\/css\" data-created_by=\"avia_inline_auto\" id=\"style-css-av-sj8iu-7a78f0915209d20eec3368cedde0502e\">\n.avia-section.av-sj8iu-7a78f0915209d20eec3368cedde0502e{\nposition:relative;\n}\n.avia-section.av-sj8iu-7a78f0915209d20eec3368cedde0502e .av-parallax .av-parallax-inner{\nbackground-repeat:no-repeat;\nbackground-image:url(https:\/\/www.monteure-auf-zeit.de\/home\/wp-content\/uploads\/2022\/03\/AdobeStock_43086186.jpeg);\nbackground-position:50% 50%;\nbackground-attachment:scroll;\n}\n.avia-section.av-sj8iu-7a78f0915209d20eec3368cedde0502e .av-section-color-overlay{\nopacity:0.5;\nbackground-color:#000000;\n}\n.avia-section.av-sj8iu-7a78f0915209d20eec3368cedde0502e .avia-divider-svg-top svg{\nheight:50px;\nwidth:calc(100% + 1.3px);\nfill:#ffffff;\n}\n<\/style>\n<div id='av_section_2'  class='avia-section av-sj8iu-7a78f0915209d20eec3368cedde0502e main_color avia-section-default avia-no-border-styling  avia-builder-el-7  el_after_av_section  avia-builder-el-last  avia-full-stretch av-parallax-section avia-bg-style-parallax av-section-color-overlay-active av-minimum-height av-minimum-height-50 av-height-50  container_wrap sidebar_right'  data-section-bg-repeat='stretch' data-av_minimum_height_pc='50' data-av_min_height_opt='50'><div class='avia-divider-svg avia-divider-svg-curve avia-divider-svg-top avia-to-front avia-svg-original'><svg xmlns=\"http:\/\/www.w3.org\/2000\/svg\" viewBox=\"0 0 1000 100\" preserveAspectRatio=\"none\">\n    <path d=\"M1000,4.3V0H0v4.3C0.9,23.1,126.7,99.2,500,100S1000,22.7,1000,4.3z\"\/>\n<\/svg><\/div><div class='av-parallax' data-avia-parallax-ratio='0.3' ><div class='av-parallax-inner main_color avia-full-stretch'><\/div><\/div><div class=\"av-section-color-overlay-wrap\"><div class=\"av-section-color-overlay\"><\/div><div class='container av-section-cont-open' ><div class='template-page content  av-content-small alpha units'><div class='post-entry post-entry-type-page post-entry-758'><div class='entry-content-wrapper clearfix'>\n\n<style type=\"text\/css\" data-created_by=\"avia_inline_auto\" id=\"style-css-av-ko5xq-b15f00d0cbe3e55c489d09311a4b7dff\">\n.flex_column.av-ko5xq-b15f00d0cbe3e55c489d09311a4b7dff{\nborder-radius:0px 0px 0px 0px;\npadding:0px 0px 0px 0px;\n}\n<\/style>\n<div  class='flex_column av-ko5xq-b15f00d0cbe3e55c489d09311a4b7dff av_one_fifth  avia-builder-el-8  el_before_av_three_fifth  avia-builder-el-first  first flex_column_div av-zero-column-padding  '     ><\/div>\n<style type=\"text\/css\" data-created_by=\"avia_inline_auto\" id=\"style-css-av-ho2qe-99a7ca06e06744b13064cefb546b4b30\">\n.flex_column.av-ho2qe-99a7ca06e06744b13064cefb546b4b30{\nborder-radius:0px 0px 0px 0px;\npadding:0px 0px 0px 0px;\n}\n<\/style>\n<div  class='flex_column av-ho2qe-99a7ca06e06744b13064cefb546b4b30 av_three_fifth  avia-builder-el-9  el_after_av_one_fifth  avia-builder-el-last  flex_column_div av-zero-column-padding  '     ><div  class='avia-button-wrap avia-button-center  avia-builder-el-10  avia-builder-el-no-sibling '>\n<style type=\"text\/css\" data-created_by=\"avia_inline_auto\" id=\"style-css-av-8ez7y-adf82571e3bd8521d169a58f402ad30f\">\n#top #wrap_all .avia-button.av-8ez7y-adf82571e3bd8521d169a58f402ad30f{\ncolor:#ffffff;\ntransition:all 0.4s ease-in-out;\n}\n#top #wrap_all .avia-button.av-8ez7y-adf82571e3bd8521d169a58f402ad30f:hover{\ncolor:#ffffff;\ntransition:all 0.4s ease-in-out;\n}\n<\/style>\n<a href='https:\/\/www.monteure-auf-zeit.de\/home\/kontakt\/' class='avia-color-theme-color avia-button avia-button-fullwidth av-8ez7y-adf82571e3bd8521d169a58f402ad30f avia-icon_select-yes-left-icon avia-color-theme-color'   aria-label=\"Hier geht\u2019s zum ersten Kontakt!\"><span class='avia_button_icon avia_button_icon_left' aria-hidden='true' data-av_icon='\ue80b' data-av_iconfont='entypo-fontello'><\/span><span class='avia_iconbox_title' >Hier geht\u2019s zum ersten Kontakt!<\/span><span class='avia_button_background avia-button avia-button-fullwidth avia-color-theme-color-highlight'><\/span><\/a><\/div><\/div>\n<\/div><\/div><\/div><!-- close content main div --><\/div><\/div><\/div><div id='after_section_2'  class='main_color av_default_container_wrap container_wrap sidebar_right'  ><div class='container av-section-cont-open' ><div class='template-page content  av-content-small alpha units'><div class='post-entry post-entry-type-page post-entry-758'><div class='entry-content-wrapper clearfix'><\/p>\n","protected":false},"excerpt":{"rendered":"","protected":false},"author":1,"featured_media":0,"parent":752,"menu_order":0,"comment_status":"closed","ping_status":"closed","template":"","meta":{"footnotes":""},"class_list":["post-758","page","type-page","status-publish","hentry"],"yoast_head":"<!-- This site is optimized with the Yoast SEO plugin v27.1.1 - https:\/\/yoast.com\/product\/yoast-seo-wordpress\/ -->\n<title>Kassettenfassaden | Erfahrene Monteure | kurzfristig einsatzbereit<\/title>\n<meta name=\"description\" content=\"Kassettenfassaden Montageteams f\u00fcr Metall-, Fassaden- und Paneelbau sowie K\u00fchlraumbau \u2013 \u2713erfahren \u2713pr\u00e4zise \u2713bundesweit kurzfristig einsatzbereit.\" \/>\n<meta name=\"robots\" content=\"index, follow, max-snippet:-1, max-image-preview:large, max-video-preview:-1\" \/>\n<link rel=\"canonical\" href=\"https:\/\/www.monteure-auf-zeit.de\/home\/leistungen\/metallfassaden\/kassettenfassaden\/\" \/>\n<meta property=\"og:locale\" content=\"de_DE\" \/>\n<meta property=\"og:type\" content=\"article\" \/>\n<meta property=\"og:title\" content=\"Kassettenfassaden | Erfahrene Monteure | kurzfristig einsatzbereit\" \/>\n<meta property=\"og:description\" content=\"Kassettenfassaden Montageteams f\u00fcr Metall-, Fassaden- und Paneelbau sowie K\u00fchlraumbau \u2013 \u2713erfahren \u2713pr\u00e4zise \u2713bundesweit kurzfristig einsatzbereit.\" \/>\n<meta property=\"og:url\" content=\"https:\/\/www.monteure-auf-zeit.de\/home\/leistungen\/metallfassaden\/kassettenfassaden\/\" \/>\n<meta property=\"og:site_name\" content=\"Pientka Monteure auf Zeit\" \/>\n<meta property=\"article:modified_time\" content=\"2026-03-12T08:18:20+00:00\" \/>\n<meta name=\"twitter:card\" content=\"summary_large_image\" \/>\n<meta name=\"twitter:label1\" content=\"Gesch\u00e4tzte Lesezeit\" \/>\n\t<meta name=\"twitter:data1\" content=\"16\u00a0Minuten\" \/>\n<script type=\"application\/ld+json\" class=\"yoast-schema-graph\">{\"@context\":\"https:\/\/schema.org\",\"@graph\":[{\"@type\":\"WebPage\",\"@id\":\"https:\/\/www.monteure-auf-zeit.de\/home\/leistungen\/metallfassaden\/kassettenfassaden\/\",\"url\":\"https:\/\/www.monteure-auf-zeit.de\/home\/leistungen\/metallfassaden\/kassettenfassaden\/\",\"name\":\"Kassettenfassaden | Erfahrene Monteure | kurzfristig einsatzbereit\",\"isPartOf\":{\"@id\":\"https:\/\/www.monteure-auf-zeit.de\/home\/#website\"},\"datePublished\":\"2026-03-03T07:19:35+00:00\",\"dateModified\":\"2026-03-12T08:18:20+00:00\",\"description\":\"Kassettenfassaden Montageteams f\u00fcr Metall-, Fassaden- und Paneelbau sowie K\u00fchlraumbau \u2013 \u2713erfahren \u2713pr\u00e4zise \u2713bundesweit kurzfristig einsatzbereit.\",\"breadcrumb\":{\"@id\":\"https:\/\/www.monteure-auf-zeit.de\/home\/leistungen\/metallfassaden\/kassettenfassaden\/#breadcrumb\"},\"inLanguage\":\"de\",\"potentialAction\":[{\"@type\":\"ReadAction\",\"target\":[\"https:\/\/www.monteure-auf-zeit.de\/home\/leistungen\/metallfassaden\/kassettenfassaden\/\"]}]},{\"@type\":\"BreadcrumbList\",\"@id\":\"https:\/\/www.monteure-auf-zeit.de\/home\/leistungen\/metallfassaden\/kassettenfassaden\/#breadcrumb\",\"itemListElement\":[{\"@type\":\"ListItem\",\"position\":1,\"name\":\"Start\",\"item\":\"https:\/\/www.monteure-auf-zeit.de\/home\/home\/\"},{\"@type\":\"ListItem\",\"position\":2,\"name\":\"Leistungen\",\"item\":\"https:\/\/www.monteure-auf-zeit.de\/home\/leistungen\/\"},{\"@type\":\"ListItem\",\"position\":3,\"name\":\"Metallfassaden\",\"item\":\"https:\/\/www.monteure-auf-zeit.de\/home\/leistungen\/metallfassaden\/\"},{\"@type\":\"ListItem\",\"position\":4,\"name\":\"Kassettenfassaden\"}]},{\"@type\":\"WebSite\",\"@id\":\"https:\/\/www.monteure-auf-zeit.de\/home\/#website\",\"url\":\"https:\/\/www.monteure-auf-zeit.de\/home\/\",\"name\":\"Pientka Monteure auf Zeit\",\"description\":\"Erfahrene Monteure deutschlandweit kurzfristig einsatzbereit\",\"publisher\":{\"@id\":\"https:\/\/www.monteure-auf-zeit.de\/home\/#organization\"},\"potentialAction\":[{\"@type\":\"SearchAction\",\"target\":{\"@type\":\"EntryPoint\",\"urlTemplate\":\"https:\/\/www.monteure-auf-zeit.de\/home\/?s={search_term_string}\"},\"query-input\":{\"@type\":\"PropertyValueSpecification\",\"valueRequired\":true,\"valueName\":\"search_term_string\"}}],\"inLanguage\":\"de\"},{\"@type\":\"Organization\",\"@id\":\"https:\/\/www.monteure-auf-zeit.de\/home\/#organization\",\"name\":\"Pientka Monteure auf Zeit\",\"url\":\"https:\/\/www.monteure-auf-zeit.de\/home\/\",\"logo\":{\"@type\":\"ImageObject\",\"inLanguage\":\"de\",\"@id\":\"https:\/\/www.monteure-auf-zeit.de\/home\/#\/schema\/logo\/image\/\",\"url\":\"https:\/\/www.monteure-auf-zeit.de\/home\/wp-content\/uploads\/2022\/03\/logo_zeit_abstand.png\",\"contentUrl\":\"https:\/\/www.monteure-auf-zeit.de\/home\/wp-content\/uploads\/2022\/03\/logo_zeit_abstand.png\",\"width\":703,\"height\":674,\"caption\":\"Pientka Monteure auf Zeit\"},\"image\":{\"@id\":\"https:\/\/www.monteure-auf-zeit.de\/home\/#\/schema\/logo\/image\/\"}}]}<\/script>\n<!-- \/ Yoast SEO plugin. -->","yoast_head_json":{"title":"Kassettenfassaden | Erfahrene Monteure | kurzfristig einsatzbereit","description":"Kassettenfassaden Montageteams f\u00fcr Metall-, Fassaden- und Paneelbau sowie K\u00fchlraumbau \u2013 \u2713erfahren \u2713pr\u00e4zise \u2713bundesweit kurzfristig einsatzbereit.","robots":{"index":"index","follow":"follow","max-snippet":"max-snippet:-1","max-image-preview":"max-image-preview:large","max-video-preview":"max-video-preview:-1"},"canonical":"https:\/\/www.monteure-auf-zeit.de\/home\/leistungen\/metallfassaden\/kassettenfassaden\/","og_locale":"de_DE","og_type":"article","og_title":"Kassettenfassaden | Erfahrene Monteure | kurzfristig einsatzbereit","og_description":"Kassettenfassaden Montageteams f\u00fcr Metall-, Fassaden- und Paneelbau sowie K\u00fchlraumbau \u2013 \u2713erfahren \u2713pr\u00e4zise \u2713bundesweit kurzfristig einsatzbereit.","og_url":"https:\/\/www.monteure-auf-zeit.de\/home\/leistungen\/metallfassaden\/kassettenfassaden\/","og_site_name":"Pientka Monteure auf Zeit","article_modified_time":"2026-03-12T08:18:20+00:00","twitter_card":"summary_large_image","twitter_misc":{"Gesch\u00e4tzte Lesezeit":"16\u00a0Minuten"},"schema":{"@context":"https:\/\/schema.org","@graph":[{"@type":"WebPage","@id":"https:\/\/www.monteure-auf-zeit.de\/home\/leistungen\/metallfassaden\/kassettenfassaden\/","url":"https:\/\/www.monteure-auf-zeit.de\/home\/leistungen\/metallfassaden\/kassettenfassaden\/","name":"Kassettenfassaden | Erfahrene Monteure | kurzfristig einsatzbereit","isPartOf":{"@id":"https:\/\/www.monteure-auf-zeit.de\/home\/#website"},"datePublished":"2026-03-03T07:19:35+00:00","dateModified":"2026-03-12T08:18:20+00:00","description":"Kassettenfassaden Montageteams f\u00fcr Metall-, Fassaden- und Paneelbau sowie K\u00fchlraumbau \u2013 \u2713erfahren \u2713pr\u00e4zise \u2713bundesweit kurzfristig einsatzbereit.","breadcrumb":{"@id":"https:\/\/www.monteure-auf-zeit.de\/home\/leistungen\/metallfassaden\/kassettenfassaden\/#breadcrumb"},"inLanguage":"de","potentialAction":[{"@type":"ReadAction","target":["https:\/\/www.monteure-auf-zeit.de\/home\/leistungen\/metallfassaden\/kassettenfassaden\/"]}]},{"@type":"BreadcrumbList","@id":"https:\/\/www.monteure-auf-zeit.de\/home\/leistungen\/metallfassaden\/kassettenfassaden\/#breadcrumb","itemListElement":[{"@type":"ListItem","position":1,"name":"Start","item":"https:\/\/www.monteure-auf-zeit.de\/home\/home\/"},{"@type":"ListItem","position":2,"name":"Leistungen","item":"https:\/\/www.monteure-auf-zeit.de\/home\/leistungen\/"},{"@type":"ListItem","position":3,"name":"Metallfassaden","item":"https:\/\/www.monteure-auf-zeit.de\/home\/leistungen\/metallfassaden\/"},{"@type":"ListItem","position":4,"name":"Kassettenfassaden"}]},{"@type":"WebSite","@id":"https:\/\/www.monteure-auf-zeit.de\/home\/#website","url":"https:\/\/www.monteure-auf-zeit.de\/home\/","name":"Pientka Monteure auf Zeit","description":"Erfahrene Monteure deutschlandweit kurzfristig einsatzbereit","publisher":{"@id":"https:\/\/www.monteure-auf-zeit.de\/home\/#organization"},"potentialAction":[{"@type":"SearchAction","target":{"@type":"EntryPoint","urlTemplate":"https:\/\/www.monteure-auf-zeit.de\/home\/?s={search_term_string}"},"query-input":{"@type":"PropertyValueSpecification","valueRequired":true,"valueName":"search_term_string"}}],"inLanguage":"de"},{"@type":"Organization","@id":"https:\/\/www.monteure-auf-zeit.de\/home\/#organization","name":"Pientka Monteure auf Zeit","url":"https:\/\/www.monteure-auf-zeit.de\/home\/","logo":{"@type":"ImageObject","inLanguage":"de","@id":"https:\/\/www.monteure-auf-zeit.de\/home\/#\/schema\/logo\/image\/","url":"https:\/\/www.monteure-auf-zeit.de\/home\/wp-content\/uploads\/2022\/03\/logo_zeit_abstand.png","contentUrl":"https:\/\/www.monteure-auf-zeit.de\/home\/wp-content\/uploads\/2022\/03\/logo_zeit_abstand.png","width":703,"height":674,"caption":"Pientka Monteure auf Zeit"},"image":{"@id":"https:\/\/www.monteure-auf-zeit.de\/home\/#\/schema\/logo\/image\/"}}]}},"_links":{"self":[{"href":"https:\/\/www.monteure-auf-zeit.de\/home\/wp-json\/wp\/v2\/pages\/758","targetHints":{"allow":["GET"]}}],"collection":[{"href":"https:\/\/www.monteure-auf-zeit.de\/home\/wp-json\/wp\/v2\/pages"}],"about":[{"href":"https:\/\/www.monteure-auf-zeit.de\/home\/wp-json\/wp\/v2\/types\/page"}],"author":[{"embeddable":true,"href":"https:\/\/www.monteure-auf-zeit.de\/home\/wp-json\/wp\/v2\/users\/1"}],"replies":[{"embeddable":true,"href":"https:\/\/www.monteure-auf-zeit.de\/home\/wp-json\/wp\/v2\/comments?post=758"}],"version-history":[{"count":3,"href":"https:\/\/www.monteure-auf-zeit.de\/home\/wp-json\/wp\/v2\/pages\/758\/revisions"}],"predecessor-version":[{"id":1171,"href":"https:\/\/www.monteure-auf-zeit.de\/home\/wp-json\/wp\/v2\/pages\/758\/revisions\/1171"}],"up":[{"embeddable":true,"href":"https:\/\/www.monteure-auf-zeit.de\/home\/wp-json\/wp\/v2\/pages\/752"}],"wp:attachment":[{"href":"https:\/\/www.monteure-auf-zeit.de\/home\/wp-json\/wp\/v2\/media?parent=758"}],"curies":[{"name":"wp","href":"https:\/\/api.w.org\/{rel}","templated":true}]}}