{"id":752,"date":"2026-03-03T07:17:55","date_gmt":"2026-03-03T07:17:55","guid":{"rendered":"https:\/\/www.monteure-auf-zeit.de\/home\/?page_id=752"},"modified":"2026-03-12T07:51:22","modified_gmt":"2026-03-12T07:51:22","slug":"metallfassaden","status":"publish","type":"page","link":"https:\/\/www.monteure-auf-zeit.de\/home\/leistungen\/metallfassaden\/","title":{"rendered":"Metallfassaden"},"content":{"rendered":"<div id='av_section_1'  class='avia-section av-3xips-2c7a8a6abe72ea76370709e739dc1f74 main_color avia-section-default avia-no-border-styling  avia-builder-el-0  el_before_av_section  avia-builder-el-first  avia-bg-style-scroll container_wrap sidebar_right'  ><div class='container av-section-cont-open' ><main  role=\"main\" itemprop=\"mainContentOfPage\"  class='template-page content  av-content-small alpha units'><div class='post-entry post-entry-type-page post-entry-752'><div class='entry-content-wrapper clearfix'>\n<div  class='flex_column av-uvpew-2344684ab76e098281969048bee76d75 av_one_full  avia-builder-el-1  el_before_av_one_half  avia-builder-el-first  first flex_column_div  '     ><section  class='av_textblock_section av-mmahaoxs-b1a32c51ea5060d2274b019a3363ab03 '   itemscope=\"itemscope\" itemtype=\"https:\/\/schema.org\/CreativeWork\" ><div class='avia_textblock'  itemprop=\"text\" ><h1>Metallfassaden-Montage im Industrie- und Hallenbau<\/h1>\n<p>Metallfassaden sind ein zentraler Bestandteil moderner Industrie- und Hallenbauten. Sie \u00fcbernehmen nicht nur gestalterische Aufgaben, sondern erf\u00fcllen vor allem funktionale Anforderungen hinsichtlich Witterungsschutz, W\u00e4rmed\u00e4mmung, Statik und Langlebigkeit. Gerade im Industriebau sind gro\u00dffl\u00e4chige Fassadensysteme technisch anspruchsvoll und erfordern eine pr\u00e4zise, fachgerechte Montage.<\/p>\n<p>Wir unterst\u00fctzen Projekte im Industrie- und Hallenbau mit erfahrenen Montageteams f\u00fcr Metallfassaden. Unsere Monteure sind spezialisiert auf die fachgerechte Montage verschiedenster Fassadensysteme und integrieren sich effizient in bestehende Baustellenstrukturen \u2013 bundesweit und bei Bedarf auch kurzfristig verf\u00fcgbar.<\/p>\n<\/div><\/section><\/div><div class='flex_column_table av-n4q7c-342493176cbcb9157d6e197bd5d69607 sc-av_one_half av-equal-height-column-flextable'><div  class='flex_column av-n4q7c-342493176cbcb9157d6e197bd5d69607 av_one_half  avia-builder-el-3  el_after_av_one_full  el_before_av_one_half  first flex_column_table_cell av-equal-height-column av-align-middle  column-top-margin'     ><section  class='av_textblock_section av-mmahgqs0-fa42377d43e2d71cbdab7a0bbef87410 '   itemscope=\"itemscope\" itemtype=\"https:\/\/schema.org\/CreativeWork\" ><div class='avia_textblock'  itemprop=\"text\" ><h2>Spezialisierung auf gro\u00dffl\u00e4chige Industrie- und Hallenfassaden<\/h2>\n<p>Im Industrie- und Hallenbau stehen Funktionalit\u00e4t, Effizienz und Dauerhaftigkeit im Vordergrund. Fassadensysteme m\u00fcssen hohen Belastungen standhalten, gro\u00dffl\u00e4chig montiert werden und exakt auf die jeweilige Konstruktion abgestimmt sein.<\/p>\n<p>Unsere Metallfassaden-Monteure verf\u00fcgen \u00fcber umfassende Erfahrung in der Montage von:<\/p>\n<ul>\n<li>Aluminiumfassaden<\/li>\n<li>Stahlfassaden<\/li>\n<li>Kassettenfassaden<\/li>\n<li>Blechfassaden<\/li>\n<li>Vorgeh\u00e4ngten hinterl\u00fcfteten Fassaden (VHF)<\/li>\n<li>Fassadenunterkonstruktionen und Tragwerken<\/li>\n<\/ul>\n<p>Dabei arbeiten unsere Teams nach technischen Zeichnungen, Werkpl\u00e4nen und projektspezifischen Montagevorgaben. Die pr\u00e4zise Ausrichtung, Befestigung und Anpassung der einzelnen Fassadenelemente erfolgt unter Ber\u00fccksichtigung statischer und bauphysikalischer Anforderungen.<\/p>\n<h2><\/h2>\n<\/div><\/section><\/div><div class='av-flex-placeholder'><\/div><div  class='flex_column av-ep91s-2b44e459dd78a740fceda5f0251fd543 av_one_half  avia-builder-el-5  el_after_av_one_half  el_before_av_one_full  flex_column_table_cell av-equal-height-column av-align-middle  column-top-margin'     ><style type=\"text\/css\" data-created_by=\"avia_inline_auto\" id=\"style-css-av-mmahh5b2-e206dd513ac6c036fd21da9f6a320809\">\n.avia-image-container.av-mmahh5b2-e206dd513ac6c036fd21da9f6a320809 img.avia_image{\nbox-shadow:none;\n}\n.avia-image-container.av-mmahh5b2-e206dd513ac6c036fd21da9f6a320809 .av-image-caption-overlay-center{\ncolor:#ffffff;\n}\n<\/style>\n<div  class='avia-image-container av-mmahh5b2-e206dd513ac6c036fd21da9f6a320809 av-styling- avia-align-center  avia-builder-el-6  avia-builder-el-no-sibling '   itemprop=\"image\" itemscope=\"itemscope\" itemtype=\"https:\/\/schema.org\/ImageObject\" ><div class=\"avia-image-container-inner\"><div class=\"avia-image-overlay-wrap\"><img decoding=\"async\" fetchpriority=\"high\" class='wp-image-1145 avia-img-lazy-loading-not-1145 avia_image ' src=\"https:\/\/www.monteure-auf-zeit.de\/home\/wp-content\/uploads\/2026\/03\/metallfassaden-1-845x684.png\" alt='Metallfassaden' title='Metallfassaden'  height=\"684\" width=\"845\"  itemprop=\"thumbnailUrl\" srcset=\"https:\/\/www.monteure-auf-zeit.de\/home\/wp-content\/uploads\/2026\/03\/metallfassaden-1-845x684.png 845w, https:\/\/www.monteure-auf-zeit.de\/home\/wp-content\/uploads\/2026\/03\/metallfassaden-1-495x400.png 495w\" sizes=\"(max-width: 845px) 100vw, 845px\" \/><\/div><\/div><\/div><\/div><\/div><!--close column table wrapper. Autoclose: 1 --><div  class='flex_column av-8eri0-97963f120b8406cdd80d3b636ae214a6 av_one_full  avia-builder-el-7  el_after_av_one_half  avia-builder-el-last  first flex_column_div  column-top-margin'     ><section  class='av_textblock_section av-mmahgml0-a3420722cb9140463588d4363bbd124a '   itemscope=\"itemscope\" itemtype=\"https:\/\/schema.org\/CreativeWork\" ><div class='avia_textblock'  itemprop=\"text\" ><h2>Erfahrung auf Industrie- und Gro\u00dfbaustellen<\/h2>\n<p>Gro\u00dfprojekte im Industrie- und Hallenbau erfordern strukturierte Abl\u00e4ufe und eingespielte Teams. Unsere Monteure sind mit den typischen Gegebenheiten solcher Baustellen vertraut:<\/p>\n<ul>\n<li>Montage in gro\u00dfen H\u00f6hen<\/li>\n<li>Arbeiten auf Hubarbeitsb\u00fchnen<\/li>\n<li>Einsatz von Kr\u00e4nen zur Elementmontage<\/li>\n<li>Koordination mit anderen Gewerken<\/li>\n<li>Einhaltung von Sicherheits- und Baustellenrichtlinien<\/li>\n<\/ul>\n<p>Ob Neubau einer Produktionshalle, Erweiterung eines Logistikzentrums oder Modernisierung einer Bestandsfassade \u2013 wir unterst\u00fctzen Projekte zuverl\u00e4ssig und planorientiert.<\/p>\n<h2>Montage von Fassadenunterkonstruktionen<\/h2>\n<p>Eine dauerhaft funktionierende Metallfassade beginnt mit einer fachgerecht montierten Unterkonstruktion. Unsere Teams \u00fcbernehmen die Montage von:<\/p>\n<ul>\n<li>Stahl- und Aluminium-Unterkonstruktionen<\/li>\n<li>Tragprofilen<\/li>\n<li>Befestigungssystemen<\/li>\n<li>Konsolen- und Schienensystemen<\/li>\n<\/ul>\n<p>Die exakte Ausrichtung der Unterkonstruktion bildet die Grundlage f\u00fcr eine spannungsfreie und passgenaue Montage der Fassadenelemente.<\/p>\n<h2>Vorgeh\u00e4ngte hinterl\u00fcftete Fassaden (VHF)<\/h2>\n<p>Im Industriebau kommen h\u00e4ufig vorgeh\u00e4ngte hinterl\u00fcftete Fassadensysteme zum Einsatz. Diese Systeme bieten konstruktiven Witterungsschutz, bauphysikalische Vorteile und flexible Gestaltungsm\u00f6glichkeiten.<\/p>\n<p>Unsere Monteure verf\u00fcgen \u00fcber Erfahrung in der Montage gro\u00dfformatiger Fassadenelemente und Paneele im Rahmen von VHF-Systemen \u2013 einschlie\u00dflich D\u00e4mmung, Unterkonstruktion und Bekleidung.<\/p>\n<h2>Integration in bestehende Projektstrukturen<\/h2>\n<p>Wir verstehen uns als unterst\u00fctzender Partner auf der Baustelle. Unsere Metallfassaden-Monteure arbeiten im Rahmen der Arbeitnehmer\u00fcberlassung und f\u00fcgen sich flexibel in bestehende Projektteams ein.<\/p>\n<p>Je nach Projektanforderung stellen wir eingespielte Montageteams mit mindestens zwei qualifizierten Fachmonteuren zur Verf\u00fcgung. F\u00fcr gr\u00f6\u00dfere Bauabschnitte k\u00f6nnen entsprechend gr\u00f6\u00dfere Teams eingesetzt werden. Dadurch gew\u00e4hrleisten wir eine effiziente Arbeitsweise, klare Abstimmung auf der Baustelle und eine zuverl\u00e4ssige Umsetzung auch bei anspruchsvollen Fassadenprojekten.<\/p>\n<p>Durch kurzfristige Verf\u00fcgbarkeit k\u00f6nnen wir Personalengp\u00e4sse ausgleichen oder zus\u00e4tzliche Kapazit\u00e4ten bei projektkritischen Bauphasen bereitstellen.<\/p>\n<h2>Sicherheit und Baustellenstandards<\/h2>\n<p>Im Industrie- und Hallenbau gelten hohe Sicherheitsanforderungen. Unsere Monteure sind mit Arbeiten in H\u00f6hen sowie mit den g\u00e4ngigen Baustellenstandards vertraut. Sie arbeiten verantwortungsbewusst, planorientiert und unter Ber\u00fccksichtigung geltender Sicherheitsvorgaben.<\/p>\n<p>Eine strukturierte Arbeitsweise und saubere Ausf\u00fchrung stehen dabei im Vordergrund \u2013 insbesondere bei gro\u00dffl\u00e4chigen Fassadenmontagen, bei denen Pr\u00e4zision und Wiederholgenauigkeit entscheidend sind.<\/p>\n<h2>Ihr Partner f\u00fcr Metallfassaden im Industrie- und Hallenbau<\/h2>\n<p>Metallfassaden im Industriebau erfordern Erfahrung, technisches Verst\u00e4ndnis und zuverl\u00e4ssige Umsetzung auf der Baustelle. Mit unseren spezialisierten Montageteams unterst\u00fctzen wir Bauunternehmen, Metallbauer und Fassadenbauer bei der effizienten Realisierung ihrer Projekte.<\/p>\n<p>Ob Neubau, Erweiterung oder Modernisierung \u2013 wir stellen qualifizierte Metallfassaden-Montageteams f\u00fcr Projekte im Industrie- und Hallenbau bundesweit zur Verf\u00fcgung.<\/p>\n<\/div><\/section><\/div><\/div><\/div><\/main><!-- close content main element --><\/div><\/div>\n<style type=\"text\/css\" data-created_by=\"avia_inline_auto\" id=\"style-css-av-rxb60-6fcb63bdb2f848a64df69d7951fc2eb6\">\n.avia-section.av-rxb60-6fcb63bdb2f848a64df69d7951fc2eb6{\nposition:relative;\n}\n.avia-section.av-rxb60-6fcb63bdb2f848a64df69d7951fc2eb6 .av-parallax .av-parallax-inner{\nbackground-repeat:no-repeat;\nbackground-image:url(https:\/\/www.monteure-auf-zeit.de\/home\/wp-content\/uploads\/2022\/03\/AdobeStock_43086186.jpeg);\nbackground-position:50% 50%;\nbackground-attachment:scroll;\n}\n.avia-section.av-rxb60-6fcb63bdb2f848a64df69d7951fc2eb6 .av-section-color-overlay{\nopacity:0.5;\nbackground-color:#000000;\n}\n.avia-section.av-rxb60-6fcb63bdb2f848a64df69d7951fc2eb6 .avia-divider-svg-top svg{\nheight:50px;\nwidth:calc(100% + 1.3px);\nfill:#ffffff;\n}\n<\/style>\n<div id='av_section_2'  class='avia-section av-rxb60-6fcb63bdb2f848a64df69d7951fc2eb6 main_color avia-section-default avia-no-border-styling  avia-builder-el-9  el_after_av_section  avia-builder-el-last  avia-full-stretch av-parallax-section avia-bg-style-parallax av-section-color-overlay-active av-minimum-height av-minimum-height-50 av-height-50  container_wrap sidebar_right'  data-section-bg-repeat='stretch' data-av_minimum_height_pc='50' data-av_min_height_opt='50'><div class='avia-divider-svg avia-divider-svg-curve avia-divider-svg-top avia-to-front avia-svg-original'><svg xmlns=\"http:\/\/www.w3.org\/2000\/svg\" viewBox=\"0 0 1000 100\" preserveAspectRatio=\"none\">\n    <path d=\"M1000,4.3V0H0v4.3C0.9,23.1,126.7,99.2,500,100S1000,22.7,1000,4.3z\"\/>\n<\/svg><\/div><div class='av-parallax' data-avia-parallax-ratio='0.3' ><div class='av-parallax-inner main_color avia-full-stretch'><\/div><\/div><div class=\"av-section-color-overlay-wrap\"><div class=\"av-section-color-overlay\"><\/div><div class='container av-section-cont-open' ><div class='template-page content  av-content-small alpha units'><div class='post-entry post-entry-type-page post-entry-752'><div class='entry-content-wrapper clearfix'>\n\n<style type=\"text\/css\" data-created_by=\"avia_inline_auto\" id=\"style-css-av-iovko-634d771fccea65cec7c17dceab663619\">\n.flex_column.av-iovko-634d771fccea65cec7c17dceab663619{\nborder-radius:0px 0px 0px 0px;\npadding:0px 0px 0px 0px;\n}\n<\/style>\n<div  class='flex_column av-iovko-634d771fccea65cec7c17dceab663619 av_one_fifth  avia-builder-el-10  el_before_av_three_fifth  avia-builder-el-first  first flex_column_div av-zero-column-padding  '     ><\/div>\n<style type=\"text\/css\" data-created_by=\"avia_inline_auto\" id=\"style-css-av-gr9eg-38ae015a2dc55bd20d18344d69db04a5\">\n.flex_column.av-gr9eg-38ae015a2dc55bd20d18344d69db04a5{\nborder-radius:0px 0px 0px 0px;\npadding:0px 0px 0px 0px;\n}\n<\/style>\n<div  class='flex_column av-gr9eg-38ae015a2dc55bd20d18344d69db04a5 av_three_fifth  avia-builder-el-11  el_after_av_one_fifth  avia-builder-el-last  flex_column_div av-zero-column-padding  '     ><div  class='avia-button-wrap avia-button-center  avia-builder-el-12  avia-builder-el-no-sibling '>\n<style type=\"text\/css\" data-created_by=\"avia_inline_auto\" id=\"style-css-av-btkso-93ee06211edd3daba0f163b467f95f43\">\n#top #wrap_all .avia-button.av-btkso-93ee06211edd3daba0f163b467f95f43{\ncolor:#ffffff;\ntransition:all 0.4s ease-in-out;\n}\n#top #wrap_all .avia-button.av-btkso-93ee06211edd3daba0f163b467f95f43:hover{\ncolor:#ffffff;\ntransition:all 0.4s ease-in-out;\n}\n<\/style>\n<a href='https:\/\/www.monteure-auf-zeit.de\/home\/kontakt\/' class='avia-color-theme-color avia-button avia-button-fullwidth av-btkso-93ee06211edd3daba0f163b467f95f43 avia-icon_select-yes-left-icon avia-color-theme-color'   aria-label=\"Hier geht\u2019s zum ersten Kontakt!\"><span class='avia_button_icon avia_button_icon_left' aria-hidden='true' data-av_icon='\ue80b' data-av_iconfont='entypo-fontello'><\/span><span class='avia_iconbox_title' >Hier geht\u2019s zum ersten Kontakt!<\/span><span class='avia_button_background avia-button avia-button-fullwidth avia-color-theme-color-highlight'><\/span><\/a><\/div><\/div>\n<\/div><\/div><\/div><!-- close content main div --><\/div><\/div><\/div><div id='after_section_2'  class='main_color av_default_container_wrap container_wrap sidebar_right'  ><div class='container av-section-cont-open' ><div class='template-page content  av-content-small alpha units'><div class='post-entry post-entry-type-page post-entry-752'><div class='entry-content-wrapper clearfix'><\/p>\n","protected":false},"excerpt":{"rendered":"","protected":false},"author":1,"featured_media":0,"parent":569,"menu_order":0,"comment_status":"closed","ping_status":"closed","template":"","meta":{"footnotes":""},"class_list":["post-752","page","type-page","status-publish","hentry"],"yoast_head":"<!-- This site is optimized with the Yoast SEO plugin v27.1.1 - https:\/\/yoast.com\/product\/yoast-seo-wordpress\/ -->\n<title>Metallfassaden | Erfahrene Monteure | kurzfristig einsatzbereit<\/title>\n<meta name=\"description\" content=\"Metallfassaden Montageteams f\u00fcr Metall-, Fassaden- und Paneelbau sowie K\u00fchlraumbau \u2013 \u2713erfahren \u2713pr\u00e4zise \u2713bundesweit kurzfristig einsatzbereit.\" \/>\n<meta name=\"robots\" content=\"index, follow, max-snippet:-1, max-image-preview:large, max-video-preview:-1\" \/>\n<link rel=\"canonical\" href=\"https:\/\/www.monteure-auf-zeit.de\/home\/leistungen\/metallfassaden\/\" \/>\n<meta property=\"og:locale\" content=\"de_DE\" \/>\n<meta property=\"og:type\" content=\"article\" \/>\n<meta property=\"og:title\" content=\"Metallfassaden | Erfahrene Monteure | kurzfristig einsatzbereit\" \/>\n<meta property=\"og:description\" content=\"Metallfassaden Montageteams f\u00fcr Metall-, Fassaden- und Paneelbau sowie K\u00fchlraumbau \u2013 \u2713erfahren \u2713pr\u00e4zise \u2713bundesweit kurzfristig einsatzbereit.\" \/>\n<meta property=\"og:url\" content=\"https:\/\/www.monteure-auf-zeit.de\/home\/leistungen\/metallfassaden\/\" \/>\n<meta property=\"og:site_name\" content=\"Pientka Monteure auf Zeit\" \/>\n<meta property=\"article:modified_time\" content=\"2026-03-12T07:51:22+00:00\" \/>\n<meta name=\"twitter:card\" content=\"summary_large_image\" \/>\n<meta name=\"twitter:label1\" content=\"Gesch\u00e4tzte Lesezeit\" \/>\n\t<meta name=\"twitter:data1\" content=\"20\u00a0Minuten\" \/>\n<script type=\"application\/ld+json\" class=\"yoast-schema-graph\">{\"@context\":\"https:\/\/schema.org\",\"@graph\":[{\"@type\":\"WebPage\",\"@id\":\"https:\/\/www.monteure-auf-zeit.de\/home\/leistungen\/metallfassaden\/\",\"url\":\"https:\/\/www.monteure-auf-zeit.de\/home\/leistungen\/metallfassaden\/\",\"name\":\"Metallfassaden | Erfahrene Monteure | kurzfristig einsatzbereit\",\"isPartOf\":{\"@id\":\"https:\/\/www.monteure-auf-zeit.de\/home\/#website\"},\"datePublished\":\"2026-03-03T07:17:55+00:00\",\"dateModified\":\"2026-03-12T07:51:22+00:00\",\"description\":\"Metallfassaden Montageteams f\u00fcr Metall-, Fassaden- und Paneelbau sowie K\u00fchlraumbau \u2013 \u2713erfahren \u2713pr\u00e4zise \u2713bundesweit kurzfristig einsatzbereit.\",\"breadcrumb\":{\"@id\":\"https:\/\/www.monteure-auf-zeit.de\/home\/leistungen\/metallfassaden\/#breadcrumb\"},\"inLanguage\":\"de\",\"potentialAction\":[{\"@type\":\"ReadAction\",\"target\":[\"https:\/\/www.monteure-auf-zeit.de\/home\/leistungen\/metallfassaden\/\"]}]},{\"@type\":\"BreadcrumbList\",\"@id\":\"https:\/\/www.monteure-auf-zeit.de\/home\/leistungen\/metallfassaden\/#breadcrumb\",\"itemListElement\":[{\"@type\":\"ListItem\",\"position\":1,\"name\":\"Start\",\"item\":\"https:\/\/www.monteure-auf-zeit.de\/home\/home\/\"},{\"@type\":\"ListItem\",\"position\":2,\"name\":\"Leistungen\",\"item\":\"https:\/\/www.monteure-auf-zeit.de\/home\/leistungen\/\"},{\"@type\":\"ListItem\",\"position\":3,\"name\":\"Metallfassaden\"}]},{\"@type\":\"WebSite\",\"@id\":\"https:\/\/www.monteure-auf-zeit.de\/home\/#website\",\"url\":\"https:\/\/www.monteure-auf-zeit.de\/home\/\",\"name\":\"Pientka Monteure auf Zeit\",\"description\":\"Erfahrene Monteure deutschlandweit kurzfristig einsatzbereit\",\"publisher\":{\"@id\":\"https:\/\/www.monteure-auf-zeit.de\/home\/#organization\"},\"potentialAction\":[{\"@type\":\"SearchAction\",\"target\":{\"@type\":\"EntryPoint\",\"urlTemplate\":\"https:\/\/www.monteure-auf-zeit.de\/home\/?s={search_term_string}\"},\"query-input\":{\"@type\":\"PropertyValueSpecification\",\"valueRequired\":true,\"valueName\":\"search_term_string\"}}],\"inLanguage\":\"de\"},{\"@type\":\"Organization\",\"@id\":\"https:\/\/www.monteure-auf-zeit.de\/home\/#organization\",\"name\":\"Pientka Monteure auf Zeit\",\"url\":\"https:\/\/www.monteure-auf-zeit.de\/home\/\",\"logo\":{\"@type\":\"ImageObject\",\"inLanguage\":\"de\",\"@id\":\"https:\/\/www.monteure-auf-zeit.de\/home\/#\/schema\/logo\/image\/\",\"url\":\"https:\/\/www.monteure-auf-zeit.de\/home\/wp-content\/uploads\/2022\/03\/logo_zeit_abstand.png\",\"contentUrl\":\"https:\/\/www.monteure-auf-zeit.de\/home\/wp-content\/uploads\/2022\/03\/logo_zeit_abstand.png\",\"width\":703,\"height\":674,\"caption\":\"Pientka Monteure auf Zeit\"},\"image\":{\"@id\":\"https:\/\/www.monteure-auf-zeit.de\/home\/#\/schema\/logo\/image\/\"}}]}<\/script>\n<!-- \/ Yoast SEO plugin. -->","yoast_head_json":{"title":"Metallfassaden | Erfahrene Monteure | kurzfristig einsatzbereit","description":"Metallfassaden Montageteams f\u00fcr Metall-, Fassaden- und Paneelbau sowie K\u00fchlraumbau \u2013 \u2713erfahren \u2713pr\u00e4zise \u2713bundesweit kurzfristig einsatzbereit.","robots":{"index":"index","follow":"follow","max-snippet":"max-snippet:-1","max-image-preview":"max-image-preview:large","max-video-preview":"max-video-preview:-1"},"canonical":"https:\/\/www.monteure-auf-zeit.de\/home\/leistungen\/metallfassaden\/","og_locale":"de_DE","og_type":"article","og_title":"Metallfassaden | Erfahrene Monteure | kurzfristig einsatzbereit","og_description":"Metallfassaden Montageteams f\u00fcr Metall-, Fassaden- und Paneelbau sowie K\u00fchlraumbau \u2013 \u2713erfahren \u2713pr\u00e4zise \u2713bundesweit kurzfristig einsatzbereit.","og_url":"https:\/\/www.monteure-auf-zeit.de\/home\/leistungen\/metallfassaden\/","og_site_name":"Pientka Monteure auf Zeit","article_modified_time":"2026-03-12T07:51:22+00:00","twitter_card":"summary_large_image","twitter_misc":{"Gesch\u00e4tzte Lesezeit":"20\u00a0Minuten"},"schema":{"@context":"https:\/\/schema.org","@graph":[{"@type":"WebPage","@id":"https:\/\/www.monteure-auf-zeit.de\/home\/leistungen\/metallfassaden\/","url":"https:\/\/www.monteure-auf-zeit.de\/home\/leistungen\/metallfassaden\/","name":"Metallfassaden | Erfahrene Monteure | kurzfristig einsatzbereit","isPartOf":{"@id":"https:\/\/www.monteure-auf-zeit.de\/home\/#website"},"datePublished":"2026-03-03T07:17:55+00:00","dateModified":"2026-03-12T07:51:22+00:00","description":"Metallfassaden Montageteams f\u00fcr Metall-, Fassaden- und Paneelbau sowie K\u00fchlraumbau \u2013 \u2713erfahren \u2713pr\u00e4zise \u2713bundesweit kurzfristig einsatzbereit.","breadcrumb":{"@id":"https:\/\/www.monteure-auf-zeit.de\/home\/leistungen\/metallfassaden\/#breadcrumb"},"inLanguage":"de","potentialAction":[{"@type":"ReadAction","target":["https:\/\/www.monteure-auf-zeit.de\/home\/leistungen\/metallfassaden\/"]}]},{"@type":"BreadcrumbList","@id":"https:\/\/www.monteure-auf-zeit.de\/home\/leistungen\/metallfassaden\/#breadcrumb","itemListElement":[{"@type":"ListItem","position":1,"name":"Start","item":"https:\/\/www.monteure-auf-zeit.de\/home\/home\/"},{"@type":"ListItem","position":2,"name":"Leistungen","item":"https:\/\/www.monteure-auf-zeit.de\/home\/leistungen\/"},{"@type":"ListItem","position":3,"name":"Metallfassaden"}]},{"@type":"WebSite","@id":"https:\/\/www.monteure-auf-zeit.de\/home\/#website","url":"https:\/\/www.monteure-auf-zeit.de\/home\/","name":"Pientka Monteure auf Zeit","description":"Erfahrene Monteure deutschlandweit kurzfristig einsatzbereit","publisher":{"@id":"https:\/\/www.monteure-auf-zeit.de\/home\/#organization"},"potentialAction":[{"@type":"SearchAction","target":{"@type":"EntryPoint","urlTemplate":"https:\/\/www.monteure-auf-zeit.de\/home\/?s={search_term_string}"},"query-input":{"@type":"PropertyValueSpecification","valueRequired":true,"valueName":"search_term_string"}}],"inLanguage":"de"},{"@type":"Organization","@id":"https:\/\/www.monteure-auf-zeit.de\/home\/#organization","name":"Pientka Monteure auf Zeit","url":"https:\/\/www.monteure-auf-zeit.de\/home\/","logo":{"@type":"ImageObject","inLanguage":"de","@id":"https:\/\/www.monteure-auf-zeit.de\/home\/#\/schema\/logo\/image\/","url":"https:\/\/www.monteure-auf-zeit.de\/home\/wp-content\/uploads\/2022\/03\/logo_zeit_abstand.png","contentUrl":"https:\/\/www.monteure-auf-zeit.de\/home\/wp-content\/uploads\/2022\/03\/logo_zeit_abstand.png","width":703,"height":674,"caption":"Pientka Monteure auf Zeit"},"image":{"@id":"https:\/\/www.monteure-auf-zeit.de\/home\/#\/schema\/logo\/image\/"}}]}},"_links":{"self":[{"href":"https:\/\/www.monteure-auf-zeit.de\/home\/wp-json\/wp\/v2\/pages\/752","targetHints":{"allow":["GET"]}}],"collection":[{"href":"https:\/\/www.monteure-auf-zeit.de\/home\/wp-json\/wp\/v2\/pages"}],"about":[{"href":"https:\/\/www.monteure-auf-zeit.de\/home\/wp-json\/wp\/v2\/types\/page"}],"author":[{"embeddable":true,"href":"https:\/\/www.monteure-auf-zeit.de\/home\/wp-json\/wp\/v2\/users\/1"}],"replies":[{"embeddable":true,"href":"https:\/\/www.monteure-auf-zeit.de\/home\/wp-json\/wp\/v2\/comments?post=752"}],"version-history":[{"count":7,"href":"https:\/\/www.monteure-auf-zeit.de\/home\/wp-json\/wp\/v2\/pages\/752\/revisions"}],"predecessor-version":[{"id":1147,"href":"https:\/\/www.monteure-auf-zeit.de\/home\/wp-json\/wp\/v2\/pages\/752\/revisions\/1147"}],"up":[{"embeddable":true,"href":"https:\/\/www.monteure-auf-zeit.de\/home\/wp-json\/wp\/v2\/pages\/569"}],"wp:attachment":[{"href":"https:\/\/www.monteure-auf-zeit.de\/home\/wp-json\/wp\/v2\/media?parent=752"}],"curies":[{"name":"wp","href":"https:\/\/api.w.org\/{rel}","templated":true}]}}