{"id":736,"date":"2026-03-03T07:12:28","date_gmt":"2026-03-03T07:12:28","guid":{"rendered":"https:\/\/www.monteure-auf-zeit.de\/home\/?page_id=736"},"modified":"2026-03-12T06:32:20","modified_gmt":"2026-03-12T06:32:20","slug":"monteure","status":"publish","type":"page","link":"https:\/\/www.monteure-auf-zeit.de\/home\/monteure\/","title":{"rendered":"Monteure"},"content":{"rendered":"<div id='av_section_1'  class='avia-section av-3xzog-0fa3c6c36c1d6b8124e2ead3a6bdadc3 main_color avia-section-default avia-no-border-styling  avia-builder-el-0  el_before_av_section  avia-builder-el-first  avia-bg-style-scroll container_wrap sidebar_right'  ><div class='container av-section-cont-open' ><main  role=\"main\" itemprop=\"mainContentOfPage\"  class='template-page content  av-content-small alpha units'><div class='post-entry post-entry-type-page post-entry-736'><div class='entry-content-wrapper clearfix'>\n<div  class='flex_column av-w1s28-65d0040e5451077781db9b17b79c89c4 av_one_full  avia-builder-el-1  avia-builder-el-no-sibling  first flex_column_div  '     ><section  class='av_textblock_section av-mmn2vf9w-052521007d560623ff46e9f5e94d1c5c '   itemscope=\"itemscope\" itemtype=\"https:\/\/schema.org\/CreativeWork\" ><div class='avia_textblock'  itemprop=\"text\" ><h1>Unsere Montageteams<\/h1>\n<p>Die Pientka GmbH stellt erfahrene Montageteams f\u00fcr Bauprojekte im Metall-, Fassaden- und Paneelbau zur Verf\u00fcgung. Unsere Monteure unterst\u00fctzen Bauunternehmen, Metallbauunternehmen und Anlagenbauer bei Montagearbeiten auf Baustellen in ganz Deutschland. Dazu geh\u00f6ren unter anderem Arbeiten im Metallfassadenbau, im Paneelbau f\u00fcr Dach- und Wandkonstruktionen, in der Industrieverglasung sowie im K\u00fchlraumbau.<\/p>\n<p>Unsere Monteure arbeiten in eingespielten Montageteams, die je nach Projektanforderung aus mehreren erfahrenen Monteuren bestehen. Die Teamgr\u00f6\u00dfe wird dabei flexibel an den Umfang des jeweiligen Bauprojekts angepasst. Bei gr\u00f6\u00dferen Projekten k\u00f6nnen mehrere Teams gleichzeitig eingesetzt werden, um verschiedene Bauabschnitte parallel umzusetzen.<\/p>\n<p>Alle unsere Monteure verf\u00fcgen \u00fcber Erfahrung auf Baustellen im Bau- und Anlagenbereich und sind mit den Abl\u00e4ufen moderner Bauprojekte vertraut. Innerhalb jedes Montageteams ist mindestens ein Monteur vorhanden, der Deutsch spricht und die Kommunikation auf der Baustelle unterst\u00fctzt.<\/p>\n<p>Mit rund 200 Monteuren verf\u00fcgen wir \u00fcber umfangreiche Kapazit\u00e4ten f\u00fcr Bauprojekte unterschiedlicher Gr\u00f6\u00dfenordnungen. Unsere Montageteams arbeiten auf Grundlage technischer Zeichnungen, Montagepl\u00e4ne und projektspezifischer Vorgaben und integrieren sich zuverl\u00e4ssig in bestehende Baustellenstrukturen.<\/p>\n<h2>Unsere Monteure im \u00dcberblick<\/h2>\n<p>Unsere Montageteams sind auf unterschiedliche Montagebereiche spezialisiert. Dazu geh\u00f6ren unter anderem:<\/p>\n<ul>\n<li><a href=\"\/monteure\/metallfassaden-monteure\">Metallfassaden-Monteure<\/a><\/li>\n<li><a href=\"\/monteure\/paneelbau-monteure\">Paneelbau-Monteure<\/a><\/li>\n<li><a href=\"\/monteure\/kuehlraumbau-monteure\">K\u00fchlraumbau-Monteure<\/a><\/li>\n<li><a href=\"\/monteure\/industrieverglasungs-monteure\">Industrieverglasungs-Monteure<\/a><\/li>\n<\/ul>\n<p>Dar\u00fcber hinaus informieren wir \u00fcber die Qualifikation unserer Monteure sowie \u00fcber den Ablauf der Zusammenarbeit bei Bauprojekten.<\/p>\n<ul>\n<li><a href=\"\/monteure\/qualifikation-sicherheit\">Qualifikation &amp; Sicherheit<\/a><\/li>\n<li><a href=\"\/monteure\/einsatz-ablauf\">Einsatz &amp; Ablauf<\/a><\/li>\n<\/ul>\n<\/div><\/section><\/div><\/div><\/div><\/main><!-- close content main element --><\/div><\/div>\n<style type=\"text\/css\" data-created_by=\"avia_inline_auto\" id=\"style-css-av-ryxso-157e2859f54dec6bc3cebd1275cd27c2\">\n.avia-section.av-ryxso-157e2859f54dec6bc3cebd1275cd27c2{\nposition:relative;\n}\n.avia-section.av-ryxso-157e2859f54dec6bc3cebd1275cd27c2 .av-parallax .av-parallax-inner{\nbackground-repeat:no-repeat;\nbackground-image:url(https:\/\/www.monteure-auf-zeit.de\/home\/wp-content\/uploads\/2022\/03\/AdobeStock_43086186.jpeg);\nbackground-position:50% 50%;\nbackground-attachment:scroll;\n}\n.avia-section.av-ryxso-157e2859f54dec6bc3cebd1275cd27c2 .av-section-color-overlay{\nopacity:0.5;\nbackground-color:#000000;\n}\n.avia-section.av-ryxso-157e2859f54dec6bc3cebd1275cd27c2 .avia-divider-svg-top svg{\nheight:50px;\nwidth:calc(100% + 1.3px);\nfill:#ffffff;\n}\n<\/style>\n<div id='av_section_2'  class='avia-section av-ryxso-157e2859f54dec6bc3cebd1275cd27c2 main_color avia-section-default avia-no-border-styling  avia-builder-el-3  el_after_av_section  avia-builder-el-last  avia-full-stretch av-parallax-section avia-bg-style-parallax av-section-color-overlay-active av-minimum-height av-minimum-height-50 av-height-50  container_wrap sidebar_right'  data-section-bg-repeat='stretch' data-av_minimum_height_pc='50' data-av_min_height_opt='50'><div class='avia-divider-svg avia-divider-svg-curve avia-divider-svg-top avia-to-front avia-svg-original'><svg xmlns=\"http:\/\/www.w3.org\/2000\/svg\" viewBox=\"0 0 1000 100\" preserveAspectRatio=\"none\">\n    <path d=\"M1000,4.3V0H0v4.3C0.9,23.1,126.7,99.2,500,100S1000,22.7,1000,4.3z\"\/>\n<\/svg><\/div><div class='av-parallax' data-avia-parallax-ratio='0.3' ><div class='av-parallax-inner main_color avia-full-stretch'><\/div><\/div><div class=\"av-section-color-overlay-wrap\"><div class=\"av-section-color-overlay\"><\/div><div class='container av-section-cont-open' ><div class='template-page content  av-content-small alpha units'><div class='post-entry post-entry-type-page post-entry-736'><div class='entry-content-wrapper clearfix'>\n\n<style type=\"text\/css\" data-created_by=\"avia_inline_auto\" id=\"style-css-av-lr70g-013c6311ba7e77590dcf752d54ead014\">\n.flex_column.av-lr70g-013c6311ba7e77590dcf752d54ead014{\nborder-radius:0px 0px 0px 0px;\npadding:0px 0px 0px 0px;\n}\n<\/style>\n<div  class='flex_column av-lr70g-013c6311ba7e77590dcf752d54ead014 av_one_fifth  avia-builder-el-4  el_before_av_three_fifth  avia-builder-el-first  first flex_column_div av-zero-column-padding  '     ><\/div>\n<style type=\"text\/css\" data-created_by=\"avia_inline_auto\" id=\"style-css-av-cmj80-a2c9474a016b56d5731862fbc6d399db\">\n.flex_column.av-cmj80-a2c9474a016b56d5731862fbc6d399db{\nborder-radius:0px 0px 0px 0px;\npadding:0px 0px 0px 0px;\n}\n<\/style>\n<div  class='flex_column av-cmj80-a2c9474a016b56d5731862fbc6d399db av_three_fifth  avia-builder-el-5  el_after_av_one_fifth  avia-builder-el-last  flex_column_div av-zero-column-padding  '     ><div  class='avia-button-wrap avia-button-center  avia-builder-el-6  avia-builder-el-no-sibling '>\n<style type=\"text\/css\" data-created_by=\"avia_inline_auto\" id=\"style-css-av-b48qw-57b46a0b0ee3f4966f53aaf4e91b770d\">\n#top #wrap_all .avia-button.av-b48qw-57b46a0b0ee3f4966f53aaf4e91b770d{\ncolor:#ffffff;\ntransition:all 0.4s ease-in-out;\n}\n#top #wrap_all .avia-button.av-b48qw-57b46a0b0ee3f4966f53aaf4e91b770d:hover{\ncolor:#ffffff;\ntransition:all 0.4s ease-in-out;\n}\n<\/style>\n<a href='https:\/\/www.monteure-auf-zeit.de\/home\/kontakt\/' class='avia-color-theme-color avia-button avia-button-fullwidth av-b48qw-57b46a0b0ee3f4966f53aaf4e91b770d avia-icon_select-yes-left-icon avia-color-theme-color'   aria-label=\"Hier geht\u2019s zum ersten Kontakt!\"><span class='avia_button_icon avia_button_icon_left' aria-hidden='true' data-av_icon='\ue80b' data-av_iconfont='entypo-fontello'><\/span><span class='avia_iconbox_title' >Hier geht\u2019s zum ersten Kontakt!<\/span><span class='avia_button_background avia-button avia-button-fullwidth avia-color-theme-color-highlight'><\/span><\/a><\/div><\/div>\n<\/div><\/div><\/div><!-- close content main div --><\/div><\/div><\/div><div id='after_section_2'  class='main_color av_default_container_wrap container_wrap sidebar_right'  ><div class='container av-section-cont-open' ><div class='template-page content  av-content-small alpha units'><div class='post-entry post-entry-type-page post-entry-736'><div class='entry-content-wrapper clearfix'><\/p>\n","protected":false},"excerpt":{"rendered":"","protected":false},"author":1,"featured_media":0,"parent":0,"menu_order":0,"comment_status":"closed","ping_status":"closed","template":"","meta":{"footnotes":""},"class_list":["post-736","page","type-page","status-publish","hentry"],"yoast_head":"<!-- This site is optimized with the Yoast SEO plugin v27.1.1 - https:\/\/yoast.com\/product\/yoast-seo-wordpress\/ -->\n<title>Monteure | Erfahrene Monteure | kurzfristig einsatzbereit<\/title>\n<meta name=\"description\" content=\"Monteure Montageteams f\u00fcr Metall-, Fassaden- und Paneelbau sowie K\u00fchlraumbau \u2013 \u2713erfahren \u2713pr\u00e4zise \u2713bundesweit kurzfristig einsatzbereit.\" \/>\n<meta name=\"robots\" content=\"index, follow, max-snippet:-1, max-image-preview:large, max-video-preview:-1\" \/>\n<link rel=\"canonical\" href=\"https:\/\/www.monteure-auf-zeit.de\/home\/monteure\/\" \/>\n<meta property=\"og:locale\" content=\"de_DE\" \/>\n<meta property=\"og:type\" content=\"article\" \/>\n<meta property=\"og:title\" content=\"Monteure | Erfahrene Monteure | kurzfristig einsatzbereit\" \/>\n<meta property=\"og:description\" content=\"Monteure Montageteams f\u00fcr Metall-, Fassaden- und Paneelbau sowie K\u00fchlraumbau \u2013 \u2713erfahren \u2713pr\u00e4zise \u2713bundesweit kurzfristig einsatzbereit.\" \/>\n<meta property=\"og:url\" content=\"https:\/\/www.monteure-auf-zeit.de\/home\/monteure\/\" \/>\n<meta property=\"og:site_name\" content=\"Pientka Monteure auf Zeit\" \/>\n<meta property=\"article:modified_time\" content=\"2026-03-12T06:32:20+00:00\" \/>\n<meta name=\"twitter:card\" content=\"summary_large_image\" \/>\n<meta name=\"twitter:label1\" content=\"Gesch\u00e4tzte Lesezeit\" \/>\n\t<meta name=\"twitter:data1\" content=\"9\u00a0Minuten\" \/>\n<script type=\"application\/ld+json\" class=\"yoast-schema-graph\">{\"@context\":\"https:\/\/schema.org\",\"@graph\":[{\"@type\":\"WebPage\",\"@id\":\"https:\/\/www.monteure-auf-zeit.de\/home\/monteure\/\",\"url\":\"https:\/\/www.monteure-auf-zeit.de\/home\/monteure\/\",\"name\":\"Monteure | Erfahrene Monteure | kurzfristig einsatzbereit\",\"isPartOf\":{\"@id\":\"https:\/\/www.monteure-auf-zeit.de\/home\/#website\"},\"datePublished\":\"2026-03-03T07:12:28+00:00\",\"dateModified\":\"2026-03-12T06:32:20+00:00\",\"description\":\"Monteure Montageteams f\u00fcr Metall-, Fassaden- und Paneelbau sowie K\u00fchlraumbau \u2013 \u2713erfahren \u2713pr\u00e4zise \u2713bundesweit kurzfristig einsatzbereit.\",\"breadcrumb\":{\"@id\":\"https:\/\/www.monteure-auf-zeit.de\/home\/monteure\/#breadcrumb\"},\"inLanguage\":\"de\",\"potentialAction\":[{\"@type\":\"ReadAction\",\"target\":[\"https:\/\/www.monteure-auf-zeit.de\/home\/monteure\/\"]}]},{\"@type\":\"BreadcrumbList\",\"@id\":\"https:\/\/www.monteure-auf-zeit.de\/home\/monteure\/#breadcrumb\",\"itemListElement\":[{\"@type\":\"ListItem\",\"position\":1,\"name\":\"Start\",\"item\":\"https:\/\/www.monteure-auf-zeit.de\/home\/home\/\"},{\"@type\":\"ListItem\",\"position\":2,\"name\":\"Monteure\"}]},{\"@type\":\"WebSite\",\"@id\":\"https:\/\/www.monteure-auf-zeit.de\/home\/#website\",\"url\":\"https:\/\/www.monteure-auf-zeit.de\/home\/\",\"name\":\"Pientka Monteure auf Zeit\",\"description\":\"Erfahrene Monteure deutschlandweit kurzfristig einsatzbereit\",\"publisher\":{\"@id\":\"https:\/\/www.monteure-auf-zeit.de\/home\/#organization\"},\"potentialAction\":[{\"@type\":\"SearchAction\",\"target\":{\"@type\":\"EntryPoint\",\"urlTemplate\":\"https:\/\/www.monteure-auf-zeit.de\/home\/?s={search_term_string}\"},\"query-input\":{\"@type\":\"PropertyValueSpecification\",\"valueRequired\":true,\"valueName\":\"search_term_string\"}}],\"inLanguage\":\"de\"},{\"@type\":\"Organization\",\"@id\":\"https:\/\/www.monteure-auf-zeit.de\/home\/#organization\",\"name\":\"Pientka Monteure auf Zeit\",\"url\":\"https:\/\/www.monteure-auf-zeit.de\/home\/\",\"logo\":{\"@type\":\"ImageObject\",\"inLanguage\":\"de\",\"@id\":\"https:\/\/www.monteure-auf-zeit.de\/home\/#\/schema\/logo\/image\/\",\"url\":\"https:\/\/www.monteure-auf-zeit.de\/home\/wp-content\/uploads\/2022\/03\/logo_zeit_abstand.png\",\"contentUrl\":\"https:\/\/www.monteure-auf-zeit.de\/home\/wp-content\/uploads\/2022\/03\/logo_zeit_abstand.png\",\"width\":703,\"height\":674,\"caption\":\"Pientka Monteure auf Zeit\"},\"image\":{\"@id\":\"https:\/\/www.monteure-auf-zeit.de\/home\/#\/schema\/logo\/image\/\"}}]}<\/script>\n<!-- \/ Yoast SEO plugin. -->","yoast_head_json":{"title":"Monteure | Erfahrene Monteure | kurzfristig einsatzbereit","description":"Monteure Montageteams f\u00fcr Metall-, Fassaden- und Paneelbau sowie K\u00fchlraumbau \u2013 \u2713erfahren \u2713pr\u00e4zise \u2713bundesweit kurzfristig einsatzbereit.","robots":{"index":"index","follow":"follow","max-snippet":"max-snippet:-1","max-image-preview":"max-image-preview:large","max-video-preview":"max-video-preview:-1"},"canonical":"https:\/\/www.monteure-auf-zeit.de\/home\/monteure\/","og_locale":"de_DE","og_type":"article","og_title":"Monteure | Erfahrene Monteure | kurzfristig einsatzbereit","og_description":"Monteure Montageteams f\u00fcr Metall-, Fassaden- und Paneelbau sowie K\u00fchlraumbau \u2013 \u2713erfahren \u2713pr\u00e4zise \u2713bundesweit kurzfristig einsatzbereit.","og_url":"https:\/\/www.monteure-auf-zeit.de\/home\/monteure\/","og_site_name":"Pientka Monteure auf Zeit","article_modified_time":"2026-03-12T06:32:20+00:00","twitter_card":"summary_large_image","twitter_misc":{"Gesch\u00e4tzte Lesezeit":"9\u00a0Minuten"},"schema":{"@context":"https:\/\/schema.org","@graph":[{"@type":"WebPage","@id":"https:\/\/www.monteure-auf-zeit.de\/home\/monteure\/","url":"https:\/\/www.monteure-auf-zeit.de\/home\/monteure\/","name":"Monteure | Erfahrene Monteure | kurzfristig einsatzbereit","isPartOf":{"@id":"https:\/\/www.monteure-auf-zeit.de\/home\/#website"},"datePublished":"2026-03-03T07:12:28+00:00","dateModified":"2026-03-12T06:32:20+00:00","description":"Monteure Montageteams f\u00fcr Metall-, Fassaden- und Paneelbau sowie K\u00fchlraumbau \u2013 \u2713erfahren \u2713pr\u00e4zise \u2713bundesweit kurzfristig einsatzbereit.","breadcrumb":{"@id":"https:\/\/www.monteure-auf-zeit.de\/home\/monteure\/#breadcrumb"},"inLanguage":"de","potentialAction":[{"@type":"ReadAction","target":["https:\/\/www.monteure-auf-zeit.de\/home\/monteure\/"]}]},{"@type":"BreadcrumbList","@id":"https:\/\/www.monteure-auf-zeit.de\/home\/monteure\/#breadcrumb","itemListElement":[{"@type":"ListItem","position":1,"name":"Start","item":"https:\/\/www.monteure-auf-zeit.de\/home\/home\/"},{"@type":"ListItem","position":2,"name":"Monteure"}]},{"@type":"WebSite","@id":"https:\/\/www.monteure-auf-zeit.de\/home\/#website","url":"https:\/\/www.monteure-auf-zeit.de\/home\/","name":"Pientka Monteure auf Zeit","description":"Erfahrene Monteure deutschlandweit kurzfristig einsatzbereit","publisher":{"@id":"https:\/\/www.monteure-auf-zeit.de\/home\/#organization"},"potentialAction":[{"@type":"SearchAction","target":{"@type":"EntryPoint","urlTemplate":"https:\/\/www.monteure-auf-zeit.de\/home\/?s={search_term_string}"},"query-input":{"@type":"PropertyValueSpecification","valueRequired":true,"valueName":"search_term_string"}}],"inLanguage":"de"},{"@type":"Organization","@id":"https:\/\/www.monteure-auf-zeit.de\/home\/#organization","name":"Pientka Monteure auf Zeit","url":"https:\/\/www.monteure-auf-zeit.de\/home\/","logo":{"@type":"ImageObject","inLanguage":"de","@id":"https:\/\/www.monteure-auf-zeit.de\/home\/#\/schema\/logo\/image\/","url":"https:\/\/www.monteure-auf-zeit.de\/home\/wp-content\/uploads\/2022\/03\/logo_zeit_abstand.png","contentUrl":"https:\/\/www.monteure-auf-zeit.de\/home\/wp-content\/uploads\/2022\/03\/logo_zeit_abstand.png","width":703,"height":674,"caption":"Pientka Monteure auf Zeit"},"image":{"@id":"https:\/\/www.monteure-auf-zeit.de\/home\/#\/schema\/logo\/image\/"}}]}},"_links":{"self":[{"href":"https:\/\/www.monteure-auf-zeit.de\/home\/wp-json\/wp\/v2\/pages\/736","targetHints":{"allow":["GET"]}}],"collection":[{"href":"https:\/\/www.monteure-auf-zeit.de\/home\/wp-json\/wp\/v2\/pages"}],"about":[{"href":"https:\/\/www.monteure-auf-zeit.de\/home\/wp-json\/wp\/v2\/types\/page"}],"author":[{"embeddable":true,"href":"https:\/\/www.monteure-auf-zeit.de\/home\/wp-json\/wp\/v2\/users\/1"}],"replies":[{"embeddable":true,"href":"https:\/\/www.monteure-auf-zeit.de\/home\/wp-json\/wp\/v2\/comments?post=736"}],"version-history":[{"count":4,"href":"https:\/\/www.monteure-auf-zeit.de\/home\/wp-json\/wp\/v2\/pages\/736\/revisions"}],"predecessor-version":[{"id":1124,"href":"https:\/\/www.monteure-auf-zeit.de\/home\/wp-json\/wp\/v2\/pages\/736\/revisions\/1124"}],"wp:attachment":[{"href":"https:\/\/www.monteure-auf-zeit.de\/home\/wp-json\/wp\/v2\/media?parent=736"}],"curies":[{"name":"wp","href":"https:\/\/api.w.org\/{rel}","templated":true}]}}