{"id":1076,"date":"2026-03-12T05:35:06","date_gmt":"2026-03-12T05:35:06","guid":{"rendered":"https:\/\/www.monteure-auf-zeit.de\/home\/?page_id=1076"},"modified":"2026-03-12T05:35:16","modified_gmt":"2026-03-12T05:35:16","slug":"qualtitaetsmanagement","status":"publish","type":"page","link":"https:\/\/www.monteure-auf-zeit.de\/home\/qualtitaetsmanagement\/","title":{"rendered":"Qualtit\u00e4tsmanagement"},"content":{"rendered":"\n<style type=\"text\/css\" data-created_by=\"avia_inline_auto\" id=\"style-css-av-kq97sg2w-b6462edf29b48c5dd9d86f96b98dccc1\">\n.avia-section.av-kq97sg2w-b6462edf29b48c5dd9d86f96b98dccc1 .av-parallax .av-parallax-inner{\nbackground-repeat:no-repeat;\nbackground-image:url(https:\/\/www.monteure-auf-zeit.de\/home\/wp-content\/uploads\/2022\/03\/AdobeStock_43086186.jpeg);\nbackground-position:0% 50%;\nbackground-attachment:scroll;\n}\n.avia-section.av-kq97sg2w-b6462edf29b48c5dd9d86f96b98dccc1 .av-section-color-overlay{\nopacity:0.3;\nbackground-color:#000000;\n}\n<\/style>\n<div id='av_section_1'  class='avia-section av-kq97sg2w-b6462edf29b48c5dd9d86f96b98dccc1 main_color avia-section-default avia-no-border-styling  avia-builder-el-0  el_before_av_section  avia-builder-el-first  av-small-hide av-mini-hide avia-full-stretch av-parallax-section avia-bg-style-parallax av-section-color-overlay-active container_wrap sidebar_right'  data-section-bg-repeat='stretch'><div class='av-parallax' data-avia-parallax-ratio='0.3' ><div class='av-parallax-inner main_color avia-full-stretch'><\/div><\/div><div class=\"av-section-color-overlay-wrap\"><div class=\"av-section-color-overlay\"><\/div><div class='container av-section-cont-open' ><main  role=\"main\" itemprop=\"mainContentOfPage\"  class='template-page content  av-content-small alpha units'><div class='post-entry post-entry-type-page post-entry-1076'><div class='entry-content-wrapper clearfix'>\n\n<style type=\"text\/css\" data-created_by=\"avia_inline_auto\" id=\"style-css-av-yzkv-4ec3255e68bf8b209ee455309907ddcb\">\n.flex_column.av-yzkv-4ec3255e68bf8b209ee455309907ddcb{\nborder-radius:0px 0px 0px 0px;\npadding:0px 0px 0px 0px;\n}\n<\/style>\n<div  class='flex_column av-yzkv-4ec3255e68bf8b209ee455309907ddcb av_one_full  avia-builder-el-1  avia-builder-el-no-sibling  first flex_column_div av-animated-generic bottom-to-top av-zero-column-padding  '     ><p>\n<style type=\"text\/css\" data-created_by=\"avia_inline_auto\" id=\"style-css-av-kq9j5qe1-489f09e53b7b2f396ab5022b627cbfee\">\n#top .hr.hr-invisible.av-kq9j5qe1-489f09e53b7b2f396ab5022b627cbfee{\nheight:200px;\n}\n<\/style>\n<div  class='hr av-kq9j5qe1-489f09e53b7b2f396ab5022b627cbfee hr-invisible  avia-builder-el-2  el_before_av_textblock  avia-builder-el-first '><span class='hr-inner '><span class=\"hr-inner-style\"><\/span><\/span><\/div><br \/>\n\n<style type=\"text\/css\" data-created_by=\"avia_inline_auto\" id=\"style-css-av-kq9btvqk-101980edf5a004c88a7615584b28eee3\">\n#top .av_textblock_section.av-kq9btvqk-101980edf5a004c88a7615584b28eee3 .avia_textblock{\ncolor:#ffffff;\n}\n<\/style>\n<section  class='av_textblock_section av-kq9btvqk-101980edf5a004c88a7615584b28eee3 '   itemscope=\"itemscope\" itemtype=\"https:\/\/schema.org\/CreativeWork\" ><div class='avia_textblock av_inherit_color'  itemprop=\"text\" ><h1 style=\"font-size: 60px; text-align: left;\">Qualit\u00e4tsmanagement<\/h1>\n<\/div><\/section><\/p><\/div><\/div><\/div><\/main><!-- close content main element --><\/div><\/div><\/div><div id='av_section_2'  class='avia-section av-40sue-393616a27de3c6db2c11699fec0d28f4 main_color avia-section-default avia-no-border-styling  avia-builder-el-4  el_after_av_section  el_before_av_section  avia-bg-style-scroll container_wrap sidebar_right'  ><div class='container av-section-cont-open' ><div class='template-page content  av-content-small alpha units'><div class='post-entry post-entry-type-page post-entry-1076'><div class='entry-content-wrapper clearfix'>\n<div  class='flex_column av-av_one_fourth-a2cef933b0a555f25d1e39b22a8e9dae av_one_fourth  avia-builder-el-5  el_before_av_one_fourth  avia-builder-el-first  first flex_column_div  '     ><style type=\"text\/css\" data-created_by=\"avia_inline_auto\" id=\"style-css-av-mmn19t86-48c4fc93deb85dcee84bf0c3e1e78679\">\n.avia-image-container.av-mmn19t86-48c4fc93deb85dcee84bf0c3e1e78679 img.avia_image{\nbox-shadow:none;\n}\n.avia-image-container.av-mmn19t86-48c4fc93deb85dcee84bf0c3e1e78679 .av-image-caption-overlay-center{\ncolor:#ffffff;\n}\n<\/style>\n<div  class='avia-image-container av-mmn19t86-48c4fc93deb85dcee84bf0c3e1e78679 av-styling- avia-align-center  avia-builder-el-6  avia-builder-el-no-sibling '   itemprop=\"image\" itemscope=\"itemscope\" itemtype=\"https:\/\/schema.org\/ImageObject\" ><div class=\"avia-image-container-inner\"><div class=\"avia-image-overlay-wrap\"><img decoding=\"async\" fetchpriority=\"high\" class='wp-image-644 avia-img-lazy-loading-not-644 avia_image ' src=\"https:\/\/www.monteure-auf-zeit.de\/home\/wp-content\/uploads\/2022\/03\/zufriedenheit-2-300x192-1.png\" alt='' title='zufriedenheit-2-300x192'  height=\"192\" width=\"300\"  itemprop=\"thumbnailUrl\"  \/><\/div><\/div><\/div><\/div><div  class='flex_column av-av_one_fourth-538dd737667e19053994a94b9156413b av_one_fourth  avia-builder-el-7  el_after_av_one_fourth  el_before_av_one_fourth  flex_column_div  '     ><style type=\"text\/css\" data-created_by=\"avia_inline_auto\" id=\"style-css-av-mmn1a1fh-163e605a4ad4e06a88dc35808773cc3b\">\n.avia-image-container.av-mmn1a1fh-163e605a4ad4e06a88dc35808773cc3b img.avia_image{\nbox-shadow:none;\n}\n.avia-image-container.av-mmn1a1fh-163e605a4ad4e06a88dc35808773cc3b .av-image-caption-overlay-center{\ncolor:#ffffff;\n}\n<\/style>\n<div  class='avia-image-container av-mmn1a1fh-163e605a4ad4e06a88dc35808773cc3b av-styling- avia-align-center  avia-builder-el-8  avia-builder-el-no-sibling '   itemprop=\"image\" itemscope=\"itemscope\" itemtype=\"https:\/\/schema.org\/ImageObject\" ><div class=\"avia-image-container-inner\"><div class=\"avia-image-overlay-wrap\"><img decoding=\"async\" fetchpriority=\"high\" class='wp-image-643 avia-img-lazy-loading-not-643 avia_image ' src=\"https:\/\/www.monteure-auf-zeit.de\/home\/wp-content\/uploads\/2022\/03\/Sicherheit-1-300x192-1.png\" alt='' title='Sicherheit-1-300x192'  height=\"192\" width=\"300\"  itemprop=\"thumbnailUrl\"  \/><\/div><\/div><\/div><\/div><div  class='flex_column av-av_one_fourth-538dd737667e19053994a94b9156413b av_one_fourth  avia-builder-el-9  el_after_av_one_fourth  el_before_av_one_fourth  flex_column_div  '     ><style type=\"text\/css\" data-created_by=\"avia_inline_auto\" id=\"style-css-av-mmn1a6qh-2e9a06e8fe13275452601dfbb8391477\">\n.avia-image-container.av-mmn1a6qh-2e9a06e8fe13275452601dfbb8391477 img.avia_image{\nbox-shadow:none;\n}\n.avia-image-container.av-mmn1a6qh-2e9a06e8fe13275452601dfbb8391477 .av-image-caption-overlay-center{\ncolor:#ffffff;\n}\n<\/style>\n<div  class='avia-image-container av-mmn1a6qh-2e9a06e8fe13275452601dfbb8391477 av-styling- avia-align-center  avia-builder-el-10  avia-builder-el-no-sibling '   itemprop=\"image\" itemscope=\"itemscope\" itemtype=\"https:\/\/schema.org\/ImageObject\" ><div class=\"avia-image-container-inner\"><div class=\"avia-image-overlay-wrap\"><img decoding=\"async\" fetchpriority=\"high\" class='wp-image-642 avia-img-lazy-loading-not-642 avia_image ' src=\"https:\/\/www.monteure-auf-zeit.de\/home\/wp-content\/uploads\/2022\/03\/beho\u0308rden-2-300x192-1.png\" alt='' title='beho\u0308rden-2-300x192'  height=\"192\" width=\"300\"  itemprop=\"thumbnailUrl\"  \/><\/div><\/div><\/div><\/div><div  class='flex_column av-av_one_fourth-538dd737667e19053994a94b9156413b av_one_fourth  avia-builder-el-11  el_after_av_one_fourth  el_before_av_one_full  flex_column_div  '     ><style type=\"text\/css\" data-created_by=\"avia_inline_auto\" id=\"style-css-av-mmn1abmv-b87bf3e0ef9a8b9d3f75bb789b814afb\">\n.avia-image-container.av-mmn1abmv-b87bf3e0ef9a8b9d3f75bb789b814afb img.avia_image{\nbox-shadow:none;\n}\n.avia-image-container.av-mmn1abmv-b87bf3e0ef9a8b9d3f75bb789b814afb .av-image-caption-overlay-center{\ncolor:#ffffff;\n}\n<\/style>\n<div  class='avia-image-container av-mmn1abmv-b87bf3e0ef9a8b9d3f75bb789b814afb av-styling- avia-align-center  avia-builder-el-12  avia-builder-el-no-sibling '   itemprop=\"image\" itemscope=\"itemscope\" itemtype=\"https:\/\/schema.org\/ImageObject\" ><div class=\"avia-image-container-inner\"><div class=\"avia-image-overlay-wrap\"><img decoding=\"async\" fetchpriority=\"high\" class='wp-image-641 avia-img-lazy-loading-not-641 avia_image ' src=\"https:\/\/www.monteure-auf-zeit.de\/home\/wp-content\/uploads\/2022\/03\/ausfall-2-300x192-1.png\" alt='' title='ausfall-2-300x192'  height=\"192\" width=\"300\"  itemprop=\"thumbnailUrl\"  \/><\/div><\/div><\/div><\/div>\n<style type=\"text\/css\" data-created_by=\"avia_inline_auto\" id=\"style-css-av-35h7y-336ef1695e97740dc6fe7fcf81c9632b\">\n.flex_column.av-35h7y-336ef1695e97740dc6fe7fcf81c9632b{\nborder-radius:0px 0px 0px 0px;\npadding:0px 0px 0px 0px;\n}\n<\/style>\n<div  class='flex_column av-35h7y-336ef1695e97740dc6fe7fcf81c9632b av_one_full  avia-builder-el-13  el_after_av_one_fourth  avia-builder-el-last  first flex_column_div av-animated-generic bottom-to-top av-zero-column-padding  column-top-margin'     ><section  class='av_textblock_section av-mmn0wvrn-df64dd5adfca07c36486693c84fc9ec9 '   itemscope=\"itemscope\" itemtype=\"https:\/\/schema.org\/CreativeWork\" ><div class='avia_textblock'  itemprop=\"text\" ><p>Im industriellen Bauumfeld sind pr\u00e4zise Montagearbeiten, zuverl\u00e4ssige Abl\u00e4ufe und eine strukturierte Zusammenarbeit entscheidend f\u00fcr den Erfolg eines Bauprojekts. Die Pientka GmbH legt daher gro\u00dfen Wert auf ein konsequentes Qualit\u00e4tsmanagement, das s\u00e4mtliche Bereiche unserer Montagearbeiten begleitet. Ziel ist es, Bauunternehmen und Projektverantwortlichen eine verl\u00e4ssliche Unterst\u00fctzung bei technisch anspruchsvollen Bauprojekten zu bieten.<\/p>\n<p>Unsere Montageteams arbeiten auf Grundlage technischer Zeichnungen, Montagepl\u00e4ne und projektspezifischer Vorgaben. Eine sorgf\u00e4ltige Vorbereitung der Eins\u00e4tze sowie eine klare Abstimmung innerhalb der Teams tragen dazu bei, dass Montagearbeiten strukturiert und nachvollziehbar umgesetzt werden k\u00f6nnen.<\/p>\n<h2>Erfahrene Montageteams<\/h2>\n<p>Ein wichtiger Bestandteil unseres Qualit\u00e4tsmanagements ist der Einsatz erfahrener Montageteams. Unsere Monteure verf\u00fcgen \u00fcber umfangreiche Erfahrung im Industrie-, Hallen- und Anlagenbau und sind mit den Anforderungen moderner Baustellen vertraut. Durch diese Erfahrung k\u00f6nnen Montagearbeiten auch unter anspruchsvollen Bedingungen zuverl\u00e4ssig umgesetzt werden.<\/p>\n<p>Unsere Teams arbeiten grunds\u00e4tzlich in eingespielten Gruppen von mindestens zwei erfahrenen Monteuren. Diese Teamstruktur erm\u00f6glicht eine koordinierte Arbeitsweise, unterst\u00fctzt sichere Arbeitsabl\u00e4ufe und sorgt f\u00fcr eine effiziente Umsetzung der jeweiligen Montageaufgaben.<\/p>\n<h2>Arbeiten nach technischen Vorgaben<\/h2>\n<p>Alle Montagearbeiten erfolgen auf Grundlage der technischen Planung des jeweiligen Bauprojekts. Dazu geh\u00f6ren unter anderem Montagepl\u00e4ne, Konstruktionszeichnungen sowie projektspezifische Vorgaben der Bauleitung oder des Auftraggebers.<\/p>\n<p>Unsere Montageteams setzen diese Vorgaben sorgf\u00e4ltig um und orientieren sich dabei an den jeweiligen Anforderungen des Projekts. Eine pr\u00e4zise Ausrichtung der Bauteile, eine saubere Ausf\u00fchrung von Anschlussdetails sowie eine strukturierte Vorgehensweise sind dabei wesentliche Bestandteile unserer Arbeitsweise.<\/p>\n<h2>Koordination auf der Baustelle<\/h2>\n<p>Industrie- und Bauprojekte erfordern h\u00e4ufig eine enge Zusammenarbeit verschiedener Gewerke. Metallbauunternehmen, Hallenbauer, Anlagenbauer und weitere Projektbeteiligte arbeiten parallel auf der Baustelle. Eine strukturierte Abstimmung zwischen den einzelnen Gewerken ist daher entscheidend f\u00fcr einen reibungslosen Bauablauf.<\/p>\n<p>Unsere Montageteams integrieren sich in die bestehenden Baustellenstrukturen und arbeiten eng mit Bauleitung und Projektverantwortlichen zusammen. Dadurch k\u00f6nnen Montagearbeiten effizient in den jeweiligen Baufortschritt eingebunden werden.<\/p>\n<h2>Arbeitssicherheit und Baustellenstandards<\/h2>\n<p>Neben der Qualit\u00e4t der Montagearbeiten spielt auch die Einhaltung von Sicherheits- und Baustellenvorschriften eine zentrale Rolle. Unsere Monteure sind mit den Anforderungen industrieller Baustellen vertraut und arbeiten unter Ber\u00fccksichtigung der geltenden Sicherheitsrichtlinien.<\/p>\n<p>Dazu geh\u00f6ren unter anderem der sichere Umgang mit Montageequipment, die Nutzung pers\u00f6nlicher Schutzausr\u00fcstung sowie die Einhaltung der jeweiligen Baustellenvorgaben.<\/p>\n<h2>Kontinuierliche Weiterentwicklung<\/h2>\n<p>Qualit\u00e4t im Montagebereich bedeutet auch, Erfahrungen aus Projekten kontinuierlich weiterzuentwickeln. Durch die regelm\u00e4\u00dfige Zusammenarbeit mit Bauunternehmen, Metallbauunternehmen und Anlagenbauern sammeln unsere Montageteams wertvolle Projekterfahrung in unterschiedlichen industriellen Bauumgebungen.<\/p>\n<p>Diese Erfahrung flie\u00dft in die Weiterentwicklung unserer Arbeitsabl\u00e4ufe ein und tr\u00e4gt dazu bei, Montagearbeiten auch bei komplexen Industrieprojekten zuverl\u00e4ssig umzusetzen.<\/p>\n<h2>Verl\u00e4ssliche Unterst\u00fctzung f\u00fcr Bauprojekte<\/h2>\n<p>Das Qualit\u00e4tsmanagement der Pientka GmbH basiert auf Erfahrung, strukturierter Arbeitsweise und eingespielten Montageteams. Durch diese Kombination k\u00f6nnen wir Bauunternehmen bei der Umsetzung ihrer Projekte zuverl\u00e4ssig unterst\u00fctzen.<\/p>\n<p>Unser Anspruch ist es, Montagearbeiten im Industrie- und Anlagenbau mit hoher Sorgfalt, klarer Abstimmung und einer zuverl\u00e4ssigen Teamstruktur umzusetzen.<\/p>\n<\/div><\/section><\/div><\/div><\/div><\/div><!-- close content main div --><\/div><\/div>\n<style type=\"text\/css\" data-created_by=\"avia_inline_auto\" id=\"style-css-av-s5a7-3deb023f92cd594d2e2bef2ca693179d\">\n.avia-section.av-s5a7-3deb023f92cd594d2e2bef2ca693179d .av-parallax .av-parallax-inner{\nbackground-repeat:no-repeat;\nbackground-image:url(https:\/\/www.monteure-auf-zeit.de\/home\/wp-content\/uploads\/2022\/03\/AdobeStock_43086186.jpeg);\nbackground-position:50% 50%;\nbackground-attachment:scroll;\n}\n.avia-section.av-s5a7-3deb023f92cd594d2e2bef2ca693179d .av-section-color-overlay{\nopacity:0.5;\nbackground-color:#000000;\n}\n<\/style>\n<div id='av_section_3'  class='avia-section av-s5a7-3deb023f92cd594d2e2bef2ca693179d main_color avia-section-default avia-no-border-styling  avia-builder-el-15  el_after_av_section  avia-builder-el-last  avia-full-stretch av-parallax-section avia-bg-style-parallax av-section-color-overlay-active av-minimum-height av-minimum-height-50 av-height-50  container_wrap sidebar_right'  data-section-bg-repeat='stretch' data-av_minimum_height_pc='50' data-av_min_height_opt='50'><div class='av-parallax' data-avia-parallax-ratio='0.3' ><div class='av-parallax-inner main_color avia-full-stretch'><\/div><\/div><div class=\"av-section-color-overlay-wrap\"><div class=\"av-section-color-overlay\"><\/div><div class='container av-section-cont-open' ><div class='template-page content  av-content-small alpha units'><div class='post-entry post-entry-type-page post-entry-1076'><div class='entry-content-wrapper clearfix'>\n\n<style type=\"text\/css\" data-created_by=\"avia_inline_auto\" id=\"style-css-av-1mwuf-55e482cfb622f82411c0434d13d9a75f\">\n.flex_column.av-1mwuf-55e482cfb622f82411c0434d13d9a75f{\nborder-radius:0px 0px 0px 0px;\npadding:0px 0px 0px 0px;\n}\n<\/style>\n<div  class='flex_column av-1mwuf-55e482cfb622f82411c0434d13d9a75f av_one_fourth  avia-builder-el-16  el_before_av_one_half  avia-builder-el-first  first flex_column_div av-zero-column-padding  '     ><\/div>\n<style type=\"text\/css\" data-created_by=\"avia_inline_auto\" id=\"style-css-av-1mwuf-7-c935c94571cbf6dc9f4ca6953863257e\">\n.flex_column.av-1mwuf-7-c935c94571cbf6dc9f4ca6953863257e{\nborder-radius:0px 0px 0px 0px;\npadding:0px 0px 0px 0px;\n}\n<\/style>\n<div  class='flex_column av-1mwuf-7-c935c94571cbf6dc9f4ca6953863257e av_one_half  avia-builder-el-17  el_after_av_one_fourth  avia-builder-el-last  flex_column_div av-animated-generic bottom-to-top av-zero-column-padding  '     ><div  class='avia-button-wrap avia-button-center  avia-builder-el-18  avia-builder-el-no-sibling '>\n<style type=\"text\/css\" data-created_by=\"avia_inline_auto\" id=\"style-css-av-kq9g73mb-3b191e19d5aa23e78653f57c7bc5deb1\">\n#top #wrap_all .avia-button.av-kq9g73mb-3b191e19d5aa23e78653f57c7bc5deb1{\ncolor:#ffffff;\ntransition:all 0.4s ease-in-out;\n}\n#top #wrap_all .avia-button.av-kq9g73mb-3b191e19d5aa23e78653f57c7bc5deb1:hover{\ncolor:#ffffff;\ntransition:all 0.4s ease-in-out;\n}\n<\/style>\n<a href='https:\/\/www.monteure-auf-zeit.de\/home\/kontakt\/' class='avia-color-theme-color avia-button avia-button-fullwidth av-kq9g73mb-3b191e19d5aa23e78653f57c7bc5deb1 avia-icon_select-yes-left-icon avia-color-theme-color'   aria-label=\"Hier geht\u2019s zum ersten Kontakt!\"><span class='avia_button_icon avia_button_icon_left' aria-hidden='true' data-av_icon='\ue80b' data-av_iconfont='entypo-fontello'><\/span><span class='avia_iconbox_title' >Hier geht\u2019s zum ersten Kontakt!<\/span><span class='avia_button_background avia-button avia-button-fullwidth avia-color-theme-color-highlight'><\/span><\/a><\/div><\/div>\n<\/div><\/div><\/div><!-- close content main div --><\/div><\/div><\/div><div id='after_section_3'  class='main_color av_default_container_wrap container_wrap sidebar_right'  ><div class='container av-section-cont-open' ><div class='template-page content  av-content-small alpha units'><div class='post-entry post-entry-type-page post-entry-1076'><div class='entry-content-wrapper clearfix'><\/p>\n","protected":false},"excerpt":{"rendered":"","protected":false},"author":1,"featured_media":0,"parent":0,"menu_order":0,"comment_status":"closed","ping_status":"closed","template":"","meta":{"footnotes":""},"class_list":["post-1076","page","type-page","status-publish","hentry"],"yoast_head":"<!-- This site is optimized with the Yoast SEO plugin v27.1.1 - https:\/\/yoast.com\/product\/yoast-seo-wordpress\/ -->\n<title>Qualtit\u00e4tsmanagement | Erfahrene Monteure | kurzfristig einsatzbereit<\/title>\n<meta name=\"description\" content=\"Qualtit\u00e4tsmanagement Montageteams f\u00fcr Metall-, Fassaden- und Paneelbau sowie K\u00fchlraumbau \u2013 \u2713erfahren \u2713pr\u00e4zise \u2713bundesweit kurzfristig einsatzbereit.\" \/>\n<meta name=\"robots\" content=\"index, follow, max-snippet:-1, max-image-preview:large, max-video-preview:-1\" \/>\n<link rel=\"canonical\" href=\"https:\/\/www.monteure-auf-zeit.de\/home\/qualtitaetsmanagement\/\" \/>\n<meta property=\"og:locale\" content=\"de_DE\" \/>\n<meta property=\"og:type\" content=\"article\" \/>\n<meta property=\"og:title\" content=\"Qualtit\u00e4tsmanagement | Erfahrene Monteure | kurzfristig einsatzbereit\" \/>\n<meta property=\"og:description\" content=\"Qualtit\u00e4tsmanagement Montageteams f\u00fcr Metall-, Fassaden- und Paneelbau sowie K\u00fchlraumbau \u2013 \u2713erfahren \u2713pr\u00e4zise \u2713bundesweit kurzfristig einsatzbereit.\" \/>\n<meta property=\"og:url\" content=\"https:\/\/www.monteure-auf-zeit.de\/home\/qualtitaetsmanagement\/\" \/>\n<meta property=\"og:site_name\" content=\"Pientka Monteure auf Zeit\" \/>\n<meta property=\"article:modified_time\" content=\"2026-03-12T05:35:16+00:00\" \/>\n<meta name=\"twitter:card\" content=\"summary_large_image\" \/>\n<meta name=\"twitter:label1\" content=\"Gesch\u00e4tzte Lesezeit\" \/>\n\t<meta name=\"twitter:data1\" content=\"27\u00a0Minuten\" \/>\n<script type=\"application\/ld+json\" class=\"yoast-schema-graph\">{\"@context\":\"https:\/\/schema.org\",\"@graph\":[{\"@type\":\"WebPage\",\"@id\":\"https:\/\/www.monteure-auf-zeit.de\/home\/qualtitaetsmanagement\/\",\"url\":\"https:\/\/www.monteure-auf-zeit.de\/home\/qualtitaetsmanagement\/\",\"name\":\"Qualtit\u00e4tsmanagement | Erfahrene Monteure | kurzfristig einsatzbereit\",\"isPartOf\":{\"@id\":\"https:\/\/www.monteure-auf-zeit.de\/home\/#website\"},\"datePublished\":\"2026-03-12T05:35:06+00:00\",\"dateModified\":\"2026-03-12T05:35:16+00:00\",\"description\":\"Qualtit\u00e4tsmanagement Montageteams f\u00fcr Metall-, Fassaden- und Paneelbau sowie K\u00fchlraumbau \u2013 \u2713erfahren \u2713pr\u00e4zise \u2713bundesweit kurzfristig einsatzbereit.\",\"breadcrumb\":{\"@id\":\"https:\/\/www.monteure-auf-zeit.de\/home\/qualtitaetsmanagement\/#breadcrumb\"},\"inLanguage\":\"de\",\"potentialAction\":[{\"@type\":\"ReadAction\",\"target\":[\"https:\/\/www.monteure-auf-zeit.de\/home\/qualtitaetsmanagement\/\"]}]},{\"@type\":\"BreadcrumbList\",\"@id\":\"https:\/\/www.monteure-auf-zeit.de\/home\/qualtitaetsmanagement\/#breadcrumb\",\"itemListElement\":[{\"@type\":\"ListItem\",\"position\":1,\"name\":\"Start\",\"item\":\"https:\/\/www.monteure-auf-zeit.de\/home\/home\/\"},{\"@type\":\"ListItem\",\"position\":2,\"name\":\"Qualtit\u00e4tsmanagement\"}]},{\"@type\":\"WebSite\",\"@id\":\"https:\/\/www.monteure-auf-zeit.de\/home\/#website\",\"url\":\"https:\/\/www.monteure-auf-zeit.de\/home\/\",\"name\":\"Pientka Monteure auf Zeit\",\"description\":\"Erfahrene Monteure deutschlandweit kurzfristig einsatzbereit\",\"publisher\":{\"@id\":\"https:\/\/www.monteure-auf-zeit.de\/home\/#organization\"},\"potentialAction\":[{\"@type\":\"SearchAction\",\"target\":{\"@type\":\"EntryPoint\",\"urlTemplate\":\"https:\/\/www.monteure-auf-zeit.de\/home\/?s={search_term_string}\"},\"query-input\":{\"@type\":\"PropertyValueSpecification\",\"valueRequired\":true,\"valueName\":\"search_term_string\"}}],\"inLanguage\":\"de\"},{\"@type\":\"Organization\",\"@id\":\"https:\/\/www.monteure-auf-zeit.de\/home\/#organization\",\"name\":\"Pientka Monteure auf Zeit\",\"url\":\"https:\/\/www.monteure-auf-zeit.de\/home\/\",\"logo\":{\"@type\":\"ImageObject\",\"inLanguage\":\"de\",\"@id\":\"https:\/\/www.monteure-auf-zeit.de\/home\/#\/schema\/logo\/image\/\",\"url\":\"https:\/\/www.monteure-auf-zeit.de\/home\/wp-content\/uploads\/2022\/03\/logo_zeit_abstand.png\",\"contentUrl\":\"https:\/\/www.monteure-auf-zeit.de\/home\/wp-content\/uploads\/2022\/03\/logo_zeit_abstand.png\",\"width\":703,\"height\":674,\"caption\":\"Pientka Monteure auf Zeit\"},\"image\":{\"@id\":\"https:\/\/www.monteure-auf-zeit.de\/home\/#\/schema\/logo\/image\/\"}}]}<\/script>\n<!-- \/ Yoast SEO plugin. -->","yoast_head_json":{"title":"Qualtit\u00e4tsmanagement | Erfahrene Monteure | kurzfristig einsatzbereit","description":"Qualtit\u00e4tsmanagement Montageteams f\u00fcr Metall-, Fassaden- und Paneelbau sowie K\u00fchlraumbau \u2013 \u2713erfahren \u2713pr\u00e4zise \u2713bundesweit kurzfristig einsatzbereit.","robots":{"index":"index","follow":"follow","max-snippet":"max-snippet:-1","max-image-preview":"max-image-preview:large","max-video-preview":"max-video-preview:-1"},"canonical":"https:\/\/www.monteure-auf-zeit.de\/home\/qualtitaetsmanagement\/","og_locale":"de_DE","og_type":"article","og_title":"Qualtit\u00e4tsmanagement | Erfahrene Monteure | kurzfristig einsatzbereit","og_description":"Qualtit\u00e4tsmanagement Montageteams f\u00fcr Metall-, Fassaden- und Paneelbau sowie K\u00fchlraumbau \u2013 \u2713erfahren \u2713pr\u00e4zise \u2713bundesweit kurzfristig einsatzbereit.","og_url":"https:\/\/www.monteure-auf-zeit.de\/home\/qualtitaetsmanagement\/","og_site_name":"Pientka Monteure auf Zeit","article_modified_time":"2026-03-12T05:35:16+00:00","twitter_card":"summary_large_image","twitter_misc":{"Gesch\u00e4tzte Lesezeit":"27\u00a0Minuten"},"schema":{"@context":"https:\/\/schema.org","@graph":[{"@type":"WebPage","@id":"https:\/\/www.monteure-auf-zeit.de\/home\/qualtitaetsmanagement\/","url":"https:\/\/www.monteure-auf-zeit.de\/home\/qualtitaetsmanagement\/","name":"Qualtit\u00e4tsmanagement | Erfahrene Monteure | kurzfristig einsatzbereit","isPartOf":{"@id":"https:\/\/www.monteure-auf-zeit.de\/home\/#website"},"datePublished":"2026-03-12T05:35:06+00:00","dateModified":"2026-03-12T05:35:16+00:00","description":"Qualtit\u00e4tsmanagement Montageteams f\u00fcr Metall-, Fassaden- und Paneelbau sowie K\u00fchlraumbau \u2013 \u2713erfahren \u2713pr\u00e4zise \u2713bundesweit kurzfristig einsatzbereit.","breadcrumb":{"@id":"https:\/\/www.monteure-auf-zeit.de\/home\/qualtitaetsmanagement\/#breadcrumb"},"inLanguage":"de","potentialAction":[{"@type":"ReadAction","target":["https:\/\/www.monteure-auf-zeit.de\/home\/qualtitaetsmanagement\/"]}]},{"@type":"BreadcrumbList","@id":"https:\/\/www.monteure-auf-zeit.de\/home\/qualtitaetsmanagement\/#breadcrumb","itemListElement":[{"@type":"ListItem","position":1,"name":"Start","item":"https:\/\/www.monteure-auf-zeit.de\/home\/home\/"},{"@type":"ListItem","position":2,"name":"Qualtit\u00e4tsmanagement"}]},{"@type":"WebSite","@id":"https:\/\/www.monteure-auf-zeit.de\/home\/#website","url":"https:\/\/www.monteure-auf-zeit.de\/home\/","name":"Pientka Monteure auf Zeit","description":"Erfahrene Monteure deutschlandweit kurzfristig einsatzbereit","publisher":{"@id":"https:\/\/www.monteure-auf-zeit.de\/home\/#organization"},"potentialAction":[{"@type":"SearchAction","target":{"@type":"EntryPoint","urlTemplate":"https:\/\/www.monteure-auf-zeit.de\/home\/?s={search_term_string}"},"query-input":{"@type":"PropertyValueSpecification","valueRequired":true,"valueName":"search_term_string"}}],"inLanguage":"de"},{"@type":"Organization","@id":"https:\/\/www.monteure-auf-zeit.de\/home\/#organization","name":"Pientka Monteure auf Zeit","url":"https:\/\/www.monteure-auf-zeit.de\/home\/","logo":{"@type":"ImageObject","inLanguage":"de","@id":"https:\/\/www.monteure-auf-zeit.de\/home\/#\/schema\/logo\/image\/","url":"https:\/\/www.monteure-auf-zeit.de\/home\/wp-content\/uploads\/2022\/03\/logo_zeit_abstand.png","contentUrl":"https:\/\/www.monteure-auf-zeit.de\/home\/wp-content\/uploads\/2022\/03\/logo_zeit_abstand.png","width":703,"height":674,"caption":"Pientka Monteure auf Zeit"},"image":{"@id":"https:\/\/www.monteure-auf-zeit.de\/home\/#\/schema\/logo\/image\/"}}]}},"_links":{"self":[{"href":"https:\/\/www.monteure-auf-zeit.de\/home\/wp-json\/wp\/v2\/pages\/1076","targetHints":{"allow":["GET"]}}],"collection":[{"href":"https:\/\/www.monteure-auf-zeit.de\/home\/wp-json\/wp\/v2\/pages"}],"about":[{"href":"https:\/\/www.monteure-auf-zeit.de\/home\/wp-json\/wp\/v2\/types\/page"}],"author":[{"embeddable":true,"href":"https:\/\/www.monteure-auf-zeit.de\/home\/wp-json\/wp\/v2\/users\/1"}],"replies":[{"embeddable":true,"href":"https:\/\/www.monteure-auf-zeit.de\/home\/wp-json\/wp\/v2\/comments?post=1076"}],"version-history":[{"count":1,"href":"https:\/\/www.monteure-auf-zeit.de\/home\/wp-json\/wp\/v2\/pages\/1076\/revisions"}],"predecessor-version":[{"id":1077,"href":"https:\/\/www.monteure-auf-zeit.de\/home\/wp-json\/wp\/v2\/pages\/1076\/revisions\/1077"}],"wp:attachment":[{"href":"https:\/\/www.monteure-auf-zeit.de\/home\/wp-json\/wp\/v2\/media?parent=1076"}],"curies":[{"name":"wp","href":"https:\/\/api.w.org\/{rel}","templated":true}]}}